{"id":1174,"date":"2017-07-06T08:52:48","date_gmt":"2017-07-06T07:52:48","guid":{"rendered":"http:\/\/www.shoc.cz\/?page_id=1174"},"modified":"2019-04-12T14:46:45","modified_gmt":"2019-04-12T13:46:45","slug":"2017-2","status":"publish","type":"page","link":"https:\/\/www.shoc.cz\/?page_id=1174","title":{"rendered":"2017"},"content":{"rendered":"<h4>14. 1. 2017 &#8211; Posezen\u00ed Z\u00e1padu &#8211; \u201cHosp\u016fdka u L\u00edpy\u201d \u00dast\u00ed nad Labem<\/h4>\n<p>Tak n\u00e1m za\u010dal zase nov\u00fd rok. Venku je zima, dokonce n\u00e1m letos napadl i n\u011bjak\u00fd sn\u00edh. N\u00e1m v\u0161em se st\u00fdsk\u00e1 po vyj\u00ed\u017e\u010fk\u00e1ch, slun\u00ed\u010dku a v\u011btru ve vlasech. Tak si o tom zajdeme alespo\u0148 popov\u00eddat. Z\u00e1pa\u010f\u00e1ci n\u00e1s ji\u017e tradi\u010dn\u011b pozvali do \u00fatuln\u00e9 \u00fasteck\u00e9 \u201cHosp\u016fdky u l\u00edpy\u201d. Dobr\u00e9 j\u00eddlo, n\u011bco m\u00e1lo k zapit\u00ed a hlavn\u011b parta p\u0159\u00e1tel byla z\u00e1rukou dobr\u00e9 novoro\u010dn\u00ed z\u00e1bavy. P\u0159es v\u00e1no\u010dn\u00ed sv\u00e1tky jsme se dlouho nevid\u011bli a tak bylo co prob\u00edrat. Bohu\u017eel se n\u00e1m dva na\u0161i \u010dlenov\u00e9 , Dana a Zden\u011bk, museli omluvit ze z\u00e1va\u017en\u00fdch zdravotn\u00edch probl\u00e9m\u016f. P\u0159ejeme jim brzk\u00e9 uzdraven\u00ed. V\u017edy\u0165 by jim na jejich ma\u0161in\u00e1ch mohli vystydnout motory a to by byla velk\u00e1 \u0161koda. My ostatn\u00ed jsem si spole\u010dn\u00fd ve\u010der nav\u00fdsost u\u017eili. Po dlouh\u00e9m lo\u010den\u00ed se u\u017e v\u0161ichni t\u011b\u0161\u00edme na dal\u0161\u00ed setk\u00e1n\u00ed.<br \/>\n<a href=\"http:\/\/www.shoc.cz\/?page_id=1178&amp;album=zapad2017&amp;gallery=povanocni-posezeni-zapadu-2017\">FOTO<\/a><\/p>\n<h4>18. 2. 2017 &#8211; Posezen\u00ed Severu v Hronov\u011b<\/h4>\n<p>\u00danorov\u00e9 posezen\u00ed \u010dlen\u016f a p\u0159\u00edznivc\u016f SHOC maj\u00ed ji\u017e tradi\u010dn\u011b na starost motork\u00e1\u0159i ze Severu. Leto\u0161n\u00ed setk\u00e1n\u00ed se uskute\u010dnilo v Restauraci Radnice v Hronov\u011b. Asi d\u00edky vzd\u00e1lenosti, \u010di prob\u00edhaj\u00edc\u00ed plesov\u00e9 sez\u00f3n\u011b se tentokr\u00e1t se\u0161la jen komorn\u00ed sestava. Zima st\u00e1le prob\u00edh\u00e1, ale motork\u00e1\u0159i si maj\u00ed i te\u010f co pov\u00eddat. Prob\u00edraj\u00ed se nov\u00e9 \u00fapravy motorek, p\u0159\u00edpravy na sez\u00f3nu a pod. Sopt\u00edk m\u011bl narozeniny a tak se na stole objevilo i p\u00e1r skleni\u010dek pro lep\u0161\u00ed n\u00e1ladu. V\u0161ichni mus\u00edme pod\u011bkovat \u0160afimu a Mark\u00e9tce za skv\u011ble p\u0159ipravenou akci\u010dku. Poho\u0161t\u011bn\u00ed bylo skv\u011bl\u00e9, n\u00e1lada taky, tak co si v\u00edc p\u0159\u00e1t. V\u0161e potvrzuje koment\u00e1\u0159 kapit\u00e1na \u0160afiho, kter\u00fd pronesl: &#8220; U\u017e dlouho jsem se z hospody dom\u016f nevracel a\u017e ve 3 r\u00e1no&#8220;. Proto d\u00edky v\u0161em, co p\u0159ijeli.<\/p>\n<h4>18. 3. \u2013 19. 3. 2017 \u2013 Posezen\u00ed Litovel<\/h4>\n<p>Dal\u0161\u00edm setk\u00e1n\u00edm roku byla ji\u017e tradi\u010dn\u00ed moravsk\u00e1 j\u00edzda. Morav\u00e1ci si ji\u017e tradi\u010dn\u011b odm\u00edtaj\u00ed \u201cjen sednout a pokecat\u201d a tak i letos zajistily v\u0161em \u00fa\u010dastn\u00edk\u016fm tro\u0161ku toho pohybu. Po zim\u011b se ka\u017ed\u00e9mu hod\u00ed shodit n\u011bjak\u00e9 to kil\u010do do plavek (vlast\u011b na motorku). A tak n\u00e1s p\u0159iv\u00edtali v Litovelsk\u00e9 hosp\u016fdce Modr\u00e1 hv\u011bzda. Mimo skv\u011bl\u00e9ho j\u00eddla a pit\u00ed, jsme si zakoulely i ku\u017eelky. Tradi\u010dn\u00ed to z\u00e1bavu \u010desk\u00fdch a moravsk\u00fdch hosp\u016fdek let minul\u00fdch.<\/p>\n<h4>6. 5. \u2013 7. 5. 2017 &#8211; Pivn\u00ed biaton &#8211; Svojanov u Bouzova<\/h4>\n<p>A je to tlady. Zima skon\u010dila. po\u010das\u00ed je na n\u00e1s hodn\u00e9 a tak kone\u010dn\u011b m\u016f\u017eeme vyt\u00e1hnout na\u0161e Shadowky.<br \/>\nC\u00edl dne\u0161n\u00ed j\u00edzdy je zase Morava. Siki s cel\u00fdm anc\u00e1blem v\u00fdchodu zajistil celov\u00edkendovou ta\u0161ka\u0159ici.<br \/>\nPo tradi\u010dn\u00edm v\u00edt\u00e1n\u00ed jsem zase sedli na na\u0161e motokon\u011b a vyr\u00e1\u017e\u00edme sm\u011br Svojanovsk\u00e9 okol\u00ed. Na\u0161\u00edm prvn\u00edm c\u00edlem je n\u00e1v\u0161t\u011bva mistra um\u011bn\u00ed \u0159ezb\u00e1\u0159sk\u00e9ho. Destinace Ji\u0159\u00edkov u R\u00fdma\u0159ova &#8211; Prad\u011bdova galerie u Halouzk\u016f &#8211; <a href=\"http:\/\/www.pradedovagalerie.cz\">http:\/\/www.pradedovagalerie.cz<\/a>\u00a0Obdivujeme d\u00edlo \u010dlov\u011bka, kter\u00fd se dok\u00e1zal zapsat do \u010desk\u00e9 Guinessovy knihy\u00a0rekord\u016f. N\u00e1dhera. Ale n\u011bco n\u00e1m tu chyb\u00ed. \u017d\u00e1dnou d\u0159ev\u011bnou Shadowku jsme nena\u0161li. A tak se Pavel ujal m\u00edsta u\u010ditele a sna\u017eil se vysv\u011btlit mistrovi, jak m\u00e1 do p\u0159\u00ed\u0161t\u011b n\u011bjakou tu motorku vy\u0159ezat. Ur\u010dit\u011b se tu znovu zastav\u00edme a zkoukneme, co nov\u00e9ho tu jest. Mistrovi p\u0159ejeme hodn\u011b el\u00e1nu do dal\u0161\u00edho d\u00edla.<br \/>\nNased\u00e1me na motorka a pokra\u010dujeme v j\u00edzd\u011b. Dal\u0161\u00edm c\u00edlem je poh\u016f\u0159\u00ed N\u00edzk\u00e9ho Jesen\u00edku. Na jeho svaz\u00edch se nach\u00e1z\u00ed aboretum Ma\u010du Pik\u010du &#8211; www.arboretumpaseka.cz . Holky z klubu si p\u0159ece taky zaslou\u017e\u00ed n\u011bco hol\u010di\u010d\u00edho. A kter\u00e1 by odolala z\u00e1plav\u011b kv\u011btim. A to p\u0159esn\u011b zdej\u0161\u00ed svahy nab\u00edzej\u00ed. Vrac\u00edme se na na\u0161i moravskou z\u00e1kladnu. Odpoledn\u00ed program n\u00e1m ale moc oddychu nenab\u00edz\u00ed. Ve spolupr\u00e1ci s na\u0161\u00edm pravideln\u00fdm sponzorem &#8211; pivovar Litovel &#8211; je p\u0159ipraven pro \u00fa\u010dastn\u00edky z\u00e1jezdu sportovn\u00ed test zdatnosti. Pivn\u00ed biatlon &#8211; akce kterou po\u0159\u00e1d\u00e1 ji\u017e zm\u00edn\u011bn\u00fd pivovar pro sv\u00e9 p\u0159\u00edznivce &#8211; <a href=\"http:\/\/www.litovel.cz\">www.litovel.cz<\/a>.<br \/>\nOrigin\u00e1ln\u00ed program pivovaru Litovel, pln\u00fd z\u00e1bavy a zaj\u00edmav\u00fdch sportovn\u011b pivn\u00edch v\u00fdkon\u016f. Na ka\u017ed\u00e9ho z\u00fa\u010dastn\u011bn\u00e9ho akt\u00e9ra \u010dekala tra\u0165 se 4 \u010dty\u0159mi sout\u011b\u017en\u00edmi polo\u017ekami &#8211; 2 pivn\u00edmi a 2 st\u0159eleck\u00fdmi. Vyp\u00edt co nejrychleji pivo, st\u0159elba, chytnout pivn\u00ed t\u00e1cky ve vzduchu jednou rukou a op\u011bt st\u0159elba. Z\u00e1vodn\u00edci s nejlep\u0161\u00edm \u010dasem dostali d\u00e1rky, od pivovaru Litovel.<br \/>\nNejzdatn\u011bj\u0161\u00edm biatonistou se stal Franti\u0161ek, druh\u00fd Pavel Bo\u0161ek Bos\u00e1r a t\u0159et\u00ed M\u00e1rty. Dev\u010data si um\u00edst\u011bn\u00ed rozd\u011blila takto: Kl\u00ed\u0161t\u011b na prvn\u00edm m\u00edst\u011b, druh\u00e1 Yvona a za n\u00ed Rudanka. Ji\u017e jsem psal tren\u00e9rovi repre a na p\u0159\u00ed\u0161t\u00ed ro\u010dn\u00edk se p\u0159ijede kouknout, koho vezme v zim\u011b s sebou na sv\u011b\u0165\u00e1k. Ostatn\u00ed mus\u00ed holt tro\u0161ku zatr\u00e9novat.<br \/>\nA po sportu rehabilitace. A nejlep\u0161\u00edm rehabilita\u010dn\u00edm n\u00e1pojem je p\u0159ece pivo Litovel. Tak\u017ee, spole\u010densk\u00fd ve\u010der mohl za\u010d\u00edt. Hory j\u00eddla, pivo teklo proudem a v pot\u016f\u010dc\u00edch se objevilo i n\u011bco ost\u0159ej\u0161\u00edho. Kv\u011bten je na ve\u010der p\u0159ece jen je\u0161t\u011b trochu studen\u00fd.<\/p>\n<h4>9. &#8211; 11. 6. 2017 &#8211; 21. ofici\u00e1ln\u00ed sraz SHOC Hunt\u00ed\u0159ov &#8211; Star\u00e1 Ole\u0161ka<\/h4>\n<p>Druh\u00fd \u010dervnov\u00fd v\u00edkend jsme se kone\u010dn\u011b do\u010dkali na\u0161eho dal\u0161\u00edho ofici\u00e1ln\u00edho srazu. Jeho zaji\u0161t\u011bn\u00ed v tomto roce m\u011bli na starosti na\u0161i z\u00e1pa\u010f\u00e1ci. Ti n\u00e1s pozvali do kempu &#8222;Pod lesem&#8220; nach\u00e1zej\u00edc\u00edho u obce Hunt\u00ed\u0159ov &#8211; Star\u00e1 Ole\u0161ka nedaleko D\u011b\u010d\u00edna.<br \/>\nP\u00e1te\u010dn\u00ed p\u0159\u00edjezd se konal v klasick\u00e9m stylu v\u00edt\u00e1n\u00ed, muck\u00e1n\u00ed a hled\u00e1n\u00ed p\u0159id\u011blen\u00fdch ubikac\u00ed.<br \/>\nPivko teklo od po\u010d\u00e1tku proudem a tak n\u00e1m zabydlov\u00e1n\u00ed kempu ned\u011blalo \u017e\u00e1dn\u00e9 pot\u00ed\u017ee. Obsluha kempu se o na\u0161e \u010dleny a hosty od po\u010d\u00e1tku vzorn\u011b starala. Ve\u010dern\u00ed t\u00e1bor\u00e1k s v\u00fdborn\u00fdmi bu\u0159t\u00edky jen zavr\u0161il n\u00e1dhern\u00fd po\u010d\u00e1te\u010dn\u00ed den. Sice n\u00e1m v noci trochu sprchlo, ale to bylo jedin\u00e9 nemil\u00e9 p\u0159ekvapen\u00ed, ktrer\u00e9 n\u00e1m tento v\u00edkend p\u0159inesl.<br \/>\nPo sobotn\u00edm rann\u00edm zlid\u0161\u0165ov\u00e1n\u00edm se, jsme vyrazili na p\u0159ipravenou vyj\u00ed\u017e\u010fku. Proj\u00ed\u017e\u010fka po oblasti \u010cesk\u00e9ho \u0160v\u00fdcarska p\u0159es H\u0159ensko do D\u011b\u010d\u00edna, byla prost\u011b n\u00e1dhern\u00e1. Na\u0161i z\u00e1pa\u010f\u00e1ci se zase vyt\u00e1hli a dok\u00e1zali domluvit nejen v\u00fdborn\u00fd ob\u011bd v restauraci d\u011b\u010d\u00ednsk\u00e9ho z\u00e1mku, ale i speci\u00e1ln\u00ed povolen\u00ed na vjezd a\u017e na n\u00e1dvo\u0159\u00ed. Kr\u00e1sa z\u00e1mku se tu pak mohla potkat s n\u00e1dherou na\u0161ich motorek. Tento z\u00e1\u017eitek jsme si u\u017eili jak my, tak i p\u0159\u00edtomn\u00ed host\u00e9 z\u00e1mku.<br \/>\nPo ob\u011bd\u011b pokra\u010dovala na\u0161e spanil\u00e1 j\u00edzda \u00fadol\u00edm \u0159\u00ed\u010dky Plou\u010dnice zp\u011bt do kempu.<br \/>\nTady na n\u00e1s \u010dekalo dal\u0161\u00ed z\u00e1pa\u010f\u00e1ck\u00e9 p\u0159ekvapen\u00ed. Celosrazovou sout\u011b\u017e\u00ed pro rok 2017 byla j\u00edzda na mechanick\u00e9m b\u00fdku. Brzy se na\u0161li prvn\u00ed odv\u00e1\u017elivci a tak se cel\u00e9 odpoledne neslo v duchu kovbojsk\u00e9ho krocen\u00ed b\u00fdka. Je\u0161t\u011b \u0161t\u011bst\u00ed, \u017ee z\u00e1pad myslel na v\u0161echno. Byla zaji\u0161t\u011bna i zdravotnick\u00e1 prvn\u00ed (\u010di posledn\u00ed?) pomoc. Ta se v\u0161ak nesla v duchu hesla <em>\u201cAlkohol v mal\u00fdch d\u00e1vk\u00e1ch je l\u00e9k\u201d<\/em> \u010di <em>\u201c Alkohol pouze z rukou zdravotn\u00edho person\u00e1lu\u201d<\/em> . Injek\u010dn\u00ed st\u0159\u00edka\u010dky, kapa\u010dky, \u2026.. v\u0161e pln\u00e9 l\u00e9\u010div\u00e9ho rumu, zelen\u00e9 \u010di vi\u0161\u0148ovky. Po ukon\u010den\u00ed tr\u00e9ninkov\u00e9ho odpoledne za\u010dala samotn\u00e1 sout\u011b\u017e.<br \/>\nJe\u0161t\u011b p\u0159ed sout\u011b\u017en\u00edm krocen\u00edm b\u00fdka, se na chv\u00edli slova ujal n\u00e1\u0161 president Jerry. P\u0159edal dv\u011bma \u010dekatel\u016fm na \u010dlenstv\u00ed jejich plnohodnotn\u00e9 n\u00e1\u0161ivky klubu a t\u00edm ofici\u00e1ln\u011b potvrdil jejich \u010dlenstv\u00ed v klubu, tak jak to ji\u017e d\u0159\u00edve odhlasovala valn\u00e1 hromada. V\u00fdchod\u0148\u00e1\u0159i se rozrostli o SIKIho (nepl\u00e9st si s kapit\u00e1nem v\u00fdchodu SYKYm) a jiho\u010de\u0161i o Standu. Tomu nemoc nedovolila na sraz p\u0159ijet a tak jeho n\u00e1\u0161ivku p\u0159evzal v zastoupen\u00ed jeho kapit\u00e1n BARON.<br \/>\nPo tomto kr\u00e1tk\u00e9m slavnostn\u00edm okam\u017eiku nastaly uprutn\u00e9 boje s \u010dasem, b\u00fdkem a o\u0161et\u0159ovatelskou pomoc\u00ed. Hlavn\u00ed cenu v kategorii mu\u017e\u016f si odnesl po uprutn\u00e9m boji s t\u0159et\u00edm M\u00e1rtym a druh\u00fdm Bosarem OTTELO. Kategorii \u017een zv\u00edt\u011bzila BERRY nasledovan\u00e1 Bar\u010dou a Rudankou. Tajn\u00e1 odborn\u00e1 porota vyhodnotila i nejlep\u0161\u00ed um\u011bleck\u00fd dojem p\u0159edveden\u00fd p\u0159i boji s b\u00fdkem. V \u017een\u00e1ch zv\u00edt\u011bzila ANETA , v mu\u017e\u00edch M\u00c1RTY.<br \/>\nMezit\u00edm se ji\u017e p\u0159ipravila kapela LAYLA, kter\u00e1 n\u00e1m hr\u00e1la a\u017e do pozdn\u00edch ve\u010dern\u00edch hodin jak k poslechu tak i k tanci.<br \/>\nNed\u011bln\u00ed r\u00e1no n\u00e1s znovu p\u0159iv\u00edtalo kr\u00e1sn\u00fdm, skoro letn\u00edm, po\u010das\u00edm. Nastal \u010das lou\u010den\u00ed. Nikomu se z tak poveden\u00e9 akce necht\u011blo, ale povinnosti n\u00e1s bohu\u017eel donutili k odjezdu.<br \/>\nTak\u017ee si tu dovol\u00edm je\u0161t\u011b jednou pod\u011bkovat v\u0161em po\u0159adatel\u016fm, kte\u0159\u00ed znovu nastavili la\u0165ku kvality na\u0161ich sraz\u016f hodn\u011b vysoko, za skv\u011blou akci. Seve\u0159an\u00e9 maj\u00ed pro p\u0159\u00ed\u0161t\u00ed rok o \u010dem p\u0159em\u00fd\u0161let.<br \/>\n<a href=\"http:\/\/www.shoc.cz\/?page_id=1178&amp;album=21srazoleska2017&amp;gallery=xxi-sraz-shoc-stara-oleska\">FOTO<\/a><\/p>\n<h4>17. 6. 2017- MDA Ride Praha<\/h4>\n<p>Po lo\u0148sk\u00e9m rekordn\u00edm \u00fasp\u011bchu cel\u00e9 MDA Ride, kdy byla p\u0159ekon\u00e1na hranice 1.000.000,- K\u010d, jsme neusnuli na vav\u0159\u00ednech a cel\u00fd rok jsme se sna\u017eili a sb\u00edrali korunku ke korunce. Kasi\u010dka MDA n\u00e1s doprov\u00e1z\u00ed na v\u0161echny na\u0161e akce.<br \/>\nRok se s rokem se\u0161el a my znovu m\u00ed\u0159\u00edme do Prahy na jednu z nejv\u011bt\u0161\u00edch charitativn\u00edch akc\u00ed v \u010cesk\u00e9 republice.<br \/>\nLeto\u0161n\u00ed ro\u010dn\u00edk se znovu konal na V\u00e1clavsk\u00e9m n\u00e1m\u011bst\u00ed. A kouzlo tohoto m\u00edsta znovu zafungovalo.<br \/>\nNejen\u017ee byl letos znovu p\u0159ekon\u00e1n jeden milion vybran\u00fdch korunek, ale byl dokonce poko\u0159en i lo\u0148sk\u00fd rekord. Ten nov\u00fd jsme v\u0161ichni spole\u010dn\u011b ustanovili na \u010d\u00e1stce: 1.157.600,- K\u010d<br \/>\nJsme neskonale r\u00e1di, \u017ee p\u0159edseda MDA p. Kade\u0159\u00e1bek na\u0161i skromnou pomoc ocenil v d\u011bkovn\u00e9m dopise na\u0161emu klubu.<\/p>\n<p>Tak\u017ee nov\u00e1 kasi\u010dka je p\u0159ipravena &#8211; pom\u016f\u017eete n\u00e1m ji naplnit i vy ?<\/p>\n<h4>4.-6.8.2017 &#8211; \u010cu\u0148as p\u00e1rty &#8211; Ch\u0159ibsk\u00e1<\/h4>\n<p>\u010cu\u0148as gang (rodina Trojanova a p\u0159\u00e1tel\u00e9) je ned\u00edlnou sou\u010d\u00e1st\u00ed na\u0161eho klubu. V dob\u011b dovolen\u00fdch je t\u011b\u017ek\u00e9 se sej\u00edt, ale na \u010cu\u0148as p\u00e1rty se sj\u00ed\u017ed\u00edme v\u017edy v hojn\u00e9m po\u010dtu.<br \/>\n\u010cu\u0148as p\u00e1rty byla p\u016fvodn\u011b rodinn\u00e1 oslava narozenin \u010dlen\u016f Trojanovic rodiny. Ale postupem \u010dasu se tato komorn\u00ed akce zvrtla v takov\u00fd mal\u00fd neoficieln\u00ed sraz \u010dlen\u016f a p\u0159\u00e1tel na\u0161eho klubu. A to i s podobn\u00fdm programem, jak\u00fd b\u00fdv\u00e1 na oficieln\u00edch srazech.<br \/>\nTradi\u010dn\u00ed p\u00e1te\u010dn\u00ed p\u0159\u00edjezd, ubytov\u00e1n\u00ed v p\u016fj\u010den\u00e9 chat\u011b, \u010di stavba vlastn\u00edho stanu. Tradi\u010dn\u00ed v\u00edt\u00e1n\u00ed, muck\u00e1n\u00ed. P\u00e1te\u010dn\u00ed posezen\u00ed u sudu, trocha dosp\u011bl\u00e1ck\u00e9 z\u00e1bavy. V sobotu se pak n\u011bkter\u00fdm vst\u00e1v\u00e1 dost t\u011b\u017ece.<br \/>\nSobota je v re\u017eiji spole\u010dn\u00e9 vyj\u00ed\u017e\u010fky. Kolem 11t\u00e9 vyr\u00e1\u017e\u00edme obdivovat kr\u00e1sy \u0160luknovsk\u00e9ho v\u00fdb\u011b\u017eku.<br \/>\n\u010cu\u0148asov\u00e9 n\u00e1m zase napl\u00e1novali n\u00e1dhernou trasu po m\u00edstn\u00edch silni\u010dk\u00e1ch. Zav\u00edtali jsme na Ran\u010d Malevil, kde jsme si prohl\u00eddli golfov\u00e9 h\u0159i\u0161t\u011b a m\u00edstn\u00ed malou ZOO.<br \/>\nPo n\u00e1vratu na na\u0161i v\u00edkendovou z\u00e1kladnu prob\u011bhla mal\u00e1 narozeninov\u00e1 oslava. Trochu reprodukovan\u00e9 hudby, n\u011bjak\u00fd ten tane\u010dek. N\u011bjak\u00e9 to pivko a tro\u0161ka rum\u00ed\u010dku. Z\u00e1bava do pozdn\u00edch no\u010dn\u00edch hodin. V ned\u011bli se n\u00e1m nikomu necht\u011blo vst\u00e1vat. \u010cu\u0148as gang pro n\u00e1s p\u0159ipravil nezapomenuteln\u00fd v\u00edkend. Ale i p\u0159esto se mus\u00edme rozlou\u010dit. \u010cu\u0148asov\u00e9 d\u00edky a t\u011b\u0161\u00edme se na p\u0159\u00ed\u0161t\u011b.<\/p>\n<h4>17.-20.8.2017 &#8211; Comleshadow Colfosco di Susegana, Province of Treviso, Italy<\/h4>\n<p>Jako klub pat\u0159\u00edc\u00ed do skupiny SHOC po cel\u00e9m sv\u011bte se sna\u017e\u00edme udr\u017eovat dobr\u00e9 vztahy i s okoln\u00edmi n\u00e1rodn\u00edmi kluby. A pokud \u010das a finance dovol\u00ed, r\u00e1di vyj\u00ed\u017ed\u00edme i na srazy zahrani\u010dn\u00edch klub\u016f.<br \/>\nLetos se n\u00e1m povedlo zorganizovat malou v\u00fdpravu a vyrazit sm\u011brem It\u00e1lie.<br \/>\nZa v\u0161echny bych si dovolil ocitovat M\u00e1rtyho, kter\u00fd zcela p\u0159esn\u011b celou akci vystihl nekolika slovy: \u201c Akce se op\u011bt zda\u0159ila. Italov\u00e9, jako v\u017edy, nesm\u00edrn\u011b vst\u0159\u00edcn\u00ed a pohostinn\u00ed, Pol\u00e1ci, jako v\u017edy, bav\u00edc\u00ed a op\u00edjej\u00edc\u00ed sebe i ostatn\u00ed, a vlastn\u011b v\u0161ichni \u00fa\u010dastn\u00edci \u00fa\u017easn\u011b pohodov\u00ed lid\u00e9. P\u0159ijely v\u00fdpravy z Norska, D\u00e1nska, Anglie, \u0160pan\u011blska, Ruska. Pol\u00e1k\u016f bylo dokonce 28, tak\u017ee to chv\u00edlemi vypadalo, \u017ee jsme na polsk\u00e9m srazu. A my. Nal\u00edt\u00e1no cca 1900 km v dost dobr\u00e9m po\u010das\u00ed.\u2028Velk\u00fd d\u00edk Jerrymu za zorganizov\u00e1n\u00ed akce a v\u00fdb\u011br tras j\u00edzd. U\u017e dlouho jsem nevid\u011bl takovou pr\u00e1ci s pap\u00edrov\u00fdmi mapami.\u2028A d\u00edky i ostatn\u00edm \u00fa\u010dastn\u00edk\u016fm z\u00e1jezdu (Bosar s Petrou, Kala, Tapeta) za prima atmosf\u00e9ru po celou akci a za dobrou reprezentaci klubu.<br \/>\nMy v\u0161em z\u016f\u010dastn\u011bn\u00fdm tak\u00e9 d\u011bkujeme, \u017ee se se ct\u00ed zhostili representace na\u0161eho klubu i na mezin\u00e1rodn\u00edm kolbi\u0161ti.<\/p>\n<h4>14.10.2017 &#8211; Rum Tour 2017 &#8211; poslen\u00ed leto\u0161n\u00ed vyj\u00ed\u017e\u010fka<\/h4>\n<div>Podzim u\u017e se naplno ujal vl\u00e1dy nad po\u010das\u00edm. A tak dva t\u00fddny p\u0159ed term\u00ednem sledujeme p\u0159edpov\u011bdi po\u010das\u00ed a st\u00e1le si \u0159\u00edk\u00e1me &#8211; vyjde to letos? Nejsme sice z cukru, ale najezdit za den hafo km v de\u0161ti a zim\u011b, na to u\u017e jsme v\u011bt\u0161inou dost star\u00fd. Vodu prost\u011b moc nemus\u00edme. Sobota se bl\u00ed\u017e\u00ed a p\u0159edpov\u011bdi jsou st\u00e1le p\u0159\u00edzniv\u00e9. Na osudn\u00fd v\u00edkend se m\u00e1 vr\u00e1tit \u201cBab\u00ed l\u00e9to\u201d .<\/div>\n<div>Sraz je sice a\u017e 10.30, ale n\u011bkte\u0159\u00ed z n\u00e1s mus\u00ed najet po\u0159\u00e1dnou d\u00e1vku km u\u017e cestou tam. J\u00e1 osobn\u011b vyr\u00e1\u017e\u00edm v 7 r\u00e1no a teplom\u011br ukazuje 5 nad nulou. U\u017e u Ben\u00e1tek nad |Jizerou si \u0159\u00edk\u00e1m, kam se to \u201cl\u00e9to\u201d ztratilo. Uva\u017euju dokonce, \u017ee to zalom\u00edm k prezidentovi na kafe. Nakonec se nevzd\u00e1v\u00e1m a dor\u00e1\u017e\u00edm za Prahu na sraz o ostatn\u00edmi nejiho\u010dechy pro spole\u010dnou cestu d\u00e1l.<\/div>\n<div>Kr\u00e1tk\u00e1 pauza, kafe a kone\u010dn\u011b i slun\u00ed\u010dko.<\/div>\n<div><\/div>\n<div>V po\u010dtu asi 10ti stroj\u016f vyr\u00e1\u017e\u00edme na spole\u010dn\u00fd sraz do Plan\u00e9 nad Lu\u017enic\u00ed.<\/div>\n<div><\/div>\n<div>Jiho\u010de\u0161i jsou na n\u00e1s ji\u017e vzorn\u011b p\u0159ipraveni. Po tradi\u010dn\u00edm v\u00edt\u00e1n\u00ed a obj\u00edm\u00e1n\u00ed , d\u00e1v\u00e1me tro\u0161ku odpo\u010dinout na\u0161im zadel\u00edm. Kolem 11 se Baron uj\u00edm\u00e1 veden\u00ed a d\u00e1v\u00e1 pokyn k p\u0159\u00edprav\u011b stroj\u016f. Vyr\u00e1\u017e\u00edme na posledn\u00ed leto\u0161n\u00ed spole\u010dnou klubovou vyj\u00ed\u017e\u010fku.<\/div>\n<div>Po\u010das\u00ed je perfektn\u00ed, jiho\u010desk\u00e1 krajina n\u00e1dhern\u00e1. Co v\u00edc si p\u0159\u00e1t.<\/div>\n<div><\/div>\n<div>Kolem p\u016fl jedn\u00e9 dor\u00e1\u017e\u00edme do salonu \u0158\u00edpec, kde n\u00e1m Baron zajistil poledn\u00ed pap\u00e1n\u00ed\u010dko. V\u0161echno bylo super, jen holt to p\u016flpivo (rozumn\u011bj &#8211; alkohol free) nen\u00ed ono.<\/div>\n<div><\/div>\n<div>Po ob\u011bd\u011b &#8211; tvo\u0159\u00edme spole\u010dn\u00e9 foto a po\u010d\u00edt\u00e1me stroje &#8211; je n\u00e1s 23 stroj\u016f. Na podzimn\u00ed v\u00fdlet dost dobr\u00fd.<\/div>\n<div><\/div>\n<div>Baron se znovu uj\u00edm\u00e1 v\u016fdcovstv\u00ed a p\u0159ikazuje znovu sednout na na\u0161e mechanick\u00e9 o\u0159e. Pokra\u010dujeme d\u00e1l. C\u00edlem je Jind\u0159ich\u016fv Hradec. Benzinov\u00e1 stanice firmy FrukOil. Jedin\u00e1 benzina, kde se d\u00e1 natankovat i rum. A v\u00e1noce, ps\u00ed po\u010das\u00ed a podobn\u00fd ne\u0159\u00e1d se u\u017e bl\u00ed\u017e\u00ed.<\/div>\n<div><\/div>\n<div>\n<h4>11.11.2017 &#8211; Zimn\u00ed posezen\u00ed SHOC &#8211; \u010cesk\u00e9 Bud\u011bjovice<\/h4>\n<p>Ma\u0161iny jsou v gar\u00e1\u017e\u00edch a my se op\u011bt za\u010d\u00edn\u00e1me nudit. No a kdy\u017e nem\u016f\u017eeme jezdit, tak si alespo\u0148 o t\u011bch na\u0161ich mil\u00e1\u010dc\u00edch chceme pokecat. Prvn\u00edho kecac\u00edho spicha n\u00e1m ka\u017edoro\u010dn\u011b zaji\u0161\u0165uj\u00ed na\u0161i jiho\u010de\u0161i.<br \/>\nA tak n\u00e1s v martinsk\u00e9m \u010dase v\u00edt\u00e1 \u010deskobud\u011bjovick\u00e1 Restaurace u Karla IV.<br \/>\nAkce Jihu se t\u011b\u017eko vystihuj\u00ed jin\u00fdm slovem ne\u017e: \u201eD\u00edky, d\u00edky, d\u00edky, zas par\u00e1dyho v\u011bc!\u201c(Bos\u00e1k). Jin\u00e1 recenze, z\u0159ejm\u011b je\u0161t\u011b pod vlivem vlah\u00e9ho temel\u00ednsk\u00e9ho vzduchu:\u201c Poka\u017ed\u00e9 na akci Jihu, hled\u00e1m tu pov\u011bstnou na kr\u00e1se pihu, v\u0161echny jsou v\u0161ak set\u0159eny Baronem and his company\u201c(S\u016f\u010fa)<br \/>\n-a \u017ee to bylo na sv. Martina, husa byla cel\u00e1 se\u017er\u00e1na!<\/p>\n<h4>17.-19.11.2017 &#8211; Svi\u0148a p\u00e1rty &#8211; Svojanov u Bouzova<\/h4>\n<p>Na Moravu to m\u00e1 v\u011bt\u0161ina z n\u00e1s trochu daleko a tak tam jezd\u00edme nejrad\u011bji na cel\u00fd v\u00edkend. Na\u0161e nov\u00e1 z\u00e1kladna ve Svojanov\u011b je na takov\u00fd motork\u00e1\u0159sk\u00fd v\u00edkend jako d\u011blan\u00e1. A kdy\u017e se na\u0161i v\u00fdchod\u0148\u00e1\u0159i znovu p\u0159ekonali s p\u0159\u00edpravami, tak z toho byl prost\u011b neuv\u011b\u0159iteln\u00fd v\u00edkend. J\u00eddla pln\u00e9 lednice, pivo spr\u00e1vn\u011b vychlazen\u00e9 a prasca se to\u010d\u00ed na grilu. Co v\u00edc si p\u0159\u00e1t.<br \/>\nV sobotu nastupujeme do objednan\u00e9ho autobusu a m\u00ed\u0159\u00edme do Litovle. Tam nav\u0161t\u011bvujeme m\u00edstn\u00ed s\u00fdr\u00e1rnu Orero. Kr\u00e1tk\u00e1 exkurze, n\u00e1kupy n\u011bjak\u00e9ho toho s\u00fdru a jedeme d\u00e1l. V \u010cech\u00e1ch pod Kos\u00ed\u0159em se nach\u00e1z\u00ed muzeum ko\u010d\u00e1r\u016f. Po jeho prohl\u00eddce zvl\u00e1d\u00e1me je\u0161t\u011b muzeum m\u00edstn\u00edch hasi\u010d\u016f a pak zp\u00e1tky na z\u00e1kladnu.<br \/>\nGrill jede naplno, p\u00edpy se taky nezastav\u00ed. A my jdeme sout\u011b\u017eit. Letos si na n\u00e1s Syky a spol. vymysleli st\u0159elbu z laserov\u00fdch zbran\u00ed. Cel\u00fd ve\u010der lov\u00edme jeleny, divo\u010d\u00e1ky a nakonec i teroristy. Celkem poveden\u00e1 ta\u0161ka\u0159ice.<br \/>\nNed\u011bln\u00ed vst\u00e1v\u00e1n\u00ed jde zt\u011b\u017eka. Ale v\u00edkend bohu\u017eel kon\u010d\u00ed a tak n\u00e1m nezb\u00fdv\u00e1 nic jin\u00e9ho ne\u017e se rozlou\u010dit a vyrazit k domov\u016fm. Ale u\u017e se t\u011b\u0161\u00edme na p\u0159\u00ed\u0161t\u011b. Akce v\u00fdchodu jsou neuv\u011b\u0159iteln\u00e9. D\u00edky Syky.<\/p>\n<h4>2.12.2017 &#8211; Mikul\u00e1\u0161sk\u00e9 h\u00e1zen\u00ed &#8211; Senohraby<\/h4>\n<p>Dal\u0161\u00ed na\u0161e spole\u010dn\u00e9 zimn\u00ed posezen\u00ed maj\u00ed na starosti na\u0161i st\u0159e\u010f\u00e1ci. A tak se sj\u00ed\u017ed\u00edme do Senohrab, kde v m\u00edstn\u00ed \u201cRestauraci Franz\u201d spou\u0161t\u00edme n\u00e1\u0161 mikul\u00e1\u0161sk\u00fd turnaj v \u0161ipk\u00e1ch.<br \/>\nMal\u00e1 \u00fatuln\u00e1 hosp\u016fdka prask\u00e1 ve \u0161vech. Dobr\u00e9 j\u00eddlo a pit\u00ed, p\u0159\u00e1tel\u00e9 kolem n\u00e1s.<br \/>\nTrocha toho sportov\u00e1n\u00ed, abychom se na ja\u0159e dok\u00e1zali posadit na ty na\u0161e Shadowy.<br \/>\nProst\u011b super akce. D\u00edky a p\u0159\u00ed\u0161t\u011b to rozto\u010d\u00edme zase.<\/p>\n<\/div>\n","protected":false},"excerpt":{"rendered":"<p>14. 1. 2017 &#8211; Posezen\u00ed Z\u00e1padu &#8211; \u201cHosp\u016fdka u L\u00edpy\u201d \u00dast\u00ed nad Labem Tak n\u00e1m za\u010dal zase nov\u00fd rok. Venku je zima, dokonce n\u00e1m letos napadl i n\u011bjak\u00fd sn\u00edh. N\u00e1m v\u0161em se st\u00fdsk\u00e1 po vyj\u00ed\u017e\u010fk\u00e1ch, slun\u00ed\u010dku a v\u011btru ve vlasech. Tak si o tom zajdeme alespo\u0148 popov\u00eddat. Z\u00e1pa\u010f\u00e1ci n\u00e1s ji\u017e tradi\u010dn\u011b pozvali do \u00fatuln\u00e9 \u00fasteck\u00e9 \u201cHosp\u016fdky u l\u00edpy\u201d. Dobr\u00e9 j\u00eddlo, n\u011bco m\u00e1lo k zapit\u00ed a hlavn\u011b parta p\u0159\u00e1tel byla z\u00e1rukou dobr\u00e9 novoro\u010dn\u00ed z\u00e1bavy. P\u0159es v\u00e1no\u010dn\u00ed sv\u00e1tky jsme se dlouho nevid\u011bli a tak bylo co prob\u00edrat. Bohu\u017eel se n\u00e1m dva na\u0161i \u010dlenov\u00e9 , Dana a Zden\u011bk, museli omluvit ze z\u00e1va\u017en\u00fdch zdravotn\u00edch \u2026 <a class=\"continue-reading-link\" href=\"https:\/\/www.shoc.cz\/?page_id=1174\">\u010c\u00edst d\u00e1le&#8230; <span class=\"meta-nav\">&rarr; <\/span><\/a><\/p>\n","protected":false},"author":3,"featured_media":0,"parent":248,"menu_order":11,"comment_status":"closed","ping_status":"closed","template":"","meta":{"ngg_post_thumbnail":0,"jetpack_post_was_ever_published":false,"footnotes":""},"class_list":["post-1174","page","type-page","status-publish","hentry"],"jetpack_shortlink":"https:\/\/wp.me\/P28ZiM-iW","jetpack_sharing_enabled":true,"_links":{"self":[{"href":"https:\/\/www.shoc.cz\/index.php?rest_route=\/wp\/v2\/pages\/1174","targetHints":{"allow":["GET"]}}],"collection":[{"href":"https:\/\/www.shoc.cz\/index.php?rest_route=\/wp\/v2\/pages"}],"about":[{"href":"https:\/\/www.shoc.cz\/index.php?rest_route=\/wp\/v2\/types\/page"}],"author":[{"embeddable":true,"href":"https:\/\/www.shoc.cz\/index.php?rest_route=\/wp\/v2\/users\/3"}],"replies":[{"embeddable":true,"href":"https:\/\/www.shoc.cz\/index.php?rest_route=%2Fwp%2Fv2%2Fcomments&post=1174"}],"version-history":[{"count":0,"href":"https:\/\/www.shoc.cz\/index.php?rest_route=\/wp\/v2\/pages\/1174\/revisions"}],"up":[{"embeddable":true,"href":"https:\/\/www.shoc.cz\/index.php?rest_route=\/wp\/v2\/pages\/248"}],"wp:attachment":[{"href":"https:\/\/www.shoc.cz\/index.php?rest_route=%2Fwp%2Fv2%2Fmedia&parent=1174"}],"curies":[{"name":"wp","href":"https:\/\/api.w.org\/{rel}","templated":true}]}}