{"id":1693,"date":"2019-01-12T17:36:53","date_gmt":"2019-01-12T16:36:53","guid":{"rendered":"https:\/\/www.shoc.cz\/?page_id=1693"},"modified":"2019-03-24T11:23:02","modified_gmt":"2019-03-24T10:23:02","slug":"2015-2","status":"publish","type":"page","link":"https:\/\/www.shoc.cz\/?page_id=1693","title":{"rendered":"2015"},"content":{"rendered":"<h3>17. 1. 2015 &#8211; Pov\u00e1no\u010dn\u00ed posezen\u00ed z\u00e1padu<\/h3>\n<p>A zase n\u00e1m za\u010dal nov\u00fd rok. Motorky jsou v gar\u00e1\u017e\u00edch, ale my se sna\u017e\u00edme \u017e\u00edt d\u00e1l bez nich. Tradi\u010dn\u00ed celoklubov\u00e9 posezen\u00ed pro n\u00e1s p\u0159ipravili na\u0161i Z\u00e1pa\u010f\u00e1ci. \u00dasteck\u00e1 restaurace \u201cHosp\u016fdka u L\u00edpy\u201d n\u00e1s uv\u00edtala i letos. Dobr\u00e9 j\u00eddlo, dobr\u00e9 pit\u00ed, dob\u0159\u00ed lid\u00e9. Co v\u00edce si p\u0159\u00e1t. V leto\u0161n\u00edm roce jsme pop\u0159\u00e1li na\u0161\u00ed \u010cu\u0148asce k jej\u00edm kulatin\u00e1m, zah\u00e1jily distribuci klubov\u00e9ho kalend\u00e1\u0159e a hlavn\u011b jsme si kr\u00e1sn\u011b pokecali \u2026\u2026\u2026. Tak zas n\u011bkdy p\u0159\u00ed\u0161t\u011b.<\/p>\n<h3>14. 2. 2015 &#8211; Pivn\u00ed radov\u00e1nky severu &#8211; Pardubice<\/h3>\n<p>Tak tohle n\u00e1m nevy\u0161lo. Prost\u011b nikdo nen\u00ed dokonal\u00fd a tak i n\u00e1m se ob\u010das n\u011bco nepovede. Ale bu\u010fme r\u00e1di, \u017ee jde jenom o zru\u0161en\u00ed akce. No prost\u011b pl\u00e1nov\u00e1n\u00ed je jedna v\u011bc a realita ta druh\u00e1. Akce domluvena, pivo p\u0159ipraveno, ale holt rodinn\u00e9 a pracovn\u00ed povinnosti obrovsk\u00e9 v\u011bt\u0161in\u011b lidi\u010dek znemo\u017enilo p\u0159ijet. No a tak n\u00e1m nezbylo nic jin\u00e9ho, ne\u017e rezervace zru\u0161it a holt se t\u011b\u0161it na p\u0159\u00ed\u0161t\u00ed akci\u010dku. Tak p\u0159\u00ed\u0161t\u011b \u2026..<\/p>\n<h3>4. 4. 2015 &#8211; Zah\u00e1jen\u00ed sezony &#8211; Pod\u011bbrady<\/h3>\n<p>Pra\u017esk\u00fd Harley Davidson Club Praha po\u0159\u00e1d\u00e1 tradi\u010dn\u011b zah\u00e1jen\u00ed motork\u00e1\u0159sk\u00e9 sezony spanilou j\u00edzdou na trase Praha &#8211; Pod\u011bbrady. A ji\u017e n\u011bkolik let se k t\u00e9to j\u00edzd\u011b p\u0159id\u00e1v\u00e1me i my a zahajujeme touto j\u00edzdou na\u0161i klubovou motosez\u00f3nu. Tak i letos se ve zm\u011bti motorek na\u0161li na\u0161e nabl\u00fdskan\u00e9 Hondy Shadow. P\u00e1r nejotu\u017eilej\u0161\u00edch \u010dlen\u016f klubu se spolu s mnoha dal\u0161\u00edmi vydali ta tuto tradi\u010dn\u00ed jarn\u00ed j\u00edzdu. \u00dakol spln\u011bn a sezona 2015 je oficieln\u011b zah\u00e1jena.<\/p>\n<h3>18. 4. 2015 &#8211; Rum Tour &#8211; jih<\/h3>\n<p>Zima pomalu kon\u010d\u00ed a my vyr\u00e1\u017e\u00edme na prvn\u00ed leto\u0161n\u00ed samostatnou akci klubu. Po dlouh\u00e9 zim\u011b je pot\u0159eba doplnit z\u00e1soby a tak n\u00e1s na\u0161i Jiho\u010de\u0161i znovu vezmou do Jind\u0159ichova Hradce natankovat rum.<br \/>\nSch\u00e1z\u00edme se v Plan\u00e9 nad Lu\u017enic\u00ed. Asi v 11 nech\u00e1v\u00e1 Baron nastartovat stroje a my vyr\u00e1\u017e\u00edme na kr\u00e1tkou vyj\u00ed\u017e\u010fku po malebn\u00fdch silni\u010dk\u00e1ch ji\u017en\u00edch \u010cech. Tak jak \u0159\u00edk\u00e1 r\u010den\u00ed, \u017ee v\u0161echny cesty vedou do \u0158\u00edma, pro na\u0161i Rum Tour plat\u00ed, \u017ee v\u0161echny jiho\u010desk\u00e9 silnice a silni\u010dky vedou do salonu \u0158\u00edpec. Tady m\u00e1me na\u0161i ka\u017edoro\u010dn\u00ed poledn\u00ed zast\u00e1vku.<br \/>\nPo dobr\u00e9m pap\u00e1n\u00ed\u010dku, trochy toho d\u011btsk\u00e9ho piva (my\u0161leno nealko) a n\u011bjak\u00e9 t\u00e9 k\u00e1vi\u010dce, znovu used\u00e1me na na\u0161e stroje. Te\u010f ji\u017e m\u00ed\u0159\u00edme p\u0159\u00edmo k na\u0161emu dne\u0161n\u00edmu c\u00edli. Mal\u00e1 benzina na okraji Jnd\u0159ichova Hradce. Tam dotankujeme jak na\u0161e St\u00edny, tak i z\u00e1soby \u010derstv\u00e9ho rum\u00ed\u010dku. Je je\u0161t\u011b jaro a tak se doma \u0161\u00e1lek \u010daj\u00ed\u010dku s rum\u00ed\u010dkem hod\u00ed snad ka\u017ed\u00e9mu. Kr\u00e1tk\u00e9 lou\u010den\u00ed a pomalu se vyd\u00e1v\u00e1me sm\u011br na\u0161e domovy.<\/p>\n<h3>1. 5. 2015 &#8211; Prvom\u00e1jov\u00e1 vyj\u00ed\u017e\u010fka &#8211; z\u00e1pad<\/h3>\n<p>Jaro je tady. Ma\u0161iny m\u00e1me p\u0159ipraven\u00e9 a akce jsou napl\u00e1novan\u00e9. Tu prvom\u00e1jovou maj\u00ed v na\u0161em kalend\u00e1\u0159i na starosti na\u0161i z\u00e1pa\u010f\u00e1ci. Sraz je ur\u010den na 10.30 v Nov\u00e9m Boru.<br \/>\nAle leto\u0161n\u00ed rok si s n\u00e1mi pohr\u00e1v\u00e1. P\u0159i\u0161el m\u00e1j a s n\u00edm i prav\u00e9 m\u00e1jov\u00e9 po\u010das\u00ed. Bohu\u017eel pro n\u00e1s, jsou p\u0159edpov\u011bdi na 1. m\u00e1je st\u00e1le \u0161patn\u00e9. Zima a stabiln\u00ed d\u00e9\u0161\u0165 na cel\u00e9m \u00fazem\u00ed \u010cR. St\u00e1le douf\u00e1me, ale r\u00e1no se v\u0161e potvrzuje. Nad cel\u00fdmi \u010cechami nen\u00ed m\u00edste\u010dka, kde by nepr\u0161elo. Kolem p\u016fl osm\u00e9 to ofici\u00e1ln\u011b vzd\u00e1v\u00e1me. Letos se bohu\u017eel na prvn\u00edho m\u00e1je neprojedeme.<\/p>\n<h3>5. &#8211; 7. 6. 2015 &#8211; XVII. Sraz SHOC &#8211; Vl\u010dice &#8211; jih<\/h3>\n<p>A je to tady. Prvn\u00ed leto\u0161n\u00ed sraz klubu. Ten leto\u0161n\u00ed maj\u00ed na starosti na\u0161i jiho\u010de\u0161i. A vybrali n\u00e1m kr\u00e1sn\u00e9 m\u00edsto v chatov\u00e9 osad\u011b \u201cSlune\u010dnice\u201d na b\u0159ehu Ratm\u00edrovsk\u00e9ho rybn\u00edka.<br \/>\nP\u0159eje n\u00e1m i po\u010das\u00ed, jaro se za\u010dalo p\u0159el\u00e9vat do letn\u00edch dn\u00ed a slun\u00ed\u010dko se na n\u00e1s sm\u011bje z oblohy. Teploty let\u00ed vzh\u016fru. Poklidn\u00e9 p\u00e1te\u010dn\u00ed odpoledne je ru\u0161eno jen na\u0161imi p\u0159\u00edjezdov\u00fdmi ritu\u00e1ly, v\u00edt\u00e1n\u00edm na ka\u017ed\u00e9m kroku a pak rychl\u00fdm obsazen\u00edm p\u00edpy. Pivko te\u010de proudem, stejn\u011b tak plyne i voln\u00e1 z\u00e1bava.<br \/>\nV sobotu se n\u00e1m t\u011b\u017ece vst\u00e1v\u00e1. Pro jistotu kontrola na alkoholtestru. Kolem 11 d\u00e1v\u00e1 Baron pokyn nastartovat stroje. Vyr\u00e1\u017e\u00edme na spanilou j\u00edzdu. Na tu leto\u0161n\u00ed se v\u0161ichni moc t\u011b\u0161\u00edme. Proj\u00ed\u017ed\u00edme se kr\u00e1snou jiho\u010deskou krajinou, v\u0161ichni si u\u017e\u00edv\u00e1me nezvykle kr\u00e1sn\u00fdch silnic a silni\u010dek. A pomalu se bl\u00ed\u017e\u00edme k c\u00edli na\u0161\u00ed leto\u0161n\u00ed vyj\u00ed\u017e\u010fky &#8211; starobyl\u00e9mu m\u011bstu Tel\u010d. Parkujeme na n\u00e1m\u011bst\u00ed. Po spole\u010dn\u00e9m ob\u011bd\u011b je kr\u00e1tk\u00fd individu\u00e1ln\u00ed rozchod. Vyu\u017e\u00edv\u00e1me t\u00e9to mo\u017enosti a jdeme na prohl\u00eddku tohoto m\u011bstsk\u00e9ho skvostu.<br \/>\nAsi ve dv\u011b hodiny znovu startujeme na\u0161e Hondi\u010dky a m\u00ed\u0159\u00edme zp\u011bt k na\u0161\u00ed v\u00edkendov\u00e9 z\u00e1kladn\u011b. N\u011bkte\u0159\u00ed se p\u0159ed Vl\u010dicemi odd\u011bluj\u00ed a m\u00ed\u0159\u00ed na dal\u0161\u00ed individueln\u00ed vyj\u00ed\u017e\u010fky. Kr\u00e1sn\u00fdch c\u00edl\u016f zde je dost.<br \/>\nPlni \u010derstv\u00fdch z\u00e1\u017eitk\u016f se k ve\u010deru sch\u00e1z\u00edme v osad\u011b.<br \/>\nSobotn\u00ed ve\u010der je vyhrazen voln\u00e9 z\u00e1bav\u011b a dobr\u00e9 muzice. O tu se n\u00e1m letos postarala skupina \u201cFontanela\u201d.<br \/>\nA je tu ned\u011ble. Zase se n\u00e1m t\u011b\u017ece vst\u00e1v\u00e1. Ale v\u00edkend je u konce a my se mus\u00edme vr\u00e1tit do sv\u00fdch domov\u016f.<br \/>\nJiho\u010de\u0161i d\u00edky &#8211; bylo tu super.<\/p>\n<h3>1.8.2015 &#8211; No\u010dn\u00ed vyj\u00ed\u017e\u010fka Prahou<\/h3>\n<p>Jezdit se d\u00e1 v\u0161ude. M\u00e1me rad\u011bji voln\u00e9 silnice, ale jednou do roka si prost\u011b nem\u016f\u017eeme nechat uj\u00edt ani kr\u00e1sy na\u0161\u00ed Prahy. A co teprve spole\u010dn\u00e1 vyj\u00ed\u017e\u010fka Prahou no\u010dn\u00ed. Sj\u00ed\u017ed\u00edme se na \u010derpa\u010dce Shellu v Pr\u016fmyslov\u00e9 ulici. Jerry ma ji\u017e p\u0159ipravenou vhodnou trasu pro na\u0161\u00ed spole\u010dnou j\u00edzdu. A tak v 9 ve\u010der vyr\u00e1\u017e\u00edme. No\u010dn\u00ed Praha je kr\u00e1sn\u00e1. A no\u010dn\u00ed Praha ze sedla Shadowy je proste senza\u010dn\u00ed. Naj\u00ed\u017ed\u00edme asi 40km po z\u00e1kout\u00edch Prahy. Kon\u010d\u00edme naho\u0159e na Letn\u00e9, kde m\u00e1me zaji\u0161t\u011bna m\u00edsta v jednom z klub\u016f. D\u00e1v\u00e1me p\u00e1r nealko piv. Pokec\u00e1me. Lou\u010d\u00edme se a s pokro\u010dilou noc\u00ed se rozj\u00ed\u017ed\u00edme k na\u0161im domov\u016fm.<\/p>\n<h3>4.-6.9.2015 &#8211; XVIII. Sraz SHOC \u010cern\u00fd potok &#8211; v\u00fdchod<\/h3>\n<p>Nastal \u010das a my se kon\u010dn\u011b do\u010dkali. N\u00e1\u0161 druh\u00fd leto\u0161n\u00ed sraz. Tentokr\u00e1t n\u00e1s v\u00edtaj\u00ed Rychlebsk\u00e9 hory. Tentokr\u00e1t v tom nejsme sami. Sraz je uspo\u0159\u00e1d\u00e1n spole\u010dn\u011b i s SHOC Polska.<br \/>\nP\u00e1tek je stabiln\u011b v\u011bnov\u00e1m v\u00edtac\u00edm a seznamovac\u00edm aktivit\u00e1m. Tak\u017ee se v\u00edt\u00e1me a seznamujeme a\u017e do pozdn\u00edch ve\u010dern\u00edch hodin. Polsk\u00e1 Soplica a na\u0161e slivovi\u010dka te\u010de proudem. Bigos a slan\u00e9 polsk\u00e9 okurky dopl\u0148uj\u00ed n\u00e1\u0161e v\u00edtac\u00ed ritu\u00e1ly. Tro\u0161ka hudby v pod\u00e1n\u00ed kytar, trocha spole\u010dn\u00e9ho zp\u011bvu\u2026\u2026..<br \/>\nV sobotu se vst\u00e1valo opravdu t\u011b\u017ece. Rad\u011bji nech\u00e1v\u00e1me pracovat alkoholtester. Kolem 11t\u00e9 vyr\u00e1\u017e\u00edme. Proj\u00ed\u017ed\u00edme se n\u00e1dhernou p\u0159\u00edrodou Rychlebsk\u00fdch hor a Jesen\u00edk\u016f. Po poledni dor\u00e1\u017e\u00edme do na\u0161eho c\u00edle. V\u00edt\u00e1 n\u00e1s m\u011bste\u010dko Jesen\u00edk. D\u00e1v\u00e1me rozchod. P\u0159ece jen 200 motork\u00e1\u0159\u016f najednou je celkem darda. Prohl\u00ed\u017e\u00edme si m\u011bste\u010dko a postupn\u011b okupujeme m\u00edstn\u00ed restaurace a ob\u011bd. Odpoledne se vrac\u00edme pomalou vyj\u00ed\u017e\u010fkou zp\u00e1tky do kempu.<br \/>\nZa\u010d\u00ednaj\u00ed tradi\u010dn\u00ed motork\u00e1\u0159sk\u00e9 sout\u011b\u017ee. Skoky s vejcem, pivn\u00ed ku\u017eelky, poj\u00edd\u00e1n\u00ed p\u00e1rk\u016f na prut\u011b, hod ojnic\u00ed, p\u0159etahovan\u00e1, z\u00e1bava jede na pln\u00fd plyn.<br \/>\nBl\u00ed\u017e\u00ed se ve\u010der a sv\u00e9 prvn\u00ed t\u00f3ny vypou\u0161t\u00ed novoji\u010d\u00ednsk\u00e1 banda \u201cV\u011b\u0161\u00e1k\u201d. Reperto\u00e1r se p\u0159esn\u011b hod\u00ed na na\u0161i motop\u00e1rty. Pa\u0159\u00edme a\u017e do r\u00e1na.<br \/>\nPo\u010das\u00ed n\u00e1s m\u011blo do te\u010f celkem r\u00e1do. Ale asi se rozhodlo, \u017ee u\u017e toho bylo dost. V ned\u011bli se zat\u00e1hlo, ochladilo a za\u010dalo dost foukat. Pomalu se lou\u010d\u00edme, obl\u00e9k\u00e1me nepromoky a vyr\u00e1\u017e\u00edme k domov\u016fm. Sraz SHOC \u010cern\u00fd potok je za n\u00e1mi. Bylo dob\u0159e. Tak zas p\u0159\u00ed\u0161t\u011b.<\/p>\n<h3>28.10.2015 &#8211; Je\u0161t\u011bd Tour &#8211; zav\u00edr\u00e1n\u00ed sezony<\/h3>\n<p>Podzimn\u00ed dny se s n\u00e1mi pomalu lou\u010d\u00ed a n\u00e1s \u010dek\u00e1 posledn\u00ed klubov\u00e1 akce roku v sedle na\u0161ich Shadowek. Posledn\u00ed srazov\u00e9 m\u00edsto v Mnichov\u011b Hradi\u0161ti n\u00e1m p\u0159in\u00e1\u0161\u00ed p\u0159ijemn\u00e9 p\u0159ekvapen\u00ed. I p\u0159es pom\u011brn\u011b chladn\u00e9 po\u010das\u00ed se n\u00e1s se\u0161lo celkem dost. Kolem jeden\u00e1ct\u00e9, posiln\u011bni k\u00e1vou a \u010dajem, vyr\u00e1\u017e\u00edme poko\u0159it nejvy\u0161\u0161\u00ed vrchol Lu\u017eick\u00fdch hor. Je\u0161t\u011bd n\u00e1s v\u00edt\u00e1 svou chladnou n\u00e1ru\u010d\u00ed. Jsme p\u0159ekvapeni, \u017ee i navzdory chladn\u00e9mu po\u010das\u00ed, nejsme na Je\u0161t\u011bdu sami. Skoro se ned\u00e1 naj\u00edt m\u00edsto na zaparkov\u00e1n\u00ed motorek. A tak se, oproti na\u0161im zvyklostem, letos na vrcholu moc nezdr\u017eujeme a rad\u011bj\u00ed sj\u00ed\u017ed\u00edme zp\u011bt do podh\u016f\u0159\u00ed. Spole\u010dn\u011b dor\u00e1\u017e\u00edme na misto startu. Tady prob\u011bhlo kr\u00e1tk\u00e9 lou\u010den\u00ed a pak se rozj\u00ed\u017ed\u00edme do v\u0161ech sv\u011btov\u00fdch stran. Je\u0161t\u011bd byl i letos poko\u0159en. Tentokr\u00e1t jen na oto\u010dku :-).<\/p>\n<h3>4.12.2015 &#8211; Mikul\u00e1\u0161sk\u00e9 \u0161ipkov\u00e1n\u00ed &#8211; st\u0159ed<\/h3>\n<p>Motosez\u00f3na je za n\u00e1mi, ma\u0161iny jsou v gar\u00e1\u017e\u00edch a n\u00e1m pomalu reziv\u011bj\u00ed kosti. A tak se pot\u0159ebujeme alespo\u0148 trochu rozh\u00fdbat. Sch\u00e1z\u00edme se proto v \u00fatuln\u00e9 hosp\u016fdce v Dob\u0159ichovic\u00edch a spou\u0161t\u00edme dal\u0161\u00ed meziklubov\u00fd turnaj v \u0161ipk\u00e1ch. Hosp\u016fdka prask\u00e1 ve \u0161vech a n\u00e1lada je super. V\u0161ichni z\u00fa\u010dastn\u011bn\u00ed bojuj\u00ed jak se d\u00e1 ve smyslu hesla: Nen\u00ed d\u016fle\u017eit\u00e9 vyhr\u00e1t,ale v\u00fdhru druh\u00fdm jakkoliv znep\u0159\u00edjemnit. A kdo nakonec vyhr\u00e1l? Vesel\u00e1 n\u00e1lada, trocha alkoholu a \u2026\u2026. na\u0161i Jiho\u010de\u0161i.<br \/>\n\u010cest jejich v\u00fdkonu<\/p>\n","protected":false},"excerpt":{"rendered":"<p>17. 1. 2015 &#8211; Pov\u00e1no\u010dn\u00ed posezen\u00ed z\u00e1padu A zase n\u00e1m za\u010dal nov\u00fd rok. Motorky jsou v gar\u00e1\u017e\u00edch, ale my se sna\u017e\u00edme \u017e\u00edt d\u00e1l bez nich. Tradi\u010dn\u00ed celoklubov\u00e9 posezen\u00ed pro n\u00e1s p\u0159ipravili na\u0161i Z\u00e1pa\u010f\u00e1ci. \u00dasteck\u00e1 restaurace \u201cHosp\u016fdka u L\u00edpy\u201d n\u00e1s uv\u00edtala i letos. Dobr\u00e9 j\u00eddlo, dobr\u00e9 pit\u00ed, dob\u0159\u00ed lid\u00e9. Co v\u00edce si p\u0159\u00e1t. V leto\u0161n\u00edm roce jsme pop\u0159\u00e1li na\u0161\u00ed \u010cu\u0148asce k jej\u00edm kulatin\u00e1m, zah\u00e1jily distribuci klubov\u00e9ho kalend\u00e1\u0159e a hlavn\u011b jsme si kr\u00e1sn\u011b pokecali \u2026\u2026\u2026. Tak zas n\u011bkdy p\u0159\u00ed\u0161t\u011b. 14. 2. 2015 &#8211; Pivn\u00ed radov\u00e1nky severu &#8211; Pardubice Tak tohle n\u00e1m nevy\u0161lo. Prost\u011b nikdo nen\u00ed dokonal\u00fd a tak i n\u00e1m se ob\u010das \u2026 <a class=\"continue-reading-link\" href=\"https:\/\/www.shoc.cz\/?page_id=1693\">\u010c\u00edst d\u00e1le&#8230; <span class=\"meta-nav\">&rarr; <\/span><\/a><\/p>\n","protected":false},"author":3,"featured_media":0,"parent":248,"menu_order":9,"comment_status":"closed","ping_status":"closed","template":"","meta":{"ngg_post_thumbnail":0,"jetpack_post_was_ever_published":false,"footnotes":""},"class_list":["post-1693","page","type-page","status-publish","hentry"],"jetpack_shortlink":"https:\/\/wp.me\/P28ZiM-rj","jetpack_sharing_enabled":true,"_links":{"self":[{"href":"https:\/\/www.shoc.cz\/index.php?rest_route=\/wp\/v2\/pages\/1693","targetHints":{"allow":["GET"]}}],"collection":[{"href":"https:\/\/www.shoc.cz\/index.php?rest_route=\/wp\/v2\/pages"}],"about":[{"href":"https:\/\/www.shoc.cz\/index.php?rest_route=\/wp\/v2\/types\/page"}],"author":[{"embeddable":true,"href":"https:\/\/www.shoc.cz\/index.php?rest_route=\/wp\/v2\/users\/3"}],"replies":[{"embeddable":true,"href":"https:\/\/www.shoc.cz\/index.php?rest_route=%2Fwp%2Fv2%2Fcomments&post=1693"}],"version-history":[{"count":0,"href":"https:\/\/www.shoc.cz\/index.php?rest_route=\/wp\/v2\/pages\/1693\/revisions"}],"up":[{"embeddable":true,"href":"https:\/\/www.shoc.cz\/index.php?rest_route=\/wp\/v2\/pages\/248"}],"wp:attachment":[{"href":"https:\/\/www.shoc.cz\/index.php?rest_route=%2Fwp%2Fv2%2Fmedia&parent=1693"}],"curies":[{"name":"wp","href":"https:\/\/api.w.org\/{rel}","templated":true}]}}