{"id":1703,"date":"2019-01-12T17:56:16","date_gmt":"2019-01-12T16:56:16","guid":{"rendered":"https:\/\/www.shoc.cz\/?page_id=1703"},"modified":"2019-01-19T15:42:19","modified_gmt":"2019-01-19T14:42:19","slug":"2016-2","status":"publish","type":"page","link":"https:\/\/www.shoc.cz\/?page_id=1703","title":{"rendered":"2016"},"content":{"rendered":"<h4>16. 1. 2016 &#8211; Pov\u00e1no\u010dn\u00ed posezen\u00ed Z\u00e1padu<\/h4>\n<p>V\u00e1noce jsou u konce a za\u010dal nov\u00fd rok. Venku je nevl\u00eddno a na\u0161e motorky sp\u00ed sv\u00fdm zimn\u00edm sp\u00e1nkem. My tak trochu taky pod\u0159imujeme. Ze zimn\u00ed letargie n\u00e1s ob\u010das probere n\u011bjak\u00e1 ta akci\u010dka. A tou prvn\u00ed v roce je na\u0161e Pov\u00e1no\u010dn\u00ed posezen\u00ed Z\u00e1padu.<br \/>\n\u00datuln\u00e1 \u00fasteck\u00e1 hosp\u016fdka \u201c U l\u00edpy\u201d n\u00e1m ka\u017edoro\u010dn\u011b poskytuje sv\u00e9 z\u00e1zem\u00ed. To leto\u0161n\u00ed se neslo v poklidn\u00e9m duchu zimn\u00edho pov\u00edd\u00e1n\u00ed s p\u0159\u00e1teli. I kdy\u017e zas tak poklidn\u00e9 to vlastn\u011b nebylo. Na\u0161e mil\u00e1 \u010cu\u0148aska se rozhodla tu s n\u00e1mi oslavit sv\u00e9 p\u016flkulat\u00e9 narozeniny (v\u011bk d\u00e1my se p\u0159ece neprozrazuje). Tak jsme ji museli po\u0159\u00e1dn\u011b zap\u00edt, aby n\u00e1m jej\u00ed spole\u010dnost vydr\u017eela alespo\u0148 dal\u0161\u00edch XX X let. \u00dakol spln\u011bn, narozky \u0159\u00e1dn\u011b zapity, dobr\u00e9 j\u00eddlo spap\u00e1no. Hosp\u016fdka zav\u00edr\u00e1 a tak se i my rozl\u00e9t\u00e1me ke sv\u00fdm domov\u016fm. U\u017e se t\u011b\u0161\u00edme na p\u0159\u00ed\u0161t\u00ed akci. Ta zimn\u00ed letargie je fakt vopruz.<\/p>\n<h4>20. 2. 2016 &#8211; Pivn\u00ed radov\u00e1nky Severu<\/h4>\n<p>Dal\u0161\u00ed leto\u0161n\u00ed posezen\u00ed maj\u00ed na starosti na\u0161i Seve\u0159an\u00e9. P\u0159\u00edjemn\u00e1 pardubick\u00e1 restaurace \u201cGar\u00e1\u017e\u201d se tedy na jeden ve\u010der stala na\u0161i z\u00e1kladnou. Zima st\u00e1le vl\u00e1dne a tak n\u00e1m nezb\u00fdv\u00e1 nic jin\u00e9ho ne\u017e si tak tro\u0161ku pokecat. Ochutn\u00e1v\u00e1me z nab\u00eddky piv, d\u00e1v\u00e1me si n\u011bco dobr\u00e9ho do nosu. Prob\u00edr\u00e1me pl\u00e1ny na jaro. Za\u010d\u00edn\u00e1me se pomalu probouzet ze zimn\u00edho sp\u00e1nku. Dal\u0161\u00ed akce je u\u017e za necel\u00fd m\u011bs\u00edc a tam u\u017e s n\u00e1mi budou na\u0161e motorky. Bl\u00ed\u017e\u00ed se \u201cV\u00fdstava Motocykl Praha\u201d kde i my m\u00e1me sv\u016fj st\u00e1nek.<\/p>\n<h4>3. &#8211; 6. 3. 2016 &#8211; v\u00fdstava Motocykl Praha Hole\u0161ovice.<\/h4>\n<p>Praha host\u00ed ka\u017edoro\u010dn\u011b n\u011bkolik zaj\u00edmav\u00fdch motoakc\u00ed. Jednou z nich je i v\u00fdstava Motocykl Praha.<br \/>\nSou\u010d\u00e1st\u00ed veletrhu je ji\u017e tradi\u010dn\u011b sout\u011b\u017en\u00ed v\u00fdstava motocyklov\u00fdch staveb a p\u0159estaveb Bohemian Custom Bike a pokra\u010dov\u00e1n\u00ed se do\u010dk\u00e1 i Airbrush Art Festival.<br \/>\nProto jsme se rozhodli, \u017ee jako Honda Shadow Owners Club nem\u016f\u017eeme na takov\u00e9to akci chyb\u011bt.<br \/>\nN\u00e1\u0161 skromn\u00fd st\u00e1nek presentoval \u010dinnost klubu. Po\u0159\u00e1d\u00e1n\u00ed sraz\u016f majitel\u016f motorek Honda Shadow, VTX a VT CX a jejich n\u00e1stupc\u016f. Spole\u010dn\u00e9 vyj\u00ed\u017e\u010fky a v neposledn\u00ed \u0159ad\u011b i charitativn\u00ed \u010dinnost clubu.<br \/>\nChceme zde pogratulovat i Veronice Neuberov\u00e9 za ocen\u011bn\u00ed jej\u00ed Shadow, kter\u00e9ho na leto\u0161n\u00ed v\u00fdstav\u011b dos\u00e1hla.<br \/>\nOcen\u011bn\u00fd stroj postavil a upravil jej\u00ed man\u017eel Miroslav ( \u010dlen na\u0161eho klubu ) s p\u0159\u00e1teli.<\/p>\n<h4>14. 5. 2016 &#8211; M\u00e1jov\u00e1 vyj\u00ed\u017e\u010fka<\/h4>\n<p>Zima skon\u010dila a jaro se pomalu uj\u00edm\u00e1 vl\u00e1dy. Na\u0161i Z\u00e1pa\u010f\u00e1ci u\u017e piln\u011b pl\u00e1nuj\u00ed, kam n\u00e1s letos vyvezou. Kone\u010dn\u011b je to tu. 1.m\u00e1j je l\u00e1sky \u010das a my kone\u010dn\u011b m\u016f\u017eeme vyrazit s na\u0161imi mil\u00e1\u010dky ven. Jen\u017ee prvom\u00e1jov\u00e9 po\u010das\u00ed vl\u00e1dne, a tak n\u00e1m po\u010das\u00ed nedovol\u00ed vyjet. Posouv\u00e1me term\u00edn na neobvykl\u00e9ho 14.5.<br \/>\nSj\u00ed\u017ed\u00edme se na benzin\u011b p\u0159ed Teplicemi. Je chladno, ale jinak n\u00e1m po\u010das\u00ed celkem p\u0159eje.<br \/>\nD\u00e1me \u010daj a k\u00e1vu pro zah\u0159\u00e1t\u00ed. Rum\u00ed\u010dek bude a\u017e za odm\u011bnu, ve\u010der, doma.<br \/>\nKolem jeden\u00e1ct\u00e9 vyr\u00e1\u017e\u00edme. Cel\u00e1 kolona vyrazila sm\u011br Litv\u00ednov. Za Litv\u00ednovem odbo\u010dujeme do Kru\u0161n\u00fdch hor. Na\u0161\u00edm c\u00edlem je p\u0159ehrada Fl\u00e1je. U hr\u00e1ze m\u00e1me prvn\u00ed pauzu. P\u00e1r fotek, tro\u0161i\u010dku se zah\u0159\u00e1t pohybem. Pak znovu do sedel a pokra\u010dujeme kru\u0161nohorsk\u00fdmi silni\u010dkami a\u017e na C\u00ednovec.<br \/>\nTady m\u00e1me domluven\u00fd ob\u011bd v restauraci Kru\u0161nohorsk\u00fd dv\u016fr. U\u017e se t\u011b\u0161\u00edme na n\u011bco tepl\u00e9ho do b\u0159\u00ed\u0161ka. \u010caj a pol\u00e9vka v\u00edt\u011bz\u00ed u v\u011bt\u0161iny z n\u00e1s.<br \/>\nPo kr\u00e1tk\u00e9 pauze znovu sed\u00e1me na na\u0161e Shadowy. P\u0159esun term\u00ednu n\u00e1m umo\u017enil, zajet na je\u0161t\u011b jednu zaj\u00edmavou akci. Na\u0161\u00edm dal\u0161\u00edm c\u00edlem se st\u00e1v\u00e1<br \/>\nVELK\u00dd MODEL\u00c1\u0158SK\u00dd LETECK\u00dd DEN na model\u00e1\u0159sk\u00e9m leti\u0161ti RC Modelpark Such\u00e9 u Modlan. Jsme nad\u0161eni. A\u010d p\u0159ij\u00ed\u017ed\u00edme na samotn\u00fd z\u00e1v\u011br akce, p\u0159esto jsou zde k vid\u011bn\u00ed leteck\u00e9 modely civiln\u00ed, vojensk\u00e9, akrobatick\u00e9 a sportovn\u00ed, s\u00a0pohony elektromotory, spalovac\u00edmi motory i turbinov\u00fdmi.<br \/>\nKr\u00e1sn\u00e1 pod\u00edvan\u00e1. Leteck\u00fd den kon\u010d\u00ed a na\u0161e m\u00e1jov\u00e1 vyj\u00ed\u017edka tak\u00e9. Vrac\u00edme se zp\u00e1tky ke stroj\u016fm. Lou\u010d\u00edme se a ji\u017e dohadujeme dal\u0161\u00ed setk\u00e1n\u00ed.<br \/>\nNased\u00e1me na motorky a pomalu se vrac\u00edme k domov\u016fm.<\/p>\n<h4>3. &#8211; 5. 6. 2016 &#8211; XIX. Sraz SHOC &#8211; Brdy Mountains &#8211; V\u011b\u0161\u00edn<\/h4>\n<p>L\u00e9to pomalu p\u0159eb\u00edr\u00e1 moc nad po\u010das\u00edm. Slun\u00ed\u010dko za\u010d\u00edn\u00e1 zah\u0159\u00edvat sv\u011bt, ale letos mu to, bohu\u017eel, kaz\u00ed \u010dast\u00e9 p\u0159eh\u00e1\u0148ky a de\u0161t\u011b. N\u00e1\u0161 19-t\u00fd sraz se bl\u00ed\u017e\u00ed, ale po\u010das\u00ed si s n\u00e1m\u00ed st\u00e1le pohr\u00e1v\u00e1. P\u0159edpov\u011b\u010f je st\u00e1le jako na vod\u011b. Nakonec se v\u011bt\u0161ina z n\u00e1s rozhodne to risknout a my se pomalu sj\u00ed\u017ed\u00edme na motork\u00e1ch v Rekrea\u010dn\u00edm st\u0159edisku V\u011b\u0161\u00edn. P\u00e1tek jako v\u017edy prob\u00edh\u00e1 ve v\u00edtac\u00edm stylu. Pomalu se sj\u00ed\u017ed\u00edme, hosp\u016fdka se pomalu pln\u00ed. Posed\u00edme, popijeme, pokec\u00e1me.<br \/>\nSobotn\u00ed r\u00e1no je sice chladn\u011bj\u0161\u00ed, ale zpoza mrak\u016f pomalu vykukuje slun\u00ed\u010dko. V\u0161e vypad\u00e1 nad\u011bjn\u011b. Odjezd na vyj\u00ed\u017e\u010fku je stanoven na 10 hodinu. Kolem p\u016fl des\u00e1t\u00e9 slun\u00ed\u010dko sv\u016fj boj prohr\u00e1lo a nad V\u011b\u0161\u00ednem se rozprost\u0159ely mraky. Za\u010d\u00edn\u00e1 vydatn\u011b pr\u0161et. Sp\u011bch\u00e1me znovu zakr\u00fdt na\u0161e ji\u017e odkryt\u00e9 motorky. Odjezd se odkl\u00e1d\u00e1. Na\u0161t\u011bst\u00ed se d\u00e9\u0161\u0165 umoud\u0159il a odkr\u00e1\u010del do jin\u00fdch krajin. Slun\u00ed\u010dko se znovu uj\u00edm\u00e1 vl\u00e1dy. Te\u010f u\u017e na cel\u00fd zbytek dne. S hodinov\u00fdm zpo\u017ed\u011bn\u00edm vyr\u00e1\u017e\u00edme na vyj\u00ed\u017e\u010fku. Na\u0161\u00edm c\u00edlem je restaurace na z\u00e1mku Ln\u00e1\u0159e.<br \/>\nSpole\u010dn\u00fd ob\u011bd, pot\u00e9 dokonce i zmrzlinka. Slun\u00ed\u010dko opravdu za\u010d\u00edn\u00e1 vl\u00e1dnout. P\u00e1r spole\u010dn\u00fdch fotek a pak znovu do sedel. Vyr\u00e1\u017e\u00edme na druhou \u010d\u00e1st na\u0161eho motobrouzd\u00e1n\u00ed se po Brdsk\u00fdch les\u00edch a pomalu sm\u011b\u0159ujeme zp\u011bt do V\u011b\u0161\u00edna.<br \/>\nZa\u010d\u00ednaj\u00ed odpoledn\u00ed sout\u011b\u017ee. Bav\u00edme se po zbytek dne. Po ve\u010de\u0159i se sv\u00e9ho slova uj\u00edm\u00e1 kapela \u201cRock Slaves\u201d z Rakovn\u00edka. Kr\u00e1sn\u00fd ve\u010der pokra\u010duje. V pauz\u00e1ch se na podiu vl\u00e1dy uj\u00edmaj\u00ed rakovnick\u00e9 \u201cLentilky\u201d &#8211; tane\u010dn\u00ed skupina, ker\u00e1 n\u00e1m p\u0159edv\u00e1d\u00ed, jak se tan\u010d\u00ed Country tance na vrcholov\u00e9 \u00farovni. \u201cLentilky\u201d jsou pravideln\u00fdmi \u00fasp\u011b\u0161n\u00fdmi \u00fa\u010dastnicemi mezin\u00e1rodn\u00edch akc\u00ed a to i WADF World Dance Championship.<br \/>\nV ned\u011bli se pomalu probouz\u00edme do kr\u00e1sn\u00e9ho r\u00e1na. Slun\u00ed\u010dko st\u00e1le vl\u00e1dne. Bal\u00edme, lou\u010d\u00edme se a pomalu vyr\u00e1\u017e\u00edme ke sv\u00fdm domov\u016fm.<br \/>\nSt\u0159e\u010f\u00e1ci d\u00edky, bylo n\u00e1dhern\u011b.<\/p>\n<h4>18. 6. 2016 &#8211; MDA Ride Praha 2016<\/h4>\n<p>Na\u0161e klubov\u00e1 \u010dinnost se st\u00e1le to\u010d\u00ed kolem na\u0161ich motorek. Ale i my se dok\u00e1\u017eeme pod\u00edvat do okoln\u00edho sv\u011bta a sna\u017e\u00edme se sv\u00fdm mal\u00fdm p\u0159\u00edsp\u011bvkem k jeho zlep\u0161en\u00ed. Proto , mimo jin\u00e9, ji\u017e n\u011bkolik let pom\u00e1h\u00e1me organiz\u00e1tor\u016fm charitativn\u00ed akce MDA Ride Praha. Tato akce se rozrostla na jednu z nejv\u011bt\u0161\u00edch charitativn\u00edch akc\u00ed v cel\u00e9 \u010cesk\u00e9 repubice. A my jsme hrdi, \u017ee jsme sv\u00fdm mal\u00fdm d\u00edlkem tak\u00e9 p\u0159isp\u011bli.<br \/>\nLetos se tato akce p\u0159esunula z pra\u017esk\u00e9 N\u00e1plavky p\u0159\u00edmo do centra na V\u00e1clavsk\u00e9 n\u00e1m\u011bst\u00ed. N\u00e1plavka n\u00e1m motork\u00e1\u0159\u016fm ji\u017e prostorov\u011b nesta\u010dila a p\u0159esun p\u0159inesl sv\u00e9 ovoce.<\/p>\n<blockquote><p>Josef K\u00e1\u010fa Kade\u0159\u00e1bek pro MDA RIDE SUPPORTERS:<br \/>\nM\u00e1m neskonal\u00e9 pot\u011b\u0161en\u00ed z toho, \u017ee u\u017e m\u016f\u017eu sd\u011blit v\u00fdsledek VIII. MDA RIDE 2016&#8230;<br \/>\nD\u00edky v\u00e1m v\u0161em, kte\u0159\u00ed jste p\u0159isp\u011bli v r\u00e1mci va\u0161ich firem&#8230; v\u00e1m, kte\u0159\u00ed jste na V\u00e1clavsk\u00e9m n\u00e1m\u011bst\u00ed koupili n\u011bco s logem MDA RIDE, nebo jste se t\u0159eba nechali ost\u0159\u00edhat, vyfotit, namas\u00edrovat &#8211; \u010di si &#8222;zajezdili &#8220; na H\u00e1d\u00e9\u010dku u st\u00e1nku Harley-Davidson Hradec Kr\u00e1lov\u00e9&#8230;<br \/>\nVY V\u0160ICHNI JSTE TOTI\u017d DOK\u00c1ZALI, \u017dE REKORD JE : 1 005 508,- !!!!!!<br \/>\nFAKT JE TO TAK &#8211; JE TO MILION KORUN !!! d\u00edky&#8230; K\u00e1\u010fa<\/p><\/blockquote>\n<p>Tak\u017ee, my jedeme d\u00e1l &#8211; nechcete se p\u0159idat????<\/p>\n<h4>2. &#8211; 4. 9. 2016. &#8211; XX. Sraz SHOC Holany &#8211; X. v\u00fdro\u010d\u00ed klubu<\/h4>\n<p>A je to tu. V p\u00e1tek se tradi\u010dn\u011b pomalu sj\u00ed\u017ed\u00edme na m\u00edsto \u010dinu. Po\u010das\u00ed n\u00e1m p\u0159eje. L\u00e9to se sv\u00e9 vl\u00e1dy je\u0161t\u011b rozhodn\u011b nevzdalo. Jacht club kemp v Holanech je kr\u00e1sn\u00fdm m\u00edstem pro na\u0161i oslavu.<br \/>\nTradi\u010dn\u00ed p\u00e1te\u010dn\u00ed v\u00edt\u00e1n\u00ed. P\u0159ij\u00ed\u017ed\u011bj\u00ed i host\u00e9 ze sp\u0159\u00e1telen\u00fdch klub\u016f z It\u00e1lie a Polska.<br \/>\nPomalu obsazujeme p\u00edpy. P\u0159\u00edjemn\u00fd v\u00edkend za\u010d\u00edn\u00e1.<br \/>\nSobota bude n\u00e1ro\u010dn\u00e1. Veden\u00ed klubu spolu se St\u0159edo\u010dechy se cht\u011bj\u00ed vyt\u00e1hnout. Kolem 10t\u00e9 vyj\u00ed\u017ed\u00edme na spanilou j\u00edzdu. Vyj\u00ed\u017e\u010fka vede kr\u00e1sn\u00fdm prost\u0159ed\u00edm D\u011b\u010d\u00ednska a \u010ceskolipska. Hlavn\u00edm c\u00edlem je soukrom\u00e9 muzeum Veter\u00e1n\u016f v \u017dandov\u011b na \u010ceskolipsku. Parkujeme u pivnice Stodola a jdeme na prohl\u00eddku zaj\u00edmav\u00fdch expon\u00e1t\u016f. Kr\u00e1tk\u00e9 osv\u011b\u017een\u00ed v pivnici, spole\u010dn\u00e9 foto, a vyr\u00e1\u017e\u00edme zp\u011bt do kempu. Tentokr\u00e1t n\u00e1s ob\u011bd \u010dek\u00e1 netradi\u010dn\u011b tam.<br \/>\nZa\u010d\u00edn\u00e1 odpoledn\u00ed program.<br \/>\nPo cel\u00e9 odpoledne je n\u00e1m v\u0161em k dispozici akce Besipu \u201cV jedn\u00e9 stop\u011b\u201d. Celou akci moderuje zn\u00e1m\u00fd moder\u00e1tou Auto moto Revue Standa Berkovec. Za\u010d\u00edn\u00e1me u st\u00e1nku Prvn\u00ed pomoci. Opra\u0161ujeme sv\u00e9 znalosti zdravov\u011bdy. To se hod\u00ed v\u017eycky. Kontrolujeme na\u0161e l\u00e9k\u00e1rni\u010dky. Ty pro\u0161l\u00e9 n\u00e1m Besip m\u011bn\u00ed za nov\u00e9. Super. Program pokra\u010duje. Standa uv\u00e1d\u00ed dal\u0161\u00edho hosta. Je j\u00edm Dan Rub\u00edn, instruktor spr\u00e1vn\u00e9 j\u00edzdy na motocyklu. R\u00e1di se v\u0161ichni p\u0159iu\u010d\u00edme. Bezpe\u010dnost na na\u0161ich stroj\u00edch je u n\u00e1s na prvn\u00edm m\u00edst\u011b. Dan je velmi pou\u010dn\u00fd a z jeho rad si vzali to sv\u00e9 i zku\u0161en\u00ed motork\u00e1\u0159i.<br \/>\nOdpoledne pokro\u010dilo a my se za\u010d\u00edn\u00e1me v\u011bnovat z\u00e1bav\u011b. Prvn\u00ed jsou na\u0161e tradi\u010dn\u00ed sout\u011b\u017ee. V p\u0159est\u00e1vce mezi nimi n\u00e1s nav\u0161t\u00edvila skupina historick\u00e9ho \u0161ermu a p\u0159edvedla sv\u00e9 um\u011bn\u00ed. N\u011bkte\u0159\u00ed z n\u00e1s si mysleli, \u017ee se jim dok\u00e1\u017e\u00ed vyrovnat a tak s me\u010dem v ruce \u2026\u2026\u2026 brzo skon\u010dili v poutech:-)<br \/>\nNastal ve\u010der. Sv\u00e9 vl\u00e1dy se ujala kapela Ursus. Ta se starala o na\u0161\u00ed z\u00e1bavu a\u017e do pozdn\u00edch no\u010dn\u00edch hodin. V prvn\u00ed p\u0159est\u00e1vce kapely n\u00e1s v\u0161echny \u010dekalo dal\u0161\u00ed p\u0159ekvapen\u00ed. Se sv\u00fdm vystoupen\u00edm k n\u00e1m zav\u00edtala Oh\u0148ov\u00e1 show. Prost\u011b n\u00e1dhera. Z\u00e1bava pokra\u010duje, kapela hraje na\u0161e obl\u00edben\u00e9 fl\u00e1ky. V\u0161ichni se bav\u00ed. Kolem des\u00e1t\u00e9 hodiny n\u00e1s \u010dek\u00e1 vrchol ve\u010dera. Spou\u0161t\u00edme n\u00e1dhern\u00fd oh\u0148ostroj.<br \/>\nTen kon\u010d\u00ed, ale z\u00e1bava jede d\u00e1l. Kapela st\u00e1le v\u00e1l\u00ed. O p\u016flnoci mus\u00edme dodr\u017eet no\u010dn\u00ed klid. Pomalu se rozch\u00e1z\u00edme do sv\u00fdch chatek. N\u00e1dhern\u00fd den kon\u010d\u00ed.<br \/>\nV ned\u011bli si tro\u0161ku p\u0159isp\u00edme. Pak nast\u00e1v\u00e1 lou\u010den\u00ed. XX sraz je pomalu u konce. Oslava X. narozenin clubu byla \u00fa\u017easn\u00e1.<br \/>\nD\u00edky v\u0161em, kte\u0159\u00ed n\u00e1m tento z\u00e1\u017eitek p\u0159ipravili. D\u00edky v\u0161em, kte\u0159\u00ed za n\u00e1mi do Holan dorazili. R\u00e1di V\u00e1s uvid\u00edme i p\u0159\u00ed\u0161t\u011b.<\/p>\n<h4>15. 10. 2016 &#8211; Rum Tour<\/h4>\n<p>Motosezona se pomalu ch\u00fdl\u00ed ke sv\u00e9mu konci. A n\u00e1s \u010dek\u00e1 na\u0161e posledn\u00ed spole\u010dn\u00e1 vyj\u00ed\u017e\u010fka.<br \/>\nD\u0159\u00edve Rum Tour sezonu zahajovalo, ale po zral\u00fdch \u00favah\u00e1ch jsme dosp\u011bli k n\u00e1zoru, \u017ee rum\u00ed\u010dek je sice zapot\u0159eb\u00ed po cel\u00fd rok, ale na podzim a v zim\u011b je\u0161t\u011b v\u00edc.<br \/>\nSch\u00e1z\u00edme se p\u0159ed 11 hodinou na tradi\u010dn\u00edm m\u00edst\u011b ve Vesel\u00ed nad Lu\u017enic\u00ed. V 11h d\u00e1v\u00e1 Baron pokyn a my startujeme na\u0161e Shadowy. V leto\u0161n\u00edm roce je na \u00fa\u010dasti zn\u00e1t po\u010das\u00ed. Teploty se dr\u017e\u00ed kolem 10ti stup\u0148\u016f. Vedro rozhodn\u011b nen\u00ed. Po kr\u00e1tk\u00e9 vyj\u00ed\u017e\u010fce po kr\u00e1sn\u00e9 jiho\u010desk\u00e9 krajin\u011b zastavujeme tradi\u010dn\u011b v salonu \u201c\u0158\u00edpec\u201d. Na\u0161e t\u011bla pot\u0159ebuj\u00ed n\u011bco tepl\u00e9ho do \u017ealudku. Objedn\u00e1vk\u00e1m vl\u00e1dne netradi\u010dn\u011b \u010daj. Zat\u00edm je\u0161t\u011b bez rumu, pro ten vyraz\u00edme za p\u00e1r minut.<br \/>\nJsme zah\u0159\u00e1t\u00ed alespo\u0144 vnit\u0159n\u011b. Teplota se sice vy\u0161plhala k 15ti stup\u0148\u016fm, ale vedro st\u00e1le opravdu nen\u00ed.<br \/>\nSed\u00e1me na na\u0161e mota a pokra\u010dujeme do Jind\u0159ichova Hradce. Na\u0161\u00edm tradi\u010dn\u00edm c\u00edlem je benzina FrukOil. Zde tankujeme jak na\u0161e ma\u0161iny, tak rum\u00ed\u010dek pro na\u0161i pot\u0159ebu. V\u00e1noce jsou na dohled a rum\u00ed\u010dku nen\u00ed nikdy dost.<br \/>\nPosledn\u00ed spole\u010dn\u00e1 fotka a my vyr\u00e1\u017e\u00edme ke sv\u00fdm domov\u016fm. No a doma &#8211; \u010daj\u00ed\u010dek s rum\u00ed\u010dkem. V\u017edy\u0165 jsme si ho p\u0159ece zaslou\u017eili.<\/p>\n<h4>17. &#8211; 19. 11. 2016. &#8211; Svi\u0148a P\u00e1rty &#8211; Svojanov u Bouzova<\/h4>\n<p>Svojanov????? Kde to proboha je??? P\u0159ij\u00ed\u017ed\u00edme do mal\u00e9 vesni\u010dky, kde li\u0161ky opravdu d\u00e1vaj\u00ed dobrou noc. Penzion je um\u00edst\u011bn v b\u00fdval\u00e9m statku. Tak tro\u0161ku retro, ale n\u00e1\u0161 cel\u00fd v\u00edkend se ponese v tomto duchu. Z\u00e1zem\u00ed je sice postar\u0161\u00ed, ale vlastn\u011b je d\u00edky tomu ide\u00e1ln\u00ed pro po\u0159\u00e1d\u00e1n\u00ed soukrom\u00e9 p\u00e1rty. A ta na\u0161e potrv\u00e1 cel\u00fd v\u00edkend.<br \/>\nV p\u00e1tek se tradi\u010dn\u011b, tak jak na jin\u00fdch na\u0161ich akc\u00edch, zas tak moc nic ned\u011bje. V\u00edt\u00e1n\u00ed, seznamov\u00e1n\u00ed s prost\u0159ed\u00edm, ubytov\u00e1n\u00ed a hlavn\u011b nar\u00e1\u017e\u00edme prvn\u00ed sud. Z\u00edtra n\u00e1s \u010dek\u00e1 exkurze do pivovaru Litovel a tak toto pivko te\u010de proudem.<br \/>\nV sobotu n\u00e1s p\u0159ed ubytovnou \u010dek\u00e1 p\u0159ipraven\u00fd autobus. Siki s D\u00e1\u0161ou p\u0159ipravili celodenn\u00ed program. Podminkou \u00fa\u010dasti v\u0161ak bylo oble\u010den\u00ed v retro stylu 70let. A tak n\u00e1le\u017eit\u011b oble\u010deni vyr\u00e1\u017e\u00edme do Litovelsk\u00e9ho velkom\u011bsta. Stavujeme se na ob\u011bd. Retro restaurace \u201cU \u0160moldas\u016f\u201d se k na\u0161emu oble\u010den\u00ed opravdu hod\u00ed.<br \/>\nPo chutn\u00e9m ob\u011bd\u011b je pot\u0159eba se tro\u0161ku proj\u00edt. A tak vyr\u00e1\u017e\u00edme p\u011b\u0161ky do m\u00edstn\u00edho Litovelsk\u00e9ho pivovaru na exkurzi.<br \/>\nJak\u00e9ho motork\u00e1\u0159e by nezaj\u00edmalo, jak se vyr\u00e1b\u00ed jeho obl\u00edben\u00fd mok. Pozorn\u011b naslouch\u00e1me. N\u011bkte\u0159\u00ed z n\u00e1s uva\u017euj\u00ed o koupi dom\u00e1c\u00edho pivovaru. P\u0159edn\u00e1\u0161ka kon\u010d\u00ed. A nast\u00e1v\u00e1 nejkr\u00e1sn\u011bj\u0161\u00ed \u010d\u00e1st t\u00e9to exkurze. Degustace &#8211; co hrdlo vypije. Je\u0161t\u011b, \u017ee tu m\u00e1me ten autobus.<br \/>\nT\u011b\u017ece se lou\u010d\u00edme s m\u00edstn\u00edmi p\u00edpami. Ale ned\u00e1 se nic d\u011blat, pras\u00e1tko \u010dek\u00e1. Vrac\u00edme se do Svojanova, kde na n\u00e1s \u010dek\u00e1 vrchol na\u0161eho v\u00edkendov\u00e9ho sna\u017een\u00ed. Pras\u00e1tko na ro\u0161tu. M\u0148amka.<br \/>\nPapk\u00e1me, a\u017e se n\u00e1m d\u011blaj\u00ed boule za u\u0161ima. Vytahuj\u00ed se kytary. N\u00e1dhern\u00fd podzimn\u00ed ve\u010der pokra\u010duje.<br \/>\nR\u00e1no se t\u011b\u017ece probouz\u00edme. Ukl\u00edz\u00edme po n\u00e1s cel\u00fd are\u00e1l. Pakujeme sv\u00e9 v\u011bci. Lou\u010den\u00ed.<br \/>\nSyky, D\u00e1\u0161o, na\u0161i v\u00fdchod\u0148\u00e1ci. Jste skv\u011bl\u00ed. V\u00edkend byl opravdu perfektn\u00ed.<\/p>\n<h4>3. 12. 2016 &#8211; Mikul\u00e1\u0161sk\u00e9 h\u00e1zen\u00ed &#8211; Senohraby<\/h4>\n<p>A je to zase tady. Konec roku se bl\u00ed\u017e\u00ed, motorky m\u00e1me v gar\u00e1\u017e\u00edch \u010di ob\u00fdv\u00e1c\u00edch, a tak si v sychrav\u00fdch zimn\u00edch dnech hled\u00e1me jinou z\u00e1bavu.<br \/>\nNa\u0161e pravideln\u00e9 mikul\u00e1\u0161sk\u00e9 \u0161ipky host\u00ed tentokr\u00e1t \u00fatuln\u00e1 hosp\u016fdka \u201cU Franze\u201d v Senohrabech.<br \/>\nDobr\u00e9 pivko, dobr\u00e9 pap\u00e1n\u00ed\u010dko, stylov\u00e1 atmosf\u00e9ra. M\u016f\u017eeme jen doporu\u010dit.<br \/>\nP\u0159ihl\u00e1\u0161ky jsou uzav\u0159eny a tak se m\u016f\u017ee za\u010d\u00edt. Ale je\u0161t\u011b p\u0159ed samotn\u00fdm sportovn\u00edm kl\u00e1n\u00edm vyu\u017e\u00edv\u00e1 veden\u00ed klubu ofici\u00e1ln\u00ed klubov\u00e9 akce. P\u0159ij\u00edm\u00e1me dva nov\u00e9 \u010dekatele na \u010dlenstv\u00ed v klubu. Za z\u00e1pad &#8211; Kala, za sever &#8211; Sopt\u00edk. Tak kluci, v\u00edtejte a d\u0159\u017ete se.<br \/>\n\u0160ipky l\u00e9taj\u00ed o sto\u0161est. Z\u00e1bava vrchol\u00ed. P\u0159ed\u00e1v\u00e1me ceny nejlep\u0161\u00edm t\u00fdm\u016fm. Pokra\u010duje voln\u00e1 z\u00e1bava.<br \/>\nZase jednou kr\u00e1sn\u011b pro\u017eit\u00fd ve\u010der s p\u0159\u00e1teli. St\u0159e\u010f\u00e1ci d\u00edky.<br \/>\nNo a p\u0159\u00ed\u0161t\u011b se uvid\u00edme zase a\u017e v nov\u00e9m roce.<\/p>\n","protected":false},"excerpt":{"rendered":"<p>16. 1. 2016 &#8211; Pov\u00e1no\u010dn\u00ed posezen\u00ed Z\u00e1padu V\u00e1noce jsou u konce a za\u010dal nov\u00fd rok. Venku je nevl\u00eddno a na\u0161e motorky sp\u00ed sv\u00fdm zimn\u00edm sp\u00e1nkem. My tak trochu taky pod\u0159imujeme. Ze zimn\u00ed letargie n\u00e1s ob\u010das probere n\u011bjak\u00e1 ta akci\u010dka. A tou prvn\u00ed v roce je na\u0161e Pov\u00e1no\u010dn\u00ed posezen\u00ed Z\u00e1padu. \u00datuln\u00e1 \u00fasteck\u00e1 hosp\u016fdka \u201c U l\u00edpy\u201d n\u00e1m ka\u017edoro\u010dn\u011b poskytuje sv\u00e9 z\u00e1zem\u00ed. To leto\u0161n\u00ed se neslo v poklidn\u00e9m duchu zimn\u00edho pov\u00edd\u00e1n\u00ed s p\u0159\u00e1teli. I kdy\u017e zas tak poklidn\u00e9 to vlastn\u011b nebylo. Na\u0161e mil\u00e1 \u010cu\u0148aska se rozhodla tu s n\u00e1mi oslavit sv\u00e9 p\u016flkulat\u00e9 narozeniny (v\u011bk d\u00e1my se p\u0159ece neprozrazuje). Tak jsme ji museli \u2026 <a class=\"continue-reading-link\" href=\"https:\/\/www.shoc.cz\/?page_id=1703\">\u010c\u00edst d\u00e1le&#8230; <span class=\"meta-nav\">&rarr; <\/span><\/a><\/p>\n","protected":false},"author":3,"featured_media":0,"parent":248,"menu_order":10,"comment_status":"closed","ping_status":"closed","template":"","meta":{"ngg_post_thumbnail":0,"jetpack_post_was_ever_published":false,"footnotes":""},"class_list":["post-1703","page","type-page","status-publish","hentry"],"jetpack_shortlink":"https:\/\/wp.me\/P28ZiM-rt","jetpack_sharing_enabled":true,"_links":{"self":[{"href":"https:\/\/www.shoc.cz\/index.php?rest_route=\/wp\/v2\/pages\/1703","targetHints":{"allow":["GET"]}}],"collection":[{"href":"https:\/\/www.shoc.cz\/index.php?rest_route=\/wp\/v2\/pages"}],"about":[{"href":"https:\/\/www.shoc.cz\/index.php?rest_route=\/wp\/v2\/types\/page"}],"author":[{"embeddable":true,"href":"https:\/\/www.shoc.cz\/index.php?rest_route=\/wp\/v2\/users\/3"}],"replies":[{"embeddable":true,"href":"https:\/\/www.shoc.cz\/index.php?rest_route=%2Fwp%2Fv2%2Fcomments&post=1703"}],"version-history":[{"count":0,"href":"https:\/\/www.shoc.cz\/index.php?rest_route=\/wp\/v2\/pages\/1703\/revisions"}],"up":[{"embeddable":true,"href":"https:\/\/www.shoc.cz\/index.php?rest_route=\/wp\/v2\/pages\/248"}],"wp:attachment":[{"href":"https:\/\/www.shoc.cz\/index.php?rest_route=%2Fwp%2Fv2%2Fmedia&parent=1703"}],"curies":[{"name":"wp","href":"https:\/\/api.w.org\/{rel}","templated":true}]}}