{"id":2388,"date":"2025-02-10T15:52:12","date_gmt":"2025-02-10T14:52:12","guid":{"rendered":"https:\/\/www.shoc.cz\/?page_id=2388"},"modified":"2025-02-10T15:52:13","modified_gmt":"2025-02-10T14:52:13","slug":"2024-2","status":"publish","type":"page","link":"https:\/\/www.shoc.cz\/?page_id=2388","title":{"rendered":"2024"},"content":{"rendered":"\n<p>13.1. Pov\u00e1no\u010dn\u00ed posezen\u00ed Z\u00e1padu \u2013 restaurace Rozhledna, Teplice.<br>Op\u011bt se p\u0159ed\u00e1valy dary pro nejlep\u0161\u00ed z&nbsp;nejlep\u0161\u00edch v&nbsp;klubov\u00e9 sout\u011b\u017ei Zlat\u00fd patn\u00edk.<\/p>\n\n\n\n<ol class=\"wp-block-list\">\n<li>Kala 9994 km<\/li>\n\n\n\n<li>Syky 7256 km<\/li>\n\n\n\n<li>Coffee 7081 km<\/li>\n\n\n\n<li>Bosar 5669 km<\/li>\n\n\n\n<li>S\u016f\u010fa 5440 km<\/li>\n\n\n\n<li>Marty 5155 km<\/li>\n<\/ol>\n\n\n\n<p>20.4. Posezen\u00ed Jihu \u2013 jiho\u010desk\u00e9 st\u0159elby a p\u0159ed\u00e1n\u00ed charitativn\u00edho daru.<br>Sraz na \u010derpa\u010dce v&nbsp;Hlubok\u00e9 nad Vltavou, pot\u00e9 odjezd do bydli\u0161t\u011b mal\u00e9ho Erv\u00ednka, kde byl p\u0159ed\u00e1n dar. Po p\u0159ed\u00e1n\u00ed p\u0159esun na st\u0159elnici v&nbsp;\u010cern\u00e9 v&nbsp;Po\u0161umav\u00ed. Ve\u010dern\u00ed posezen\u00ed prob\u011bhlo v&nbsp;hotelu Racek tamt\u00e9\u017e.<\/p>\n\n\n\n<p>11.5. M\u00e1jov\u00e1 vyj\u00ed\u017e\u010fka Z\u00e1padu \u2013 se Z\u00e1padem na z\u00e1pad.<br>Sraz v&nbsp;11:00 na \u010derpac\u00ed stanici Shell v&nbsp;Lounech, odjezd sm\u011br \u00fadol\u00ed Oh\u0159e k&nbsp;pramenu Kyselky. Ve\u010der se odehr\u00e1l op\u011bt u Fouse ve Vid\u017e\u00ednii.<\/p>\n\n\n\n<p>17.-19.5. Syky party Sav\u00edn.<br>Po\u010das\u00ed nep\u0159\u00e1lo, na motorce dorazil jen chrabr\u00fd Franti\u0161ek a Bosar, ostatn\u00ed plechovkama. Nav\u0161t\u00edvili jsme muzeum seker v&nbsp;Konic\u00edch, odpoledne prob\u011bhl turnaj v&nbsp;ru\u010dn\u00edm, stoln\u00edm golfu. Docela jsme se do n\u011bj za\u017erali.<\/p>\n\n\n\n<p>8.6. MDA<\/p>\n\n\n\n<p>14.-16.6. XXVIII. klubov\u00fd sraz \u2013 rezort Cihelna v&nbsp;Bechyni.<br>S&nbsp;mezin\u00e1rodn\u00ed \u00fa\u010dast\u00ed Raku\u0161an\u016f a Pol\u00e1k\u016f, kapely hr\u00e1ly v&nbsp;p\u00e1tek i sobotu. Drobn\u00e9 z\u00e1drhele ze strany majitele resortu vyv\u00e1\u017eily spole\u010dn\u00e9 z\u00e1\u017eitky m.j. z&nbsp;focen\u00ed motorek pro klubov\u00fd kalend\u00e1\u0159 pro rok 2025 jak na m\u00edst\u011b, tak na St\u00e1dleck\u00e9m mostu.<\/p>\n\n\n\n<p>3.8. Na bu\u0159t\u00edka nejen u Va\u0161\u00edka byla soukrom\u00e1 klubov\u00e1 akce k&nbsp;oslav\u011b trojit\u00fdch narozenin, Va\u0161ek 50, Sally 60 a Shiny 70 v&nbsp;soukrom\u00e9m objektu cihelny v&nbsp;\u010cist\u00e9 u Rakovn\u00edka.<\/p>\n\n\n\n<p>21.9. Rum Tour<br>Sraz byl na \u010derpa\u010dce FrukOil Jind\u0159ich\u016fv Hradec s&nbsp;vyj\u00ed\u017e\u010fkou do Nov\u00e9 Byst\u0159ice.<\/p>\n\n\n\n<p>12.10. Posezen\u00ed Jihu \u2013 Nov\u00e1 hospoda Sedlec \u2013 L\u00e9ka\u0159ova Hu\u0165 s&nbsp;lukost\u0159elbou u Z\u00e1zvork\u016f.<\/p>\n\n\n\n<p>15.-17.11. Syky party Javo\u0159\u00ed\u010dko<br>V\u00edkendov\u00e1 akce V\u00fdchodu s&nbsp;aktivn\u00edm p\u0159\u00edstupem v\u011bt\u0161iny p\u0159\u00edtomn\u00fdch v&nbsp;podob\u011b golfu hran\u00fdm v\u0161\u00edm zahnut\u00fdm, ku\u017eelek, stoln\u00edho tenisu. Oba ve\u010dery se hr\u00e1lo na kytary, p\u011blo, \u0159valo, s\u00e1l se ve\u0161ker\u00fd mok, nebo\u0165 n\u00e1\u0161 n\u00e1\u010deln\u00edk slavil kulatiny.<\/p>\n\n\n\n<p>7.12. Mikul\u00e1\u0161sk\u00e9 h\u00e1zen\u00ed Caf\u00e9-bar Pelik\u00e1n ve Zdic\u00edch.<br>Tradi\u010dn\u00ed turnaj v&nbsp;\u0161ipk\u00e1ch.<\/p>\n\n\n\n<ol class=\"wp-block-list\">\n<li>Mist\u0159i(Franti\u0161ek, Pepe, Sup)<\/li>\n\n\n\n<li>Vejbor(Marty, Krata, S\u016f\u010fa)<\/li>\n\n\n\n<li>Ji\u017eani(Bosar, Coffee, Baron)<\/li>\n\n\n\n<li>St\u0159e\u010f\u00e1ci(Va\u0161ek, Ottelo, Kala)<\/li>\n\n\n\n<li>T\u00fdm J\u00e1ra(J\u00e1ra, Ka\u010dka, Kari)<\/li>\n\n\n\n<li>Holky(Zuzka, Danu\u0161, Hanka)<\/li>\n\n\n\n<li>Sestry(Lenka, V\u011bra, Wayra)<br>Franti\u0161ek v\u00e1lel jak u ter\u010de, tak na parketu. Souboj byl t\u011bsn\u00fd, Vejbo\u0159i byli druz\u00ed o pouh\u00fdch 15 bod\u016f. Fin\u00e1ln\u00ed akce roku byla spojena s narozeninami Kraty<\/li>\n<\/ol>\n","protected":false},"excerpt":{"rendered":"<p>13.1. Pov\u00e1no\u010dn\u00ed posezen\u00ed Z\u00e1padu \u2013 restaurace Rozhledna, Teplice.Op\u011bt se p\u0159ed\u00e1valy dary pro nejlep\u0161\u00ed z&nbsp;nejlep\u0161\u00edch v&nbsp;klubov\u00e9 sout\u011b\u017ei Zlat\u00fd patn\u00edk. 20.4. Posezen\u00ed Jihu \u2013 jiho\u010desk\u00e9 st\u0159elby a p\u0159ed\u00e1n\u00ed charitativn\u00edho daru.Sraz na \u010derpa\u010dce v&nbsp;Hlubok\u00e9 nad Vltavou, pot\u00e9 odjezd do bydli\u0161t\u011b mal\u00e9ho Erv\u00ednka, kde byl p\u0159ed\u00e1n dar. Po p\u0159ed\u00e1n\u00ed p\u0159esun na st\u0159elnici v&nbsp;\u010cern\u00e9 v&nbsp;Po\u0161umav\u00ed. Ve\u010dern\u00ed posezen\u00ed prob\u011bhlo v&nbsp;hotelu Racek tamt\u00e9\u017e. 11.5. M\u00e1jov\u00e1 vyj\u00ed\u017e\u010fka Z\u00e1padu \u2013 se Z\u00e1padem na z\u00e1pad.Sraz v&nbsp;11:00 na \u010derpac\u00ed stanici Shell v&nbsp;Lounech, odjezd sm\u011br \u00fadol\u00ed Oh\u0159e k&nbsp;pramenu Kyselky. Ve\u010der se odehr\u00e1l op\u011bt u Fouse ve Vid\u017e\u00ednii. 17.-19.5. Syky party Sav\u00edn.Po\u010das\u00ed nep\u0159\u00e1lo, na motorce dorazil jen chrabr\u00fd Franti\u0161ek a Bosar, ostatn\u00ed plechovkama. \u2026 <a class=\"continue-reading-link\" href=\"https:\/\/www.shoc.cz\/?page_id=2388\">\u010c\u00edst d\u00e1le&#8230; <span class=\"meta-nav\">&rarr; <\/span><\/a><\/p>\n","protected":false},"author":1,"featured_media":0,"parent":248,"menu_order":18,"comment_status":"closed","ping_status":"closed","template":"","meta":{"ngg_post_thumbnail":0,"jetpack_post_was_ever_published":false,"footnotes":""},"class_list":["post-2388","page","type-page","status-publish","hentry"],"jetpack_shortlink":"https:\/\/wp.me\/P28ZiM-Cw","jetpack_sharing_enabled":true,"_links":{"self":[{"href":"https:\/\/www.shoc.cz\/index.php?rest_route=\/wp\/v2\/pages\/2388","targetHints":{"allow":["GET"]}}],"collection":[{"href":"https:\/\/www.shoc.cz\/index.php?rest_route=\/wp\/v2\/pages"}],"about":[{"href":"https:\/\/www.shoc.cz\/index.php?rest_route=\/wp\/v2\/types\/page"}],"author":[{"embeddable":true,"href":"https:\/\/www.shoc.cz\/index.php?rest_route=\/wp\/v2\/users\/1"}],"replies":[{"embeddable":true,"href":"https:\/\/www.shoc.cz\/index.php?rest_route=%2Fwp%2Fv2%2Fcomments&post=2388"}],"version-history":[{"count":0,"href":"https:\/\/www.shoc.cz\/index.php?rest_route=\/wp\/v2\/pages\/2388\/revisions"}],"up":[{"embeddable":true,"href":"https:\/\/www.shoc.cz\/index.php?rest_route=\/wp\/v2\/pages\/248"}],"wp:attachment":[{"href":"https:\/\/www.shoc.cz\/index.php?rest_route=%2Fwp%2Fv2%2Fmedia&parent=2388"}],"curies":[{"name":"wp","href":"https:\/\/api.w.org\/{rel}","templated":true}]}}