{"id":243,"date":"2013-03-05T22:17:29","date_gmt":"2013-03-05T21:17:29","guid":{"rendered":"http:\/\/www.shoc.cz\/?page_id=243"},"modified":"2019-09-18T18:15:43","modified_gmt":"2019-09-18T17:15:43","slug":"o-nas","status":"publish","type":"page","link":"https:\/\/www.shoc.cz\/","title":{"rendered":"O n\u00e1s"},"content":{"rendered":"<h3><em>Jsme ofici\u00e1ln\u011b registrovan\u00fd zna\u010dkov\u00fd klub, sdru\u017euj\u00edc\u00ed majitele<\/em><br \/>\n<em> motocykl\u016f Honda Shadow, jej\u00edch n\u00e1stupc\u016f VTX a VT CX.<\/em><img loading=\"lazy\" decoding=\"async\" class=\"alignright wp-image-356\" src=\"http:\/\/web.shoc.cz\/wp-content\/uploads\/2013\/03\/sh2.jpg\" alt=\"sh2\" width=\"358\" height=\"269\" srcset=\"https:\/\/www.shoc.cz\/wp-content\/uploads\/2013\/03\/sh2.jpg 640w, https:\/\/www.shoc.cz\/wp-content\/uploads\/2013\/03\/sh2-300x225.jpg 300w, https:\/\/www.shoc.cz\/wp-content\/uploads\/2013\/03\/sh2-200x150.jpg 200w\" sizes=\"auto, (max-width: 358px) 100vw, 358px\" \/><\/h3>\n<p>&nbsp;<\/p>\n<h3><em>Pat\u0159\u00edme do velk\u00e9 rodiny<\/em><br \/>\n<em> Shadow Owners Clubs,<\/em><br \/>\n<em> kter\u00e1 se rozprost\u00edr\u00e1 nap\u0159\u00ed\u010d Evropou.<\/em><\/h3>\n<p>&nbsp;<\/p>\n<h4><span style=\"color: #3366ff;\"><em>N\u00e1\u0161 klub nem\u00e1 ambice st\u00e1t se MC, kter\u00e9 ov\u0161em respektuje!<\/em><\/span><\/h4>\n<p>&nbsp;<br \/>\n&nbsp;<\/p>\n<h4><em>\u010clenstv\u00ed<\/em> v klubu SHOC a <em>registrace<\/em> na str\u00e1nk\u00e1ch SHOC jsou <em>dv\u011b rozd\u00edln\u00e9 v\u011bci.<\/em><\/h4>\n<p><span style=\"text-decoration: underline;\"><em><span style=\"line-height: 24px;\">Registrace<\/span>&nbsp;na str\u00e1nk\u00e1ch<\/em><\/span> je podm\u00edn\u011bna pouze sympatizov\u00e1n\u00edm s na\u0161\u00edm klubem i p\u0159es to, \u017ee webov\u00e9 str\u00e1nky jsou vlastnictv\u00edm klubu.<br \/>\n<span style=\"text-decoration: underline;\"><em>\u010clenstv\u00ed v klubu<\/em><\/span> je podm\u00edn\u011bno nejen vlastnictv\u00edm motocyklu Honda Shadow, VTX \u010di VT &nbsp;CX, ale i aktivitou v klubu, p\u00edsemnou p\u0159ihl\u00e1\u0161kou, schv\u00e1len\u00edm \u010dleny klubu na \u010dlensk\u00e9 sch\u016fzi a zaplacen\u00edm \u010dlensk\u00fdch p\u0159\u00edsp\u011bvk\u016f.<\/p>\n<p>Pokud se chce\u0161 st\u00e1t \u010dlenem na\u0161eho klubu, obra\u0165 se na kapit\u00e1na nebo \u010dlena klubu. Pokud si nejsi jist\u00fd na koho se obr\u00e1tit, m\u016f\u017ee\u0161 samoz\u0159ejm\u011b oslovit veden\u00ed klubu. R\u00e1di ti zodpov\u00ed Tv\u00e9 ot\u00e1zky.<\/p>\n","protected":false},"excerpt":{"rendered":"<p>Jsme ofici\u00e1ln\u011b registrovan\u00fd zna\u010dkov\u00fd klub, sdru\u017euj\u00edc\u00ed majitele motocykl\u016f Honda Shadow, jej\u00edch n\u00e1stupc\u016f VTX a VT CX. &nbsp; Pat\u0159\u00edme do velk\u00e9 rodiny Shadow Owners Clubs, kter\u00e1 se rozprost\u00edr\u00e1 nap\u0159\u00ed\u010d Evropou. &nbsp; N\u00e1\u0161 klub nem\u00e1 ambice st\u00e1t se MC, kter\u00e9 ov\u0161em respektuje! &nbsp; &nbsp; \u010clenstv\u00ed v klubu SHOC a registrace na str\u00e1nk\u00e1ch SHOC jsou dv\u011b rozd\u00edln\u00e9 v\u011bci. Registrace&nbsp;na str\u00e1nk\u00e1ch je podm\u00edn\u011bna pouze sympatizov\u00e1n\u00edm s na\u0161\u00edm klubem i p\u0159es to, \u017ee webov\u00e9 str\u00e1nky jsou vlastnictv\u00edm klubu. \u010clenstv\u00ed v klubu je podm\u00edn\u011bno nejen vlastnictv\u00edm motocyklu Honda Shadow, VTX \u010di VT &nbsp;CX, ale i aktivitou v klubu, p\u00edsemnou p\u0159ihl\u00e1\u0161kou, schv\u00e1len\u00edm \u010dleny klubu na \u010dlensk\u00e9 sch\u016fzi \u2026 <a class=\"continue-reading-link\" href=\"https:\/\/www.shoc.cz\/\">\u010c\u00edst d\u00e1le&#8230; <span class=\"meta-nav\">&rarr; <\/span><\/a><\/p>\n","protected":false},"author":1,"featured_media":0,"parent":0,"menu_order":1,"comment_status":"closed","ping_status":"closed","template":"","meta":{"ngg_post_thumbnail":0,"jetpack_post_was_ever_published":false,"footnotes":""},"class_list":["post-243","page","type-page","status-publish","hentry"],"jetpack_shortlink":"https:\/\/wp.me\/P28ZiM-3V","jetpack_sharing_enabled":true,"_links":{"self":[{"href":"https:\/\/www.shoc.cz\/index.php?rest_route=\/wp\/v2\/pages\/243","targetHints":{"allow":["GET"]}}],"collection":[{"href":"https:\/\/www.shoc.cz\/index.php?rest_route=\/wp\/v2\/pages"}],"about":[{"href":"https:\/\/www.shoc.cz\/index.php?rest_route=\/wp\/v2\/types\/page"}],"author":[{"embeddable":true,"href":"https:\/\/www.shoc.cz\/index.php?rest_route=\/wp\/v2\/users\/1"}],"replies":[{"embeddable":true,"href":"https:\/\/www.shoc.cz\/index.php?rest_route=%2Fwp%2Fv2%2Fcomments&post=243"}],"version-history":[{"count":0,"href":"https:\/\/www.shoc.cz\/index.php?rest_route=\/wp\/v2\/pages\/243\/revisions"}],"wp:attachment":[{"href":"https:\/\/www.shoc.cz\/index.php?rest_route=%2Fwp%2Fv2%2Fmedia&parent=243"}],"curies":[{"name":"wp","href":"https:\/\/api.w.org\/{rel}","templated":true}]}}