{"id":263,"date":"2013-03-05T23:15:17","date_gmt":"2013-03-05T22:15:17","guid":{"rendered":"http:\/\/www.shoc.cz\/?page_id=263"},"modified":"2019-01-19T10:09:27","modified_gmt":"2019-01-19T09:09:27","slug":"2006-2","status":"publish","type":"page","link":"https:\/\/www.shoc.cz\/?page_id=263","title":{"rendered":"2006"},"content":{"rendered":"<h2>2006 &#8211; rok zakl\u00e1daj\u00edc\u00ed<\/h2>\n<p>\u00dapln\u011b prvn\u00ed z\u00e1pis by m\u011bl b\u00fdt o t\u0159i roky d\u0159\u00edve, kdy se Beech sna\u017e\u00ed zalo\u017eit Honda Shadow klub. Nedostate\u010dn\u00e1 p\u0159\u00edprava, nepochopen\u00ed my\u0161lenky \u010di snad nespr\u00e1vn\u00ed lid\u00e9 odsunuj\u00ed jeho snahu na vedlej\u0161\u00ed kolej. Motork\u00e1\u0159 jak\u00fdm je Beech se ale ned\u00e1 odradit, p\u0159ihla\u0161uje se do SHOC Germany (m\u00e1 to k nim kousek) a pracuje na zalo\u017een\u00ed SHOC v \u010cech\u00e1ch.<\/p>\n<p><img loading=\"lazy\" decoding=\"async\" class=\"alignleft size-full wp-image-460\" alt=\"p6080071_462\" src=\"http:\/\/web.shoc.cz\/wp-content\/uploads\/p6080071_462.jpg\" width=\"94\" height=\"224\" \/><br \/>\nP\u0159esko\u010d\u00edme do roku 2006. Beech se vrac\u00ed z motodovolen\u00e9 a s partou kamar\u00e1d\u016f zakotv\u00ed na srazu v Lu\u017eanech, kde potk\u00e1 Pep\u00edna obj\u00ed\u017ed\u011bj\u00edc\u00edho srazy. Doch\u00e1z\u00ed k nezbytn\u00e9mu n\u011bkolika hodinov\u00e9m pochvalov\u00e1n\u00ed motorek, dojde i na pivko, p\u0159i kter\u00e9m Beech p\u0159edstav\u00ed svou ideu o zalo\u017een\u00ed Klubu majitel\u016f Hondy Shadow. Prvn\u00ed co je napadne (o tom, v jak\u00e9m to bylo stavu, oba zaryt\u011b ml\u010d\u00ed), vy\u017eebraj\u00ed bu\u0159t-t\u00e1cky na n\u011b\u017e nap\u00ed\u0161ou kontakty na sebe a obejdou v\u0161echny Hondice na srazu. Zase nic, ale toto pam\u00e1tn\u00e9 rozd\u00e1v\u00e1n\u00ed t\u00e1ck\u016f se vrac\u00ed ve vzpom\u00ednk\u00e1ch mnoha n\u00e1v\u0161t\u011bvn\u00edk\u016f u na\u0161eho st\u00e1nku na v\u00fdstav\u011b MOTO 2007.<\/p>\n<p>&nbsp;<\/p>\n<h4>14.-15.10. 2006<\/h4>\n<p>Prvn\u00ed ofici\u00e1ln\u00ed pracovn\u00ed sraz SHOC<br \/>\nObesl\u00e1n\u00edm n\u011bkolika port\u00e1l\u016f se kone\u010dn\u011b poda\u0159ilo svolat p\u00e1r Shadowk\u00e1\u0159\u016f.<br \/>\nOfiko byl sraz svol\u00e1n ke kiosku u \u017d\u010f\u00e1kovsk\u00e9ho mostu, kde se se\u0161lo jeden\u00e1ct motorek. Po akademick\u00e9 \u010dekac\u00ed p\u016flhodince se kolona vydala do kempu v Trhovk\u00e1ch (Mile\u0161ov nad Vltavou). To\u0165 m\u00edsto zalo\u017een\u00ed SHOC Bohemia. Po proveden\u00e9m uk\u00e1zkov\u00e9m p\u0159ist\u00e1n\u00ed, zaparkov\u00e1n\u00ed, uji\u0161t\u011bn\u00ed spr\u00e1vce kempu \u017ee se nejedn\u00e1 o p\u0159epaden\u00ed, odj\u00ed\u017ed\u00ed Simox a Mako sm\u011br pracovn\u00ed vyt\u00ed\u017een\u00ed. Ostatn\u00ed se ubytov\u00e1vaj\u00ed a p\u0159ij\u00ed\u017ed\u00ed Gorky.<\/p>\n<p><span style=\"text-decoration: underline;\">Zakl\u00e1daj\u00edc\u00ed des\u00edtka:<\/span><img loading=\"lazy\" decoding=\"async\" class=\"alignright size-full wp-image-461\" alt=\"2006\" src=\"http:\/\/web.shoc.cz\/wp-content\/uploads\/2006.png\" width=\"318\" height=\"243\" srcset=\"https:\/\/www.shoc.cz\/wp-content\/uploads\/2006.png 318w, https:\/\/www.shoc.cz\/wp-content\/uploads\/2006-300x229.png 300w, https:\/\/www.shoc.cz\/wp-content\/uploads\/2006-196x150.png 196w\" sizes=\"auto, (max-width: 318px) 100vw, 318px\" \/><\/p>\n<p>Petr, Lazil, Beech, Pep\u00edno, Kv\u011bta a Jana (odhla\u0161uj\u00ed se na MOTU), Zden\u011bk (od srazu se nezapojil) Wiki, Lemmy a Gorky.<br \/>\nBeech po zku\u0161enostech ji\u017e vybaven v\u0161\u00edm pot\u0159ebn\u00fdm, vylo\u017eil svou my\u0161lenku na Shoc p\u0159edlo\u017eil stanovy a p\u0159ihl\u00e1\u0161ku na MV (spolupr\u00e1ce s \u010c\u00e1rlim). Nem\u016f\u017eeme zapomenout na p\u0159\u00edtomn\u00e9 ba\u0165\u016f\u017eky Lemmyho a Wikiho).<br \/>\nN\u00e1sledn\u00e1 debata o fungov\u00e1n\u00ed klubu a klasika mal\u00fdch sraz\u016f p\u0159ech\u00e1z\u00ed v nocleh. Ve\u010der je\u0161t\u011b odj\u00ed\u017ed\u00ed Petr. Za ran\u00edho oparu se v\u0161ichni ostatn\u00ed rozj\u00ed\u017ed\u011bj\u00ed vst\u0159\u00edc domov\u016fm.<br \/>\nJak d\u00e1le?<\/p>\n<h4>24.10.2006<\/h4>\n<p>Jedn\u00e9 bezesn\u00e9 noci Petr vytvo\u0159il jednoduch\u00e9 provizorn\u00ed str\u00e1nky SHOC. Netu\u0161il chud\u00e1k, \u017ee si na sebe upletl bi\u010d v podob\u011b spr\u00e1vce a odborn\u00edka v PC. Holt nikdo druh\u00fd nebyl&#8230;.<\/p>\n<h4>27.10.2006<\/h4>\n<p>Z\u00e1jem o komunikaci roste a nast\u00e1v\u00e1 nutnost vlastn\u00edho port\u00e1lu. Vznik\u00e1 prvn\u00ed diskusn\u00ed f\u00f3rum, druh\u00e9 diskusn\u00ed f\u00f3rum, t\u0159et\u00ed&#8230; a nakonec p\u0159ech\u00e1z\u00edme na n\u00e1\u0161 vlastn\u00ed port\u00e1l pod vlastn\u00ed dom\u00e9nou.<\/p>\n<h4>31.10.2006<\/h4>\n<p>Zaplacen\u00edm dom\u00e9ny (d\u00edky d\u00e1rci) z\u00edsk\u00e1v\u00e1me s kone\u010dnou platnost\u00ed port\u00e1l Shoc.cz Je pravdou, \u017ee bez t\u00e9to pomoci by to bylo asi rozhodn\u011b slo\u017eit\u011bj\u0161\u00ed.<br \/>\n(Petr a Lemmy cpou data o sto sedm)<\/p>\n<h4>1.11.2006<\/h4>\n<p>Za\u010d\u00edn\u00e1 registrace \u010dlen\u016f na port\u00e1le, jak st\u00e1v\u00e1j\u00edc\u00edch, ale i nov\u011b p\u0159\u00edchoz\u00edch. Snad nen\u00ed \u010dlena, kter\u00fd by n\u011bkam na internet nedal odkaz na n\u00e1\u0161 web. V\u0161echny motork\u00e1\u0159sk\u00e9 weby se pln\u00ed odkazy a p\u0159ib\u00fdvaj\u00ed i dal\u0161\u00ed \u010dlenov\u00e9. N\u00e1v\u0161t\u011bvnost den ode dne roste. Roste i komunikace mezi \u010dleny a navazuj\u00ed se pevn\u00e9 kontakty.<\/p>\n<h4>5.11.2006<\/h4>\n<p><img loading=\"lazy\" decoding=\"async\" class=\"alignright size-full wp-image-462\" alt=\"shad\" src=\"http:\/\/web.shoc.cz\/wp-content\/uploads\/shad.png\" width=\"154\" height=\"205\" srcset=\"https:\/\/www.shoc.cz\/wp-content\/uploads\/shad.png 154w, https:\/\/www.shoc.cz\/wp-content\/uploads\/shad-112x150.png 112w\" sizes=\"auto, (max-width: 154px) 100vw, 154px\" \/><br \/>\nBeech zajistil &#8222;10% slevu pro \u010dleny Shoc&#8220;, <a href=\"http:\/\/www.custombike.de\/\" target=\"_blank\">www.custombike.de<\/a><\/p>\n<h4>7.11.2006<\/h4>\n<p>P\u0159ihl\u00e1\u0161en dvac\u00e1t\u00fd \u010dlen = Simox<\/p>\n<h4>21.11.2006<\/h4>\n<p>P\u0159ekvapen\u00ed od Petra. D\u00edky jeho schopnostem (&#8230;..atd) se spojil s po\u0159adatelkou v\u00fdstavy Motocykl 07 a byla n\u00e1m p\u0159isl\u00edben\u00e1 mo\u017enost se na v\u00fdstav\u011b prezentovat jako klub.<\/p>\n<h4>24.11.2006<\/h4>\n<p>Kone\u010dn\u011b p\u0159i\u0161lo potvrzen\u00ed o registraci klubu u MV (nic nejde na poprv\u00e9, podruh\u00e9, pot\u0159et\u00ed&#8230;&#8230;.)<br \/>\n<em>&#8222;V\u00e1\u017een\u00ed \u010dlenov\u00e9, dnes mn\u011b p\u0159i\u0161la registrace od MV a jsme t\u00edm p\u00e1dem plnohodnotn\u00e1 organizace&#8220;<\/em> (Beech)<\/p>\n<h4>3.12.2006<\/h4>\n<p><em>&#8222;Tak p\u0159\u00e1tel\u00e9 hodina pravdy ude\u0159ila!&#8220;<\/em> (Beech)<br \/>\nPro dal\u0161\u00ed fungov\u00e1n\u00ed klubu, port\u00e1lu, financov\u00e1n\u00ed n\u00e1\u0161ivek a ostatn\u00edho byly po diskuzi stanoveny \u010dlensk\u00e9 p\u0159\u00edsp\u011bvky.<\/p>\n<h4>5.12.2006<\/h4>\n<p>olavuje kulat\u00e9 60-t\u00e9 narozneniny TA\u0164KA<\/p>\n<h4>8.12.2006<\/h4>\n<p>Mako a Simox projedn\u00e1vaj\u00ed na\u0161\u00ed \u00fa\u010dast na v\u00fdstav\u011b Motocykl 2007 s mana\u017eerkou v\u00fdstavy.<img loading=\"lazy\" decoding=\"async\" class=\"alignright size-full wp-image-463\" alt=\"Shoc\" src=\"http:\/\/web.shoc.cz\/wp-content\/uploads\/Shoc1.jpg\" width=\"488\" height=\"400\" srcset=\"https:\/\/www.shoc.cz\/wp-content\/uploads\/Shoc1.jpg 488w, https:\/\/www.shoc.cz\/wp-content\/uploads\/Shoc1-300x245.jpg 300w, https:\/\/www.shoc.cz\/wp-content\/uploads\/Shoc1-183x150.jpg 183w\" sizes=\"auto, (max-width: 488px) 100vw, 488px\" \/><br \/>\n<em>&#8222;Tak a je to. M\u00e1me zaji\u0161t\u011bn jeden st\u016fl a dv\u011b \u017eidle.&#8220;<\/em> (Mako)<br \/>\nTo je\u0161t\u011b nikdo netu\u0161il na kolik m\u00edsta se opravdu rozt\u00e1hneme.<\/p>\n<h4>23.12.2006<\/h4>\n<p>Provedeno nezbytn\u00e9 rozd\u011blen\u00ed na kraje a jejich kapit\u00e1ny.<br \/>\nZ\u00e1pad = Beech<br \/>\nJih = Lemmy<br \/>\nSever = Pep\u00edno<br \/>\nV\u00fdchod= Wiki<br \/>\nSt\u0159ed a Praha = Petr<\/p>\n","protected":false},"excerpt":{"rendered":"<p>2006 &#8211; rok zakl\u00e1daj\u00edc\u00ed \u00dapln\u011b prvn\u00ed z\u00e1pis by m\u011bl b\u00fdt o t\u0159i roky d\u0159\u00edve, kdy se Beech sna\u017e\u00ed zalo\u017eit Honda Shadow klub. Nedostate\u010dn\u00e1 p\u0159\u00edprava, nepochopen\u00ed my\u0161lenky \u010di snad nespr\u00e1vn\u00ed lid\u00e9 odsunuj\u00ed jeho snahu na vedlej\u0161\u00ed kolej. Motork\u00e1\u0159 jak\u00fdm je Beech se ale ned\u00e1 odradit, p\u0159ihla\u0161uje se do SHOC Germany (m\u00e1 to k nim kousek) a pracuje na zalo\u017een\u00ed SHOC v \u010cech\u00e1ch. P\u0159esko\u010d\u00edme do roku 2006. Beech se vrac\u00ed z motodovolen\u00e9 a s partou kamar\u00e1d\u016f zakotv\u00ed na srazu v Lu\u017eanech, kde potk\u00e1 Pep\u00edna obj\u00ed\u017ed\u011bj\u00edc\u00edho srazy. Doch\u00e1z\u00ed k nezbytn\u00e9mu n\u011bkolika hodinov\u00e9m pochvalov\u00e1n\u00ed motorek, dojde i na pivko, p\u0159i kter\u00e9m Beech p\u0159edstav\u00ed svou \u2026 <a class=\"continue-reading-link\" href=\"https:\/\/www.shoc.cz\/?page_id=263\">\u010c\u00edst d\u00e1le&#8230; <span class=\"meta-nav\">&rarr; <\/span><\/a><\/p>\n","protected":false},"author":3,"featured_media":0,"parent":248,"menu_order":0,"comment_status":"closed","ping_status":"closed","template":"","meta":{"ngg_post_thumbnail":0,"jetpack_post_was_ever_published":false,"footnotes":""},"class_list":["post-263","page","type-page","status-publish","hentry"],"jetpack_shortlink":"https:\/\/wp.me\/P28ZiM-4f","jetpack_sharing_enabled":true,"_links":{"self":[{"href":"https:\/\/www.shoc.cz\/index.php?rest_route=\/wp\/v2\/pages\/263","targetHints":{"allow":["GET"]}}],"collection":[{"href":"https:\/\/www.shoc.cz\/index.php?rest_route=\/wp\/v2\/pages"}],"about":[{"href":"https:\/\/www.shoc.cz\/index.php?rest_route=\/wp\/v2\/types\/page"}],"author":[{"embeddable":true,"href":"https:\/\/www.shoc.cz\/index.php?rest_route=\/wp\/v2\/users\/3"}],"replies":[{"embeddable":true,"href":"https:\/\/www.shoc.cz\/index.php?rest_route=%2Fwp%2Fv2%2Fcomments&post=263"}],"version-history":[{"count":0,"href":"https:\/\/www.shoc.cz\/index.php?rest_route=\/wp\/v2\/pages\/263\/revisions"}],"up":[{"embeddable":true,"href":"https:\/\/www.shoc.cz\/index.php?rest_route=\/wp\/v2\/pages\/248"}],"wp:attachment":[{"href":"https:\/\/www.shoc.cz\/index.php?rest_route=%2Fwp%2Fv2%2Fmedia&parent=263"}],"curies":[{"name":"wp","href":"https:\/\/api.w.org\/{rel}","templated":true}]}}