{"id":267,"date":"2013-03-05T23:16:24","date_gmt":"2013-03-05T22:16:24","guid":{"rendered":"http:\/\/www.shoc.cz\/?page_id=267"},"modified":"2019-01-19T10:09:12","modified_gmt":"2019-01-19T09:09:12","slug":"2008-2","status":"publish","type":"page","link":"https:\/\/www.shoc.cz\/?page_id=267","title":{"rendered":"2008"},"content":{"rendered":"<h3>3. 1. 2008 &#8211; Zimn\u00ed posezen\u00ed u Houmra<\/h3>\n<p>Tak\u017ee prvn\u00ed \u010dtvrtek v m\u011bs\u00edci a z\u00e1rove\u0148 prvn\u00ed v nov\u00e9m roce se se\u0161lo p\u00e1r &#8222;st\u0159e\u010f\u00e1k\u016f&#8220; k p\u0159\u00edjemn\u00e9mu posezen\u00ed a pokl\u00e1bosen\u00ed.<br \/>\n\u0160koda \u017ee nikdo nov\u00fd nezav\u00edtal.<\/p>\n<h3>18. 1. 2008 &#8211; ST\u0158ED HRAJE BOWLING<\/h3>\n<p>Op\u011bt jsme se se\u0161li zahr\u00e1t si Bowling. \u00da\u010dast byla hojn\u00e1, skv\u011ble jsme se pobavili a nikdo se snad nezranil&#8230;<\/p>\n<h3>1. 2. 2008 &#8211; Bowling sever<\/h3>\n<p>Tak\u017ee Sever zkusil znovu za\u00fato\u010dit pod veden\u00edm: Navi,Silva,Mar\u0165as,M\u00ed\u0161a,Johny,Mil\u010da,Dudul\u00ednek,M\u00edra,Fido a nesm\u00edm zapomenout na milou a vz\u00e1cnou n\u00e1v\u0161t\u011bvu v podob\u011b Wikiho s man\u017eelkou.<br \/>\nAkce se samoz\u0159ejm\u011b op\u011bt vyda\u0159ila,tak\u017ee v\u0161em \u00fa\u010dastn\u00edk\u016f d\u011bkuji! Ku\u017eelky padaly, pod n\u00e1porem na\u0161ich hod\u016f, jedna za druhou a tot\u00e9\u017e se d\u00e1 \u0159\u00edci i o alkoholu v podob\u011b piva, a aby bylo veselo,tak i v podob\u011b pan\u00e1k\u016f. Kone\u010dn\u011b jsme Dudul\u00ednka nau\u010dili,jak se m\u00e1 spr\u00e1vn\u011b p\u00edt zelen\u00e1 se \u0161leha\u010dkou<\/p>\n<h3>9. 2. 2008 &#8211; Vyj\u00ed\u017e\u010fka Severu<\/h3>\n<p>Tak jsme si ud\u011blali Kr\u00e1snou vyj\u00ed\u017e\u010fku po okol\u00ed Mostecka, \u00dast\u00ed, Litom\u011b\u0159ic.<br \/>\nNX- Petr s Lenkou, T\u00fd\u0161a a J\u00e1. Kr\u00e1sn\u00e9 slun\u00ed\u010dko dobr\u00fdch 10 stup\u0148\u016f nad nulou. Jelo se skv\u011ble.<\/p>\n<h3>5. &#8211; 9. 3. 2008- v\u00fdstava Motocykl<\/h3>\n<p>V\u00fdstavu zaji\u0161\u0165oval st\u0159ed. V p\u0159\u00edpravn\u00e9m v\u00fdboru byli : Simox, Monkey, Hanka+Jerry, M\u00edra+Mon\u010da, L\u00e1la, Jarin+ba\u0165\u016f\u017eek).<br \/>\nPro v\u00fdstavu poskytli motorky Petr Admin a tak\u00e9 Jarin.<br \/>\nHonda p\u0159ivezla na v\u00fdstavu simul\u00e1tor j\u00edzdy na motocyklu, aby se nedo\u010dkavci mohli sv\u00e9zt, \u010deho\u017e v\u0161ichni vyu\u017eili :-). M\u00edrovi a Jerrymu to nesta\u010dilo a tak se, i p\u0159es velkou zimu, dostavili na v\u00fdstavi\u0161t\u011b na motork\u00e1ch.<\/p>\n<h3>5. 4. 2008 &#8211; Zah\u00e1jen\u00ed sezony Praha &#8211; Pod\u011bbrady<\/h3>\n<p>Ka\u017edoro\u010dn\u00ed zah\u00e1jen\u00ed sez\u00f3ny j\u00edzdou z Prahy do Pod\u011bbrad<\/p>\n<h3>13. 4. 2008 &#8211; Vikend na Severu<\/h3>\n<p>Hejtmansk\u00e1 vyj\u00ed\u017e\u010fka byla super. Organizace na v\u00fdbornou, motorek spousta, po\u010das\u00ed zpo\u010d\u00e1tku na prd, ale b\u011bhem dne super.<\/p>\n<h3>24. 4. 2008 &#8211; Vyj\u00ed\u017e\u010fka kter\u00e1 se povedla<\/h3>\n<p>Nepl\u00e1novan\u00e9 akce v\u011bt\u0161inou dopadnou perfektn\u011b a to i ta na\u0161e. NX-Petr zavolal a jelo se. Bylo kr\u00e1sn\u011b a tak cesta Lirom\u011b\u0159ice, Most CHomutov, Kada\u0148, \u017datec a zp\u011bt&#8230;<\/p>\n<h3>27. 4. 2008 &#8211; Vyj\u00ed\u017e\u010fka do Lom\u016f<\/h3>\n<p>Tak\u017ee &#8222;tour de lom&#8220; spo\u010d\u00edv\u00e1 v kombinovan\u00e9m dvojboji : J\u00edzda, co\u017e je bezva a Ch\u016fze, co\u017e u\u017e takov\u00e1 z\u00e1bava nen\u00ed, ale kdo chce vid\u011bt n\u011bco neobvykl\u00e9ho &#8222;mus\u00ed i p\u0159es plot sko\u010dit&#8220; a to doslova &#8230;<\/p>\n<h3>10. 5. 2008 &#8211; Probouzen\u00ed netop\u00fdr\u016f 2008<\/h3>\n<p>Leto\u0161n\u00ed Probouzen\u00ed netop\u00fdr\u016f je za n\u00e1mi. Duch hami\u017enosti bohu\u017eel ovl\u00e1d\u00e1 u\u017e i motoakce a pak se nen\u00ed co divit, \u017ee nikdo nechce d\u00e1t 300,- pen\u011bz (moto, J\u00e1 a ba\u0165\u016f\u017eek \u00e1100,-) za vjezd do are\u00e1lu Pekeln\u00fdch dol\u016f, i p\u0159es to, \u017ee nez\u016fst\u00e1v\u00e1m na program, jdu si d\u00e1t kafe a n\u011bco k j\u00eddlu. Vlastn\u011b svou \u00fa\u010dast\u00ed na jejich akc\u00edch podporuji Pekeln\u00e9 doly v rozep\u0159\u00edch s okoln\u00edmi sousedy. Kde nastala chyba nev\u00edm, kluci po\u0159adatel\u00e9 (motork\u00e1\u0159i) jsou v pohod\u011b. Pokud bude pokra\u010dovat tento p\u0159\u00edstup, tak se nem\u016f\u017eeme divit, \u017ee jsou obsazen\u00e9 v\u0161echny hospody po okol\u00ed a odjede spoustu nas&#8230;&#8230;&#8230; motork\u00e1\u0159\u016f.<br \/>\nJinak: po\u010das\u00ed super, cesta dobr\u00e1 a zakon\u010den\u00ed v restauraci U Lex\u016f v obci K\u00e1men.<\/p>\n<h3>23 &#8211; 25. 5. 2008 &#8211; Freedom party 2008<\/h3>\n<p>Freedom byl jako v\u017edy na \u00farovni a Tublatanka hr\u00e1la skv\u011ble, je\u0161t\u011b te\u010f nem\u016f\u017eeme po\u0159\u00e1dn\u011b mluvit, jak jsme si zab\u00e9kali.<br \/>\n\u00fa\u010dast: FOXXX, Henry50, Amorek, Leo. Ka\u017edop\u00e1dn\u011b jsem poznal 3 nov\u00e9 shadow\u00e1ky a pl\u00e1nujeme skupinov\u00fd v\u00fdjezd na SHOC sraz<\/p>\n<h3>6 &#8211; 8. 6. 2008 &#8211; III.ofici\u00e1ln\u00ed sraz SHOC Bohemia Vnorovice u Da\u010dic<\/h3>\n<p>Na sraz p\u0159ijelo hodn\u011b kamar\u00e1d\u016f ze slovenska a byli tak sna\u017eiv\u00ed, \u017ee vyhr\u00e1li v sout\u011b\u017e\u00edch snad v\u0161echny ceny. Krom\u011b jin\u00e9ho prob\u011bhla sout\u011b\u017e Miss mokr\u00e9 t\u0159i\u010dko a k velk\u00e9 pot\u011b\u0161e p\u0159\u00edtomn\u00fdch dam i Miss\u00e1k mokr\u00e9 trenky \ud83d\ude42<br \/>\nO motorky bylo postar\u00e1no opravdu kr\u00e1lovsky &#8211; byly ust\u00e1jeny ve stodole na sen\u011b \ud83d\ude42<br \/>\nhttpv:\/\/youtu.be\/5tdwMPd7e6E<\/p>\n<h3>10. &#8211; 13. 7. SLOVENSKO<\/h3>\n<p>Tak dovolena na Slovensku je za nami a lze jenom kostatovat,ze byla naprosto perfektni.Ve ctvrtek vyrazel z Pardubic konvoj 7 masin a prvnim cilem byl Slovensky Senec.Po ceste jsme se stacili zastavit na morave u josefova dolu a pote jsme pohodovym tempem presli slovenskou hranici a kolem 8h dorazili do Sence, kde se nam po 2h podarilo sehnat ubytovani v jednom hotylku a vecer hura na veceri a na pivko po absolvovani trasy 350km.Druhy den jsme si vybrali za cil okoli Dunaje se zastavkou na megalomanske stavbe v podobe Gabcikova a pote pres Komarno do Hurbanova,kde jsme se ubytovali a pote vyrazli v doprovodu slovenskeho pruvodce Petra na breh reky Vah.Vzhledem k tomu,ze bylo kolem 33C, tak koupani v rece bylo naprosto super.Po navratu se vecer opet rozjimalo u pivka spradali se plany na dalsi den na Slovesku, kdy jsme si naplanovali vylet do Madarska.Takze hned po ranu v doprovodu Petra jsme vyrazili pres nove Zamky do Sturova,kde jsme prekrocili jiz v poradi druhe statni hranice a to Madarske.Tady jsme mrkli na historickou cast mesta a vyrazili zpatky s kratkou zastavkou na koupani ve Vahu a potom pres Malacky zpatky do Cech.Sobotni vecer jsme zakoncili kousek od Vestonic v jednom penzionku a bylo to tak tak,pac se pak strhl privalovy lijak.Nicmene v teple hospudky s prijemnou obsluhou jsme v poho preckali a dnes po ranu jsme vyrazli zpatky k domovum.<br \/>\nTo je jenom kratky popis,ale proste muzu jenom rict,ze to byla naprosto perfektni dovolena,jak trasa,silnice,tak i to pocasi nam vyslo,ale taky hlavne bezva parta.Takze vsem moc dik za supr 4dny v sedle masiny,jmenovite: Dudulinek,Mira,Robert,Vasek,Gorky,Lookino.<\/p>\n<h3>6. 9. 2008 &#8211; Valn\u00e1 hromada &#8211; Trhovky 2008<\/h3>\n<p>&#8211; Diskuse a hlasov\u00e1n\u00ed o \u00fa\u010dasti klubu na v\u00fdstav\u011b Motocykl 2009<br \/>\n&#8211; Hlasov\u00e1n\u00ed o podzimn\u00edm srazu SHOC po\u0159\u00e1dan\u00e9m krajem Z\u00e1pad<br \/>\nPrezident: Beech, kapit\u00e1ni: Lazil, Jerry, Grizzly, Navi a Sl\u00e1vek Lazil<\/p>\n<h3>12 &#8211; 14. 9. 2008 &#8211; IV.ofici\u00e1ln\u00ed sraz SHOC Bohemia Star\u00e1 Lys\u00e1<\/h3>\n<p>Lidi organizace i prost\u0159ed\u00ed kde se sraz konal byli prima.<br \/>\nJedinou vadou tak byla ta zima, r\u00e1no dokonce na\u0161e stroje pokryla ledovatka. Jinak sraz prob\u011bhl v klidu. N\u00e1ladu spest\u0159il neojodv\u00e1\u017en\u011bj\u0161\u00ed kousek &#8211; b\u011bh p\u0159es hospodu nah\u00fd s nahou partnerkou v n\u00e1ru\u010d\u00ed zakon\u010den\u00fd skokem z okna &#8211; co by jeden neud\u011blal pro v\u00fdhru presova\u010de \ud83d\ude42 Kdy\u017e se sejde super parta tak to nem\u00e1 chybu.<\/p>\n<h3>27. 9. 2008 &#8211; Je\u0161t\u011bd Tour 2008<\/h3>\n<h3>12. 10. 2008 &#8211; Ned\u011bln\u00ed vyj\u00ed\u017e\u010fka po Kru\u0161n\u00fdch horach<\/h3>\n<p>I kdy\u017e dopoledne bylo nevl\u00eddn\u00e9, zata\u017eeno a m\u017eilo, ale n\u00e1s to neodradilo. Vyrazili jsme na kope\u010dky, kde n\u00e1s p\u0159ekvapilo kr\u00e1sn\u00e9 teplo a slun\u00ed\u010dko. Projeli jsme Kl\u00edny, zastavili se na Fl\u00e1jsk\u00e9 p\u0159ehrad\u011b,pokra\u010dovali p\u0159es Mn\u00ed\u0161ek, kde jsme, se v m\u00edstn\u00ed restauraci, posilnili a pokra\u010dovali d\u00e1l na Nov\u00e1 Ves,Hora sv.Kate\u0159iny, Bolebo\u0159 a dolu do Jirkova u Chomutova a domu. Opravdu se v\u00fdkend vyda\u0159il. A kdo se z\u016f\u010dastnil? No p\u0159eci ti skaln\u00ed co nic neodrad\u00ed: Kapit\u00e1n, NX Petr s Lenkou, T\u00fd\u0161a, Eddie a kamar\u00e1d Martin. A ti co nejeli m\u016f\u017eou jen litovat.<\/p>\n<h3>29. 10. 2008 &#8211; Setk\u00e1n\u00ed na \u010cern\u00e9m Most\u011b<\/h3>\n<p>Akce prob\u011bhla v klidu, pohod\u011b. Prob\u011bhla p\u0159\u00edprava na turnaj v \u0161ipk\u00e1ch. V\u00fdsledky nebyly v pr\u016fm\u011bru nijak oslniv\u00e9, p\u0159esto by se u n\u00e1s na\u0161lo p\u00e1r reprezentant\u016f schopn\u00fdch n\u00e1\u0161 kraj velmi kvalitn\u011b zastupovat. Dostaviv\u0161\u00ed se \u010dlenov\u00e9 odsouhlasili danou lokalitu k na\u0161emu pravideln\u00e9mu zimn\u00edmu setk\u00e1v\u00e1n\u00ed.<br \/>\nPrezen\u010dn\u00ed listina: Honza, Jerry, L\u00e1la, M\u00edra, Monkey, Makinka, Mako, Thana, Monika.<\/p>\n<h3>3. 12. 2008 &#8211; Zimn\u00ed posezen\u00ed st\u0159edu<\/h3>\n<p>Mikul\u00e1\u0161sk\u00e1 akce 3.12.2008 se velmi vyda\u0159ila a v\u0161ichni se tv\u00e1\u0159ili, \u017ee se jim to l\u00edbilo. Hr\u00e1li se \u0161ipky, kule\u010dn\u00edk, pilo se pivo (i \u010daj ) a z\u00e1bava b\u011b\u017eela v pln\u00e9m proudu. Jen prvn\u00ed cenu se mi nepoda\u0159ilo dov\u00e9zt v po\u0159\u00e1dku (\u010dokol\u00e1dov\u00e9ho Mikul\u00e1\u0161e) a tak jsme ji pro jistotu sn\u011bdli kolektivn\u011b.<br \/>\nZ\u016f\u010dastnilo se celkem 16 lid\u00ed a to: Simox, Michal, Jerry, Radovan, Monkey, Gorky, Petr Hoda\u010d, Honza, Mako, Qerty, Thana, Makinka, John Deer, Pepe, Jarda, a jako nez\u00e1visl\u00e1 pozorovatelka a\u017e z Velvar, Jana.<\/p>\n","protected":false},"excerpt":{"rendered":"<p>3. 1. 2008 &#8211; Zimn\u00ed posezen\u00ed u Houmra Tak\u017ee prvn\u00ed \u010dtvrtek v m\u011bs\u00edci a z\u00e1rove\u0148 prvn\u00ed v nov\u00e9m roce se se\u0161lo p\u00e1r &#8222;st\u0159e\u010f\u00e1k\u016f&#8220; k p\u0159\u00edjemn\u00e9mu posezen\u00ed a pokl\u00e1bosen\u00ed. \u0160koda \u017ee nikdo nov\u00fd nezav\u00edtal. 18. 1. 2008 &#8211; ST\u0158ED HRAJE BOWLING Op\u011bt jsme se se\u0161li zahr\u00e1t si Bowling. \u00da\u010dast byla hojn\u00e1, skv\u011ble jsme se pobavili a nikdo se snad nezranil&#8230; 1. 2. 2008 &#8211; Bowling sever Tak\u017ee Sever zkusil znovu za\u00fato\u010dit pod veden\u00edm: Navi,Silva,Mar\u0165as,M\u00ed\u0161a,Johny,Mil\u010da,Dudul\u00ednek,M\u00edra,Fido a nesm\u00edm zapomenout na milou a vz\u00e1cnou n\u00e1v\u0161t\u011bvu v podob\u011b Wikiho s man\u017eelkou. Akce se samoz\u0159ejm\u011b op\u011bt vyda\u0159ila,tak\u017ee v\u0161em \u00fa\u010dastn\u00edk\u016f d\u011bkuji! Ku\u017eelky padaly, pod n\u00e1porem na\u0161ich hod\u016f, \u2026 <a class=\"continue-reading-link\" href=\"https:\/\/www.shoc.cz\/?page_id=267\">\u010c\u00edst d\u00e1le&#8230; <span class=\"meta-nav\">&rarr; <\/span><\/a><\/p>\n","protected":false},"author":3,"featured_media":0,"parent":248,"menu_order":2,"comment_status":"closed","ping_status":"closed","template":"","meta":{"ngg_post_thumbnail":0,"jetpack_post_was_ever_published":false,"footnotes":""},"class_list":["post-267","page","type-page","status-publish","hentry"],"jetpack_shortlink":"https:\/\/wp.me\/P28ZiM-4j","jetpack_sharing_enabled":true,"_links":{"self":[{"href":"https:\/\/www.shoc.cz\/index.php?rest_route=\/wp\/v2\/pages\/267","targetHints":{"allow":["GET"]}}],"collection":[{"href":"https:\/\/www.shoc.cz\/index.php?rest_route=\/wp\/v2\/pages"}],"about":[{"href":"https:\/\/www.shoc.cz\/index.php?rest_route=\/wp\/v2\/types\/page"}],"author":[{"embeddable":true,"href":"https:\/\/www.shoc.cz\/index.php?rest_route=\/wp\/v2\/users\/3"}],"replies":[{"embeddable":true,"href":"https:\/\/www.shoc.cz\/index.php?rest_route=%2Fwp%2Fv2%2Fcomments&post=267"}],"version-history":[{"count":0,"href":"https:\/\/www.shoc.cz\/index.php?rest_route=\/wp\/v2\/pages\/267\/revisions"}],"up":[{"embeddable":true,"href":"https:\/\/www.shoc.cz\/index.php?rest_route=\/wp\/v2\/pages\/248"}],"wp:attachment":[{"href":"https:\/\/www.shoc.cz\/index.php?rest_route=%2Fwp%2Fv2%2Fmedia&parent=267"}],"curies":[{"name":"wp","href":"https:\/\/api.w.org\/{rel}","templated":true}]}}