{"id":269,"date":"2013-03-05T23:16:40","date_gmt":"2013-03-05T22:16:40","guid":{"rendered":"http:\/\/www.shoc.cz\/?page_id=269"},"modified":"2019-01-19T10:09:05","modified_gmt":"2019-01-19T09:09:05","slug":"2009-2","status":"publish","type":"page","link":"https:\/\/www.shoc.cz\/?page_id=269","title":{"rendered":"2009"},"content":{"rendered":"<h3>7. 1. 2009 &#8211; Zimn\u00ed posezen\u00ed st\u0159edu<\/h3>\n<p>Akce byla zase super, n\u00e1lada v\u00fdborn\u00e1. Hr\u00e1ly se op\u011bt \u0161ipky a testoval rozli\u010dn\u00fd alkohol. \u00da\u010dast m\u00e1 st\u00e9le stoupaj\u00edc\u00ed tendenci a byla rekordn\u00ed, nebo\u0165 se z\u016f\u010dastnilo 19 lid\u00ed.<br \/>\nP\u0159\u00edtomni byli: Radovan, Monkey, L\u00e1la se S\u00e1rou Jerry s Thanou, M\u00edra s Monikou, Petrik, Petr Hoda\u010d, Michal, Simox, Adamte s Ilonou, Makinka, John Deer, Pepe, Qwerty a jako pozorovatel Petr (p\u0159em\u00fd\u0161l\u00ed o zakoupen\u00ed motocyklu).<\/p>\n<h3>28. 1 &#8211; 1. 2. 2009 &#8211; HORY &#8211; leden 2009<\/h3>\n<p>Zimn\u00ed sraz SHOC na chat\u011b v Jizersk\u00fdch hor\u00e1ch. Vyst\u0159\u00eddalo se zde mnoho lid\u00ed z SHOC. V\u0161ichni se \u0159\u00e1dn\u011b pobavili, sva\u0159\u00e1k tekl proudem a dokonce se venku grilovalo.<br \/>\n\u010clenov\u00e9 st\u0159edu domluvili na hor\u00e1ch chatu.<\/p>\n<h3>4. 2. 2009 &#8211; Zimn\u00ed posezen\u00ed st\u0159edu<\/h3>\n<p>Akce op\u011bt v pohod\u011b, .Bylo vid\u011bt, \u017ee zimn\u00ed \u00fanava pracuje a tak se nehr\u00e1ly \u017e\u00e1dn\u00e9 hry, ale jen pop\u00edjelo a besedovalo, po\u010det \u00fa\u010dastn\u00edk\u016f 14.<\/p>\n<h3>4. 3. 2009 &#8211; Zimn\u00ed posezen\u00ed st\u0159edu<\/h3>\n<p>\u00da\u010dast na na\u0161em posledn\u00edm posezen\u00ed byla vskutku rekordn\u00ed. U\u017e tam chod\u00ed nejen \u010dlenov\u00e9, p\u0159\u00e1tel\u00e9 a p\u0159\u00e1tel\u00e9 p\u0159\u00e1tel, ale u\u017e se na n\u00e1s p\u0159i\u0161la pod\u00edvat i jedna maminka ( samoz\u0159ejm\u011b \u017ee v dobr\u00e9m ). Tak abych V\u00e1s nenap\u00ednal, v pr\u016fb\u011bhu ve\u010dera se se\u0161lo 27 lidi\u010dek, podporuj\u00edc\u00edch n\u00e1\u0161 klub. N\u00e1lada a z\u00e1bava na na\u0161em setk\u00e1n\u00ed byla natolik v\u00fdborn\u00e1, \u017ee se Vomix okam\u017eit\u011b rozhodl vstoupit do na\u0161eho klubu SHOC. Na na\u0161em setk\u00e1n\u00ed bylo tak\u00e9 projedn\u00e1no a domluveno v\u0161e pot\u0159ebn\u00e9 kolem v\u00fdstavy Motocykl 2009, tak\u017ee v organizaci by nem\u011bl b\u00fdt \u017e\u00e1dn\u00fd z\u00e1drhel&#8230;<br \/>\nTak tedy je\u0161t\u011b prezen\u010dn\u00ed listinu: M\u00edra Pohl, Radovan, Pep\u00edno, L\u00e1la, Sl\u00e1vek, Monkey, Petr Hoda\u010d, B\u00f3\u017ea, Vomix, Michal, Jerry, Mako, Simox s M\u00ed\u0161ou, Adamte, Monika L\u00e1lov\u00e1, Makinka s Renatou a Romanem, Johny Deer, Pepe, Hanny, Qerty, Bad, Andulka, Iveta a Standa<br \/>\nTak tohle jsem opravdu ne\u010dekal.<\/p>\n<h3>11. &#8211; 15. 3. 2009 &#8211; v\u00fdstava Motocykl<\/h3>\n<p>St\u00e1nek jsme m\u011bli um\u00edst\u011bn\u00fd, jako ka\u017ed\u00fd rok, v prav\u00e9m k\u0159\u00eddle veletr\u017en\u00edho pal\u00e1ce hned v sousedstv\u00ed zna\u010dky, kter\u00e1 se stala na\u0161\u00edm osudem.<br \/>\nA\u0165 si \u0159\u00edk\u00e1 kdo chce co chce o slab\u00e9 \u00fa\u010dasti a o ne\u0161\u0165astn\u00e9 t\u0159in\u00e1ctce, kter\u00e1 tuto ji\u017e po t\u0159in\u00e1ct\u00e9 konanou v\u00fdstavu doprov\u00e1z\u00ed, po\u0159\u00e1d je to motocyklov\u00fd sv\u00e1tek n\u00e1s v\u0161ech motork\u00e1\u0159\u016f. V\u017edy\u0165 po\u0159\u00e1d je to nejv\u011bt\u0161\u00ed v\u00fdstava na motocyklov\u00e9 t\u00e9ma v \u010cR i p\u0159es to \u017ee nebudou zastoupeni hned \u010dty\u0159i z\u00e1stupci sv\u011btov\u00fdch zna\u010dek vyr\u00e1b\u011bj\u00edc\u00ed motocykly. A \u017ee se m\u011bn\u00ed na tr\u017enici? I prodejn\u00ed st\u00e1nky s dopl\u0148ky k t\u00e9to v\u00fdstav\u011b neodmysliteln\u011b pat\u0159\u00ed, v\u017edy\u0165 spousta z n\u00e1s si jde na v\u00fdstavu koupit n\u011bco na sv\u00e9ho mil\u00e1\u010dka (dvoukolov\u00e9ho nebo dvojnoh\u00e9ho) nebo na sebe.<\/p>\n<p>Slu\u017eby u na\u0161eho stanku na v\u00fdstav\u011b jsme se zhostili zodpov\u011bdn\u011b a po celodenn\u00ed komunikaci s p\u0159\u00edchoz\u00edmi a odchoz\u00edmi byla z\u00e1bava nad m\u00edru dobr\u00e1 I kdy\u017e v\u00fdstava siln\u011b pokulh\u00e1v\u00e1 s p\u0159echoz\u00edmi ro\u010dn\u00edky z d\u016fvodu absence tradi\u010dn\u00edch zna\u010dek a pan Honda v segmentu na\u0161eho z\u00e1jmu se tak\u00e9 nepochlapil.<\/p>\n<h3>4. 4. 2009 &#8211; XI. zah\u00e1jen\u00ed motocyklov\u00e9 sez\u00f3ny Praha &#8211; Pod\u011bbrady<\/h3>\n<p>Bylo to super, jako v\u017edy. Je to p\u0159ece prvn\u00ed j\u00edzda (alespo\u0148 pro n\u011bkoho). Po\u010d\u00e1sko, motorky, tepl\u00ed\u010dko &#8230;. tak to m\u00e1 b\u00fdt \ud83d\ude42<br \/>\nPodle ofici\u00e1ln\u00edch \u00fadaj\u016f se se\u0161lo 2400 motorek.<br \/>\nP\u0159esto, \u017ee vyj\u00ed\u017e\u010fku organizovalo H-D, Jerry jako\u017eto kapit\u00e1n st\u0159edu podr\u017eel kruhov\u00fd objezd v Pod\u011bbradech. Neb\u00fdt jeho, nev\u00edm nev\u00edm jak by to dopadli \ud83d\ude42<br \/>\nhttpv:\/\/youtu.be\/az4qh7JUDwc<\/p>\n<h3>1. 5. 2009 &#8211; 1. m\u00e1j a vyj\u00ed\u017e\u010fka do Pekeln\u00fdch dol\u016f<\/h3>\n<p>Tak se n\u00e1m zase povedla jedna pr\u00fdma akce. Jednak vy\u0161lo perfektn\u00ed po\u010das\u00ed a se\u0161lo se na pades\u00e1t stroj\u016f bez rozd\u00edlu zna\u010dek kubat\u016fr a vyzn\u00e1n\u00ed. Jednomu zmrzlin\u00e1\u0159i ob\u010das bouchly saze a v\u0161echny p\u0159edjel a pak na n\u00e1s po\u010dkal, jinak jeli v\u0161ichni spo\u0159\u00e1dan\u011b v kolon\u011b. Akci d\u00e1val dohromady Jarin s Chomutov\u00e1kama a Kadan\u00ed n\u00e1s Shadowk\u00e1\u0159\u016f ze z\u00e1padu bylo asi deset. Na sp\u00e1te\u010dn\u00ed cestu se ji\u017e ka\u017ed\u00fd vydal s\u00e1m dle v\u00fdch p\u0159edstav a party se kterou jel. Mi jsme si projeli koko\u0159\u00ednsko a pak p\u0159es M\u011bln\u00edk dom\u016f. Jen m\u011b mrz\u00ed \u017ee p\u0159i odjezdu z dol\u016f jsme pozapom\u011bli na Frantu, \u0161el si odleh\u010dit a u v\u011bt\u0161iny touha po tepl\u00e9m g\u00e1blu n\u011bjak p\u0159evl\u00e1dla a hur\u00e1 pry\u010d a Franta tam z\u016fstal. A ted je\u0161t\u011b Jarin mus\u00ed dodat n\u011bjak\u00e9 foto na ilustraci.<\/p>\n<h3>2. 5. 2009 &#8211; Motopo\u017eehn\u00e1n\u00ed ve Vrchlab\u00ed 2.5.2009<\/h3>\n<p>httpv:\/\/youtu.be\/OO5XCtsaIdg<\/p>\n<h3>8. &#8211; 9. 5. 2009 &#8211; Probouzen\u00ed netop\u00fdr\u016f 2009<\/h3>\n<p>P\u011bkn\u011b bylo, rano vypadalo po\u010das\u00ed v\u0161elijak ale vy\u010dasilo se. U Pekeln\u00fdch Dol\u016f pod branou na n\u00e1s sle\u010dna po\u017eadovala 150,-K\u010d i kdy\u017e se jen pojedem pod\u00edvat na horu. Mo\u017en\u00e1 j\u00edt tam p\u011b\u0161ky, nebo vy\u0161lapat na kole by p\u0159i\u0161lo levn\u011bji (150na ho\u010fku je dost ), ale my zrovna a napotvoru p\u0159ijeli na motork\u00e1ch&#8230; No nic nakonec to byla docela dobr\u00e1 akce.<br \/>\nhttpv:\/\/youtu.be\/tluykirbfz8<\/p>\n<h3>22. &#8211; 24. 5. 2009 &#8211; 5.MAXXLov\u00e1n\u00ed<\/h3>\n<p>Akce se velmi zda\u0159ila a tvrd\u00e9 j\u00e1dro, kter\u00e9 vydr\u017eelo a\u017e do druh\u00e9ho dne, \u00fasp\u011b\u0161n\u011b a zd\u00e1rn\u011b reprezentovalo SHOC. Fota kter\u00e1 jsme vyfotili, bohu\u017eel nejsou publikovateln\u00e1 a tak n\u00e1m nezb\u00fdv\u00e1 ne\u017e vzpom\u00ednat jak n\u00e1m bylo na Maxxlov\u00e1n\u00ed dob\u0159e.<\/p>\n<h3>22. 5. &#8211; 1. 6. 2009 &#8211; Podkarpatsk\u00e1 rus &#8211; Mauser<\/h3>\n<p>Mauser n\u00e1s reprezentoval a\u017e v dalek\u00e9 Podkarpatsk\u00e9 Rusi, kterou absolvoval na sv\u00e9 VT600CN v doprovodu p\u0159\u00e1tel na Hornetu a Viragu 535. Motorov\u00e9 \u017eidle dok\u00e1zaly, \u017ee vydr\u017e\u00ed opravdu v\u0161echno.<br \/>\nMauser : &#8222;J\u00edzda trvala 10 dn\u00ed a urazili jsme za tu dobu celkem 2408 km m\u011b\u0159eno moj\u00ed motorkou. Celkov\u011b jsem tankoval 112,58ltr, pr\u016fm\u011brn\u00e1 spot\u0159eba tedy vych\u00e1z\u00ed na 4,675ltr\/100km. Olej nebylo t\u0159eba dopl\u0148ovat. Jedin\u00fd technick\u00fd probl\u00e9m vznikl p\u0159i pr\u016fjezdu ulic\u00ed Centralna vesnic\u00ed, jej\u00ed\u017e n\u00e1zev si nepamatuji. Vodn\u00ed pumpa dostala r\u00e1nu o velk\u00fd k\u00e1men a za\u010dala t\u00e9ci chlad\u00edc\u00ed kapalina. Opravu provedl v nejbli\u017e\u0161\u00edm dom\u011b bydl\u00edc\u00ed cig\u00e1n, m\u00edstn\u00ed ob\u010dan (v\u0161ichni jsou tam mil\u00ed a ihned ochotn\u00ed pomoci). P\u0159inesl dvouslo\u017ekov\u00fd epoxidov\u00fd tmel, \u0159\u00edkal tomu &#8222;studenaja sv\u00e1rka&#8220; a po\u0161kozen\u00e9 m\u00edsto zatmelil. Oprava vydr\u017eela cel\u00fd zbytek cesty i n\u00e1vrat dom\u016f a st\u00e1le dr\u017e\u00ed.&#8220;<br \/>\nhttpv:\/\/youtu.be\/7HLs8MPQ1iA<\/p>\n<h3>6. 6. 2009 &#8211; Kapit\u00e1nsk\u00e1 rada<\/h3>\n<p>Dne 6. 6. 2009 se se\u0161li kapit\u00e1ni SHOC Bohemia na kapit\u00e1nsk\u00e9 rad\u011b. Se\u0161li jsme se, aby se \u0159e\u0161ili probl\u00e9my nap\u0159\u00ed\u010d kraji a aby kapit\u00e1ni sjednotili sv\u00e9 n\u00e1zory. Tato sch\u016fzka byla z\u00e1m\u011brn\u011b odd\u011blena od ostatn\u00edch ve\u0159ejn\u00fdch akc\u00ed a prob\u011bhla &#8222;za zav\u0159en\u00fdmi dve\u0159mi&#8220;, aby kapit\u00e1n\u00ed m\u011bli k projedn\u00e1v\u00e1n\u00ed pot\u0159ebn\u00fd klid, nebyli vyru\u0161ov\u00e1ni, \u010di ovliv\u0148ov\u00e1ni a tak\u00e9 jsme necht\u011bli kazit n\u00e1\u0161 nadch\u00e1zej\u00edc\u00ed sraz politikou.<br \/>\nSe sch\u016fzkou souhlasili prezident i v\u0161ichni kapit\u00e1ni SHOC<\/p>\n<h3>12. &#8211; 14. 6. 2009 &#8211; Motosraz Pecka u Nov\u00e9 Paky<\/h3>\n<p>Pecka byla supr, silnice dobr\u00e9, i kdy\u017e ob\u010das se n\u011bjak\u00e1 dirka na\u0161la, jedin\u00e9 snad to rann\u00ed vst\u00e1v\u00e1n\u00ed&#8230;<\/p>\n<h3>26. &#8211; 28. 6. 2009 &#8211; V. ofici\u00e1ln\u00ed sraz SHOC are\u00e1l &#8222;U Lamberka&#8220; B\u0159ezn\u00edk<\/h3>\n<p>Sraz\u00edk byl prima. Douf\u00e1m \u017ee se v\u0161ichni dostali dom\u016f v po\u0159\u00e1dku i na\u0161i p\u0159\u00e1tel\u00e9 ze Slovensk\u00e1 a t\u00edm je srde\u010dn\u011b zdrav\u00edm. Bylo to fajn, mysl\u00edm si \u017ee jsme v\u0161ichni dohromady skv\u011bl\u00e1 parta, i kdy\u017e je to n\u00e1ro\u010dn\u00e9 p\u0159ijel jsem dom\u016f tot\u00e1ln\u011b vy\u010derpan\u00fd. Trochu bylo nep\u0159\u00edjemn\u00e9 \u017ee pr\u0161elo, ale n\u00e1m to n\u00e1ladu neskazilo. Kdy\u017e jsem po\u010d\u00edtal motorky, tak v dob\u011b vyj\u00ed\u017e\u010fky, jich bylo p\u0159ibli\u017en\u011b 55. Mo\u017en\u00e1 m\u00e1 n\u011bkdo p\u0159esn\u011bj\u0161\u00ed po\u010dty tak a\u0165 to up\u0159esn\u00ed.<\/p>\n<h3>11. &#8211; 12. 7. 2009 &#8211; Mal\u00e1 akce z\u00e1pa\u010f\u00e1k\u016f &#8211; Kl\u016f\u010dek po druh\u00e9<\/h3>\n<p>Kdy\u017e skon\u010dil V. sraz a za\u010dli pr\u00e1zdniny, vypadalo to, \u017ee se uvid\u00edme a\u017e na konci pr\u00e1zdnin. Lazil a jeho \u017eena Ivanka zrealizovali n\u00e1pad a sjeli jsme se nich na chalup\u011b. Nejprve v\u0161ichni po p\u0159\u00edjezdu dostali gul\u00e1\u0161, n\u00e1sledovala proj\u00ed\u017e\u010fka kolem \u017datce a jeho okol\u00ed, nevyj\u00edmaje chr\u00e1n\u011bnou krajinnou oblast D\u017e\u00e1n. Z\u00e1bava kon\u010dila a\u017e kr\u00e1nu, nepokazil n\u00e1m ji ani no\u010dn\u00ed d\u00e9\u0161\u0165. S radost\u00ed jsme uv\u00edtali p\u0159\u00edjezd NXPetra, kter\u00fd p\u0159ijel na reverz z nemocnice. V\u0161ichni up\u0159\u00edmn\u011b Petrovi pop\u0159\u00e1li k jeho narozenin\u00e1m!<br \/>\nPevn\u011b v\u011b\u0159\u00edm, \u017ee v\u0161ichni odj\u00ed\u017ed\u011bli spokojeni, s dobr\u00fdmi pocity. Na setk\u00e1n\u00ed p\u0159ijeli i motork\u00e1\u0159i hodn\u011b z daleka, Sam, Jerry s M\u00edrou i Kubo\u0161750 se \u017eenou T\u00e1\u0148ou.<br \/>\nOd soboty m\u00e1me i nov\u00e9ho \u010dlena, kter\u00fd na sraz p\u0159ijel s vypln\u011bnou p\u0159ihl\u00e1\u0161kou do klubu na \u010derven\u00e9 VT 600.<br \/>\nZkr\u00e1tka p\u0159ijelo 12 motorek, zhruba 2O skv\u011bl\u00fdch lid\u00ed, kte\u0159\u00ed nezkazili \u017e\u00e1dnou srandu, dob\u0159e se bavili.<\/p>\n<h3>18. 7. 2009 &#8211; Spanil\u00e1 j\u00edzda no\u010dn\u00ed Prahou<\/h3>\n<p>Po\u010das\u00ed nejd\u0159\u00edv vypadalo b\u00eddn\u011b, ale nakonec spadly jen t\u0159i kapky v \u0160t\u011brbohol\u00edch.<br \/>\nJinak vyj\u00ed\u017e\u010fka prob\u00edhala trochu nepl\u00e1novan\u011b formou zb\u011bsil\u00e9ho je\u017ed\u011bn\u00ed sem a tam no\u010dn\u00ed Prahou, nicm\u00e9n\u011b nakonec jsme se zase v\u017edy na\u0161li. Dokonce jsem potkal u Kotvy Adamteho, kter\u00fd na mne pok\u0159ikoval tak, \u017ee jsem si ho v prvn\u00ed chv\u00edli spletl s opilcem. Vyj\u00ed\u017e\u010fky se z\u016f\u010dastnilo cca 100 motorek a zakon\u010den\u00ed prob\u011bhlo na proseku nad bobovou dr\u00e1hou.<br \/>\nJinak se tam objevili zase ti ze skaln\u00edch a to: B\u00f3\u017ea, Jan P.s vnu\u010dkou, Jerry, L\u00e1la s Monikou, Honza_C ze z\u00e1padu a Radovan s M\u00edlou a M\u00edra S.<\/p>\n<h3>\u010cervenec 2009<\/h3>\n<p>Vznik\u00e1 druh\u00fd SHOC klub v \u010cR (Radovan, Pep\u00edno, Monkey, Sl\u00e1vek, Mat)<\/p>\n<p>Vzhledem k tomu, \u017ee doch\u00e1z\u00ed k nep\u0159\u00edjemn\u00fdm omyl\u016fm, reagujeme na vzniklou situaci. V roce 2009 ode\u0161lo n\u011bkolik na\u0161ich \u010dlen\u016f klubu z d\u016fvodu odli\u0161n\u00fdch n\u00e1zor\u016f na veden\u00ed klubu. Tito b\u00fdval\u00ed \u010dlenov\u00e9 zalo\u017eili b\u011bhem l\u00e9ta 2009 sv\u016fj vlastn\u00ed klub &#8222;SHOC Czech republic&#8220;. N\u00e1\u0161 klub nepova\u017euje tuto situaci za rozkol, n\u00fdbr\u017e jako jejich odli\u0161n\u00fd n\u00e1zor.<br \/>\nSHOC Czech republic (SHOC CZ) vznikl jako klub nov\u00fd a tud\u00ed\u017e nem\u00e1 \u017e\u00e1dn\u00e1 n\u00e1stupnick\u00e1 pr\u00e1va SHOC Bohemia. SHOC Bohemia pokra\u010duje nad\u00e1le ve sv\u00e9 \u010dinnosti.<\/p>\n<h3>Srpen 2009 &#8211; Free Ride &#8211; j\u00edzda nap\u0159\u00ed\u010d kraji<\/h3>\n<p>N\u011bkte\u0159\u00ed podnikli dlouh\u00fd v\u00fdlet prakticky nap\u0159\u00ed\u010d \u010cechami. Vypisovat to sem, tak to zabere p\u016flku kroniky. Cel\u00fd cestopis je v\u00fdte\u010dn\u011b a i s fotkami pops\u00e1n Jerrym na tomto vl\u00e1kn\u011b<br \/>\nUr\u010dit\u011b se mrkn\u011bte, je to po\u010dten\u00ed\u010dko &#8230;<\/p>\n<h3>8. 8. 2009 &#8211; Tis\u00edc Koko\u0159\u00ednsk\u00fdch zat\u00e1\u010dek<\/h3>\n<p>Tak zase jedna poveden\u00e1 akci\u010dka. Zhruba 100km po\u0159ekr\u00e1snou krajinou a g\u00e1bl\u00edk v R\u00e1ji.<br \/>\n\u00da\u010dastn\u00edci z\u00e1jezdu: Jerry, Hanka, Michal, M\u00edra P., Libor600, Mako a Jirka.<\/p>\n<h3>29. 8. 2009 &#8211; Svatba Petra a Maru\u0161ky<\/h3>\n<p>Bylo to super, nepadla ani kapka. Po\u010det \u00fa\u010dastn\u00edku byl tak akor\u00e1t (t\u00edm nechci \u0159\u00edct, \u017ee by n\u00e1m pardub\u00e1ci nechyb\u011bli), jak organiza\u010dn\u011b, tak podle p\u0159\u00e1n\u00ed \u017eenicha, kter\u00fd si nep\u0159\u00e1l \u017e\u00e1dnou mega akci. Se\u0161lo se 22 motoicykl\u016f a 23 byl \u017eenich. Cht\u011bl bych v\u0161em pod\u011bkovat \u017ee akce prob\u011bhla v klidu a pohod\u011b.<\/p>\n<h3>11. &#8211; 13. 9. 2009 &#8211; VI. ofici\u00e1lni sraz SHOC Bou\u0159\u0148\u00e1k<\/h3>\n<p>P\u00e1mb\u016fh st\u00e1l p\u0159i n\u00e1s a po\u010das\u00ed bylo n\u00e1dhern\u00e9, mus\u00edm mu pod\u011bkovat za n\u00e1s v\u0161echny. M\u00e1m pocit \u017ee se drtiv\u00e1 v\u011bt\u0161ina p\u0159\u00edtomn\u00fdch skv\u011ble bavila (n\u011bkte\u0159\u00ed v p\u00e1tek ne\u0161li ani sp\u00e1t ). Vyj\u00ed\u017e\u010fka byla polovi\u010dku po hor\u00e1ch kr\u00e1sn\u00fdm kru\u0161nohorsk\u00fdm prost\u0159ed\u00edm, kde p\u0159ed t\u0159iceti lety byly mrtv\u00e9 such\u00e9 lesy. Jeli jsme kolem Fl\u00e1jsk\u00e9 p\u0159ehrady, kter\u00e1 zaji\u0161\u0165uje pitnou vodou m\u011bsta pod horami. Kr\u00e1sn\u00fd vyhled a kr\u00e1tk\u00fd odpo\u010dinek jsme m\u011bli na Kom\u00e1\u0159\u00ed v\u00ed\u017ece a pak zp\u011bt na Bou\u0159n\u00e1k. Ujeli jsme p\u0159\u00edjemn\u00fdch 80 kil\u00e1\u010dk\u016f. P\u0159i pokusu spo\u010d\u00edtat na\u0161\u00ed kolonu jsem se dopo\u010d\u00edtal kolem devades\u00e1ti stroj\u016f.P\u0159i sout\u011b\u017e\u00edch n\u00e1s zklamala jen technika (u jedn\u00e9 kolob\u011b\u017eky bouchla guma a na kole praskl \u0159et\u011bz, ale z fotek je vid\u011bt \u017ee jsme se nenechali odradit a pokra\u010dovali v kl\u00e1n\u00ed. I na\u0161i kamar\u00e1di z Belgie dok\u00e1zali vyhr\u00e1t v n\u011bkter\u00fdch sout\u011b\u017e\u00edch.<br \/>\nVI.ofici\u00e1ln\u00ed sraz SHOC Bohemia na Bou\u0159\u0148\u00e1ku vyu\u017eili kapit\u00e1ni ke kapit\u00e1nsk\u00e9 rad\u011b a probrali n\u011bkter\u00e1 z\u00e1va\u017en\u00e1 t\u00e9mata.<\/p>\n<h3>28. 9. 2009 &#8211; Je\u0161t\u011bd Tour 2009<\/h3>\n<p>Supr, povedlo se. Po\u010das\u00ed vy\u0161lo a dobr\u00e1 n\u00e1lada taky byla. Kolona se netrhala a v\u0161e bylo jak m\u00e1 b\u00fdt. Postupn\u011b dorazilo 25 motocykl\u016f, v\u010detn\u011b jednoho kr\u00e1sn\u011b zrekonstruovan\u00e9ho Tatrana. Jeli jsme z \u010cern\u00e9ho Mostu p\u0159es Lysou nad Labem, Ben\u00e1tky nad Jizerou, Mladou Boleslav jsme jen l\u00edzli, Mnichovo Hradi\u0161t\u011b nahoru na Je\u0161t\u011bd. Odtud p\u0159es Str\u00e1\u017e pod Ralskem, Mimo\u0148, kolem M\u00e1chova jezera do Jest\u0159eb\u00ed a Provod\u00edna do D\u0159ev\u011bnky, kde byla po dobr\u00e9m j\u00eddla akce ukon\u010dena. Nicm\u00e9n\u011b i p\u0159es to je\u0161t\u011b 11 borc\u016f pokra\u010dovalo p\u0159es Koko\u0159\u00ednsko na M\u011bln\u00edk, kde byl opravdu konec.<\/p>\n<h3>4. 12. 2009 &#8211; Zimn\u00ed posezen\u00ed SHOC Bohemia 2009\/2010 &#8211; Mikul\u00e1\u0161sk\u00e9 koulen\u00ed<\/h3>\n<p>Tak tvrd\u00e9 j\u00e1dro \u0161lo sp\u00e1t a\u017e kolem 8:00. Te\u010f se \u010d\u00e1st povaluj\u00edc\u00edch mrtvol sb\u00edr\u00e1 a voln\u011b se potuluje prostorem jako zomb\u00edci. Na plotn\u011b se ji\u017e t\u0159i hodiny va\u0159\u00ed kilo p\u00e1rk\u016f, teda jen to co p\u00e1rky p\u0159ipom\u00edn\u00e1. Rann\u00ed fota jsou ov\u0161em bez kompromitace osob tot\u00e1ln\u011b nepou\u017eiteln\u00e1. Je zaj\u00edmav\u00e9, \u017ee, kdy\u017e se lid\u00e9 bav\u00ed, v\u011bt\u0161inou moc fotek nevznik\u00e1, proto\u017ee na n\u011b nen\u00ed jednodu\u0161e \u010das. V\u00fdsledky bowlingu nebyly v\u016fbec d\u016fle\u017eit\u00e9.<br \/>\nJinak samoz\u0159ejm\u011b super, n\u00e1dhern\u00fdch 31 bav\u00edc\u00edch se lidi\u010dek. Byl to mazec jsem r\u00e1d, \u017ee se nenaplnili progn\u00f3zy, \u017ee v\u0161ichni p\u0159es zimu budou jen u internetu a nikdo ses nik\u00fdm p\u016fl roku neuvid\u00ed a nepromluv\u00ed.<br \/>\nJe\u0161t\u011b prezen\u010dka: Lazil, T\u00fd\u0161a, Honza_C, Rudy, Ev\u00edk, Petr admin, Jerry, Thana, Fanda s Janou, Gorky, Michal Novotn\u00fd, M\u00edra s Monikou, Peters, Bad, E\u0148a s p\u0159\u00edtelem, Jast, Jirka R, Johny Deer, Pepe, L\u00e1la s Monikou, Sup se Supovou, Petrik se S\u00e1rou, Simox, Mako a Ivana.<\/p>\n","protected":false},"excerpt":{"rendered":"<p>7. 1. 2009 &#8211; Zimn\u00ed posezen\u00ed st\u0159edu Akce byla zase super, n\u00e1lada v\u00fdborn\u00e1. Hr\u00e1ly se op\u011bt \u0161ipky a testoval rozli\u010dn\u00fd alkohol. \u00da\u010dast m\u00e1 st\u00e9le stoupaj\u00edc\u00ed tendenci a byla rekordn\u00ed, nebo\u0165 se z\u016f\u010dastnilo 19 lid\u00ed. P\u0159\u00edtomni byli: Radovan, Monkey, L\u00e1la se S\u00e1rou Jerry s Thanou, M\u00edra s Monikou, Petrik, Petr Hoda\u010d, Michal, Simox, Adamte s Ilonou, Makinka, John Deer, Pepe, Qwerty a jako pozorovatel Petr (p\u0159em\u00fd\u0161l\u00ed o zakoupen\u00ed motocyklu). 28. 1 &#8211; 1. 2. 2009 &#8211; HORY &#8211; leden 2009 Zimn\u00ed sraz SHOC na chat\u011b v Jizersk\u00fdch hor\u00e1ch. Vyst\u0159\u00eddalo se zde mnoho lid\u00ed z SHOC. V\u0161ichni se \u0159\u00e1dn\u011b pobavili, sva\u0159\u00e1k tekl \u2026 <a class=\"continue-reading-link\" href=\"https:\/\/www.shoc.cz\/?page_id=269\">\u010c\u00edst d\u00e1le&#8230; <span class=\"meta-nav\">&rarr; <\/span><\/a><\/p>\n","protected":false},"author":3,"featured_media":0,"parent":248,"menu_order":3,"comment_status":"closed","ping_status":"closed","template":"","meta":{"ngg_post_thumbnail":0,"jetpack_post_was_ever_published":false,"footnotes":""},"class_list":["post-269","page","type-page","status-publish","hentry"],"jetpack_shortlink":"https:\/\/wp.me\/P28ZiM-4l","jetpack_sharing_enabled":true,"_links":{"self":[{"href":"https:\/\/www.shoc.cz\/index.php?rest_route=\/wp\/v2\/pages\/269","targetHints":{"allow":["GET"]}}],"collection":[{"href":"https:\/\/www.shoc.cz\/index.php?rest_route=\/wp\/v2\/pages"}],"about":[{"href":"https:\/\/www.shoc.cz\/index.php?rest_route=\/wp\/v2\/types\/page"}],"author":[{"embeddable":true,"href":"https:\/\/www.shoc.cz\/index.php?rest_route=\/wp\/v2\/users\/3"}],"replies":[{"embeddable":true,"href":"https:\/\/www.shoc.cz\/index.php?rest_route=%2Fwp%2Fv2%2Fcomments&post=269"}],"version-history":[{"count":0,"href":"https:\/\/www.shoc.cz\/index.php?rest_route=\/wp\/v2\/pages\/269\/revisions"}],"up":[{"embeddable":true,"href":"https:\/\/www.shoc.cz\/index.php?rest_route=\/wp\/v2\/pages\/248"}],"wp:attachment":[{"href":"https:\/\/www.shoc.cz\/index.php?rest_route=%2Fwp%2Fv2%2Fmedia&parent=269"}],"curies":[{"name":"wp","href":"https:\/\/api.w.org\/{rel}","templated":true}]}}