{"id":270,"date":"2013-03-05T23:17:21","date_gmt":"2013-03-05T22:17:21","guid":{"rendered":"http:\/\/www.shoc.cz\/?page_id=270"},"modified":"2019-01-19T10:08:55","modified_gmt":"2019-01-19T09:08:55","slug":"2010-2","status":"publish","type":"page","link":"https:\/\/www.shoc.cz\/?page_id=270","title":{"rendered":"2010"},"content":{"rendered":"<h3>8.1.2010 &#8211; Zimn\u00ed posezeni SHOC Bohemia<\/h3>\n<p>N\u00e1lada v\u00fdborn\u00e1 a i p\u0159es nep\u0159\u00edze\u0148 po\u010das\u00ed dorazilo slu\u0161n\u00fdch 17 lidi\u010dek. Pilo se, bavilo se a nem\u011blo to chybu.<br \/>\nPrezen\u010dn\u00ed listina: M\u00edra s Monikou, L\u00e1la s Monikou, Jast, Adamte s p\u0159\u00edtelkyn\u00ed, Fanda s Janou, Gorky, Peters s Maru\u0161kou, Thana, Jerry, Makinka, Bad a Jirka.<\/p>\n<h3>5.2.2010 &#8211; Zimn\u00ed posezeni SHOC Bohemia<\/h3>\n<p>Tak m\u00e1me dal\u0161\u00ed posezen\u00ed za sebou a op\u011bt to nem\u011blo chybu. Pilo se, jedlo se a hlavn\u011b v\u0161ichni se bavili a se\u0161lo se celkem 16 p\u0159\u00edznivc\u016f SHOC-Bohemia.<br \/>\nPrezen\u017en\u00ed listina: Sup, Jast, Fanda s Janou, Adamte, Jerry, Thana, L\u00e1la s Monikou, Gorky, M\u00edra s Monikou, Johny Deer, Makinka a Simox s p\u0159\u00edtelkyn\u00ed.<\/p>\n<h3>5.3.2010 &#8211; Zimn\u00ed posezeni SHOC Bohemia<\/h3>\n<p>Tak n\u00e1m skon\u010dilo dal\u0161\u00ed posezen\u00ed a op\u011bt super. Adamte n\u00e1m zatan\u010dil na stole a tvrd\u00e9 j\u00e1dro pokra\u010dovalo je\u0161t\u011b u Moniky M.<br \/>\nSe\u0161li jsme se op\u011bt v hojn\u00e9m po\u010dtu a to 18 zap\u00e1len\u00fdch motork\u00e1\u0159\u016f: Rudy a Ev\u00edk, L\u00e1la s Monikou L. a Pavlem, Jerry, Thana, Fanda s Janou, Adamte, Jast, Sup s Lenkou, Simox, Jirka R, Pepe, John Deer a Dave.<br \/>\nToto setk\u00e1n\u00ed bylo pro tuto zimu posledn\u00ed. Je to \u0161koda a z\u00e1rove\u0148 taky dob\u0159e. P\u0159\u00ed\u0161t\u00ed m\u011bs\u00edc ji\u017e budou Pod\u011bbrady, taky v\u0161ichni douf\u00e1me, \u017ee ji\u017e bude mo\u017en\u00e9 brousit silnice na na\u0161ich mil\u00e1\u010dc\u00edch a budeme se potk\u00e1vat na cest\u00e1ch.<\/p>\n<h3>13.3.2010 &#8211; Motosalon 2010<\/h3>\n<p>Mysl\u00edm, \u017ee akci\u010dka se povedla. Se\u0161lo se n\u00e1s v autobuse 19 a n\u00e1lada byla v\u00fdborn\u00e1. Do Brna jsme sice p\u0159ijeli a\u017e ve dvan\u00e1ct, ale to bylo zap\u0159\u00ed\u010din\u011bno \u017e\u00edzn\u00ed, t\u011blesn\u00fdmi pot\u0159ebami a pot\u0159ebou Fandy hovo\u0159it s ka\u017ed\u00fdm uniformovan\u00fdm \u010dlov\u00ed\u010dkem v Brn\u011b.<br \/>\nNa v\u00fdstavi\u0161ti jsme se potkali s Baronem, Slavom\u00edrem, Honzou C a Grizzlym. Po ukon\u010den\u00ed prohl\u00eddky jsme se p\u0159esunuli do restaurace Montana a mus\u00edm Grizzlyho pochv\u00e1lit, bylo to tam super.<br \/>\nCo se t\u00fd\u010de v\u00fdstavy, p\u0159i\u0161lo mi to krap\u00e1nek lep\u0161\u00ed ne\u017e v Praze, ale zlep\u0161en\u00ed oproti minul\u00fdm ro\u010dn\u00edk\u016fm Motocyklu jsem nezaznamenal. Op\u011bt hlava na hlav\u011b a st\u00e1nky bl\u00edzko sebe.<br \/>\nJe\u0161t\u011b prezen\u010dka: Jerry, Thana, Libor600 se zn\u00e1mou, Sup s Lenkou a synem, Fanda s Janou, M\u00edra s Monikou, Gorky, Peters, Adamte s Ad\u00e1mkem, Jirka R, Makinka a Pepe se zn\u00e1mou.<\/p>\n<h3>3.4.2010 &#8211; J\u00edzda do Pod\u011bbrad<\/h3>\n<p>Tradi\u010dn\u00ed zah\u00e1jen\u00ed sez\u00f3ny, na kter\u00e9m nem\u016f\u017ee SHOC chyb\u011bt.<\/p>\n<h3>24.4.2010 &#8211; Na svat\u00e9ho Ji\u0159\u00ed vyl\u00e9zaj\u00ed hadi a \u0161t\u00ed\u0159i<\/h3>\n<p>Bylo to super, jelo s n\u00e1mi celkem 24 motocykl\u016f a v\u0161echno bylo v pohod\u011b. Jm\u00e9na sem d\u00e1vat nebudu, proto\u017ee bych ur\u010dit\u011b v tak dlouh\u00e9m seznamu na n\u011bkoho zapom\u011bl.<\/p>\n<h3>1.5.2010 &#8211; Vyj\u00ed\u017e\u010fka Moto Pell Mell Plze\u0148<\/h3>\n<p>Bylo to super. Nebe r\u00e1no na n\u00e1s d\u011blalo bub\u00e1ky ale pak se n\u00e1m vy\u010dasilo. V Plzni slunce a n\u00e1val jako hrom. Organizace na vyj\u00ed\u017edce trochu v\u00e1zla, tak jsme se tak trochu ztratili, ale jinak super. Reprezentace SHOC spln\u011bna.<\/p>\n<h3>1.5.2010 &#8211; Proj\u00ed\u017e\u010fka no\u010dn\u00ed Prahou<\/h3>\n<p>Mysl\u00edm, \u017ee se vyj\u00ed\u017e\u010fka, i p\u0159es vytrval\u00fd m\u00edrn\u00fd d\u00e9\u0161\u0165, povedla. Se\u0161lo se osm motorek, projeli jsme v\u0161e v pohod\u011b a zastavili na Starom\u011bstsk\u00e9m n\u00e1m\u011bst\u00ed. Jen M\u00edrovi vyp\u011bnil zni\u010deho nic sprej na lepen\u00ed gum a Michal ulomil v prudk\u00e9m kopci stupa\u010dku.<br \/>\nVyj\u00ed\u017e\u010fky se z\u016f\u010dastnili: M\u00edra, Jerry, Peters s Maru\u0161kou, Michal Novotn\u00fd s Martinou, M\u00edra a Kl\u00e1rka Seidlovi, Jirka R a Jirka.<\/p>\n<h3>21. &#8211; 23.5.2010 &#8211; 6.Maxxlov\u00e1n\u00ed<\/h3>\n<p>Ji\u017e \u0161est\u00fd ro\u010dn\u00edk tohoto srazu, na kter\u00e9m nem\u016f\u017eou z\u00e1stupci SHOC chyb\u011bt.<\/p>\n<h3>26.5 &#8211; 8.6.2010 &#8211; Na Pan\u00e1ka do Afriky<\/h3>\n<p>Libor prohl\u00e1sil \u017ee jede a to dokonce p\u0159es Gibraltar do Ceuty.<br \/>\nUjeto po Mikulov 6408km. Pr\u016fm\u011brn\u00e1 sproteba 4.4l. Pr\u016fm\u011brn\u00e1 rychlost 82km . Naklady 1250e . Projeto 5 zemi. 2kontinenty. Nejdel\u0161\u00ed etapa S. Tropez-Mikulov 1408km za 24hod. Ve \u0160pan\u011blsku ceny srovnateln\u00e9 s na\u0161ema. Maj\u00ed moc hezk\u00e9 mo\u0159e a je vid\u011bt tropick\u00e1 vegetace. Francie je dost drah\u00e1 ve v\u0161ech sm\u011brech. Zde jsem platil nejv\u011bt\u0161\u00ed polo\u017eku 110e za hotel (Moto jim nevad\u00ed st\u00e1t m\u016f\u017eete t\u00e9m\u011b\u0159 v\u0161ude. Toleruj\u00ed to V It\u00e1lii pozor -p\u0159i placen\u00ed platit akor\u00e1t . . necht\u011bj\u00ed vracet zejm\u00e9na p\u0159i tankov\u00e1n\u00ed . Nejv\u011bt\u0161\u00ed strach v Algecirazu a v Ceute hlavn\u011b o moto a v\u011bci. Jsou tu n\u00e1rodnosti cel\u00e9ho sv\u011bta jak zastav\u00edte jsou okolo v\u00e1s. do\u017eaduj\u00ed se cigaret a baksise. Proto je nutn\u00e9 m\u00edt vse neust\u00e1le pod kontrolou. V Algecirazu a Ceute velmi p\u0159\u00edsn\u011b celn\u00ed kontroly.<\/p>\n<h3>11. &#8211; 13.6.2010 &#8211; VII.ofici\u00e1ln\u00ed sraz SHOC Bohemia &#8211; Se\u010d<\/h3>\n<p>Jako v\u017edy perfektn\u00ed, tentokr\u00e1te oko\u0159en\u011bn\u00fd je\u0161t\u011b o svatbu Moniky s L\u00e1lou. V\u0161e se povedlo &#8211; vzali se \ud83d\ude42<br \/>\nA ke srazu &#8211; kdy\u017e se sejde parta skv\u011bl\u00fdch lid\u00ed, tak to v\u017edy dopadne skv\u011ble&#8230;<\/p>\n<h3>17. &#8211; 20.6.2010 &#8211; SHADOW GUINNESS 2010<\/h3>\n<p>Akce se, jak u\u017e napsal M\u00edra, a\u017e na zp\u00e1te\u010dn\u00ed cestu vyda\u0159ila. Ital\u016fm v\u010detn\u011b prezidenta chutnal jak Fernet, tak \u010desk\u00fd RUM. Z Klub\u016f jsme tam byli jen my a Italov\u00e9. Jako v\u00fdprava jsme ka\u017edop\u00e1dn\u011b vedli, v\u017edy\u0165 tam bylo od n\u00e1s dvan\u00e1ct lidi\u010dek na deseti \u0161edivk\u00e1ch. Tak\u00e9 jsme pozvali Italy k n\u00e1m na sraz a ti p\u0159isl\u00edbili \u00fa\u010dast.<br \/>\nTato akce byla sou\u010d\u00e1st\u00ed vek\u00e9ho srazu, tak\u017ee jsme si u\u017eili i dost z\u00e1bavy. Proto\u017ee tam nem\u011bli \u017e\u00e1dnou vyj\u00ed\u017e\u010fku, tak jsme si ud\u011blali v\u00fdlet k mo\u0159i a p\u00e1r jedinc\u016f se n\u00e1davkem je\u0161t\u011b projelo k Terstu a pod\u00e9l mo\u0159e do Slovinska.<br \/>\nZp\u00e1te\u010dn\u00ed cesta tvrd\u011b propr\u0161ela, ale ka\u017ed\u00fd den nen\u00ed sv\u00e1tek a i to k tomu pat\u0159\u00ed.<\/p>\n<h3>10. &#8211; 11.7.2010 &#8211; 3. ro\u010dn\u00edk moto Kl\u016f\u010dek 2010<\/h3>\n<p>Tradice se za\u010dala po svatb\u011b M\u00e9dib\u00e9dy, kdy p\u0159ijelo k n\u00e1m na chalupu p\u00e1r motork\u00e1\u0159\u016f a pro\u017eili jsme skv\u011blou z\u00e1bavu. Akce se v\u0161em l\u00edbila, proto jsme akci za rok zopakovali, u\u017e jako druh\u00fd ro\u010dn\u00edk p\u00e1rty Kl\u016f\u010dek 2009. P\u0159ijelo 20 motork\u00e1\u0159\u016f. Tentokr\u00e1t u\u017e byla vyj\u00ed\u017e\u010fka, sice kr\u00e1tk\u00e1, ale v kr\u00e1sn\u00e9m prost\u0159ed\u00ed D\u017eb\u00e1nska.<br \/>\nLeto\u0161n\u00ed sraz by na\u0161e chalupa kapacitn\u011b nezvl\u00e1dla ani my, tak jsme se dohodli se starostou obce a hospodsk\u00fdm, \u017ee n\u00e1m zap\u016fj\u010d\u00ed koupali\u0161t\u011b. Starosta n\u00e1m zajistil postaven\u00ed velk\u00e9ho stanu, pro p\u0159\u00edpad nouze. T\u00edmto mu d\u011bkujeme za pomoc a spolupr\u00e1ci.<br \/>\nPo\u010das\u00ed vy\u0161lo na jedni\u010dku, p\u0159ijeli kamar\u00e1di z Shadow klubu, ale i m\u00edstn\u00ed motork\u00e1\u0159i, kdy nejmlad\u0161\u00edmu byly necel\u00e9 \u010dty\u0159i roky. P\u0159iv\u00edtali jsme i motork\u00e1\u0159e s Kru\u0161nohorsk\u00e9ho spolku jedn\u00e9 stopy a \u017eateck\u00e9 kluky. V\u00edt\u00e1n\u00ed p\u0159ij\u00ed\u017ed\u011bj\u00edc\u00edch zpest\u0159ilo na\u0161e oble\u010den\u00ed, jako spr\u00e1vn\u00ed chalupn\u00edci \u2013 v py\u017eamech! Dokonal\u00fd byl T\u00fd\u0161a v r\u016f\u017eov\u00e9 ko\u0161ilce! Uspokojen\u00ed pro n\u00e1s po\u0159\u00e1daj\u00edc\u00ed je fakt, \u017ee p\u0159ijelo 45 motorek a z toho n\u011bkolik \u010dty\u0159kolek.<br \/>\nA napl\u00e1novan\u00e1 vyj\u00ed\u017e\u010fka byla ve vedru \u00famorn\u00e1, ale mysl\u00edm si, \u017ee se v\u0161em l\u00edbila. N\u011bkte\u0159\u00ed se bavili a\u017e do r\u00e1na, pak u Lazilovc\u016f p\u0159i odjezdu \u010desne\u010dka bodla. Vytrval\u00ed jedinci dokonce m\u011bli je\u0161t\u011b v ned\u011bli hody u m\u00edstn\u00edch obyvatel (\u0160aman, Krop\u00e1\u010dkovi a Lazilovci), a divte se, Krop\u00e1\u010dkovi jeli d\u00e1l a\u017e v pond\u011bl\u00ed!<br \/>\nMy Lazilovci V\u00e1m v\u0161em d\u011bkujeme za hojnou \u00fa\u010dast a t\u011b\u0161\u00edme se na p\u0159\u00ed\u0161t\u00ed IV. ro\u010dn\u00edk 2011 zase tady v Kl\u016f\u010dku.<\/p>\n<h3>17.7.2010 &#8211; Tis\u00edc Koko\u0159\u00ednsk\u00fdch zat\u00e1\u010dek<\/h3>\n<p>Ji\u017e tradi\u010dn\u00ed akce &#8230;<\/p>\n<h3>4.9.2010 &#8211; Valn\u00e1 hromada SHOC Bohemia<\/h3>\n<p>Kapit\u00e1nem m\u00edsto Naviho Martin_S a m\u00edsto Jerryho M\u00edra, Jerry st\u0159\u00edd\u00e1 ve funkci presidenta Beeche<br \/>\nDne 4.9.2010 jsme m\u011bli sraz v 10:00 u bistra p\u0159ed \u017d\u010f\u00e1kovsk\u00fdm mostem. St\u0159ed se se\u0161el ji\u017e v 8:00 na Strakonick\u00e9 u benz\u00ednky \u00d6MW, kam dorazili: Bo\u017ea, Gorky, Jast, Jerry, L\u00e1la, Libor600, M\u00edra, Peters a my \u2013 Fanda s Jani\u010dkou autem, jeliko\u017e se n\u00e1m nepoda\u0159ilo r\u00e1no nastartovat. Mus\u00edm poznamenat, \u017ee Libor600 dorazil na nov\u00e9 krasavici \u2013 750 ( nech\u00e1 se nyn\u00ed p\u0159ejmenovat a nebo bude po\u0159\u00e1d 600??).<br \/>\nPo k\u00e1vi\u010dce jsme vyrazili. V\u0161ichni mimo Jasta a n\u00e1s jeli pod\u00e9l Vltavy. My jsme to st\u0159ihli po Strakonick\u00e9 d\u00e1lnici a pot\u00e9 p\u0159\u00edmo k bistru u \u017d\u010f\u00e1kovsk\u00e9ho mostu. Po cca p\u016fl hodin\u011b dorazil Honza P. a postupn\u011b p\u0159ij\u00ed\u017ed\u011bli St\u0159ed veden\u00fd Jerrym, Rudy s Baronem (tak\u00e9 aut\u00ed\u010dkem!!), Beech, Lemmy, Lazil s ba\u0165\u016f\u017ekem Samannem, T\u00fd\u0161a a Dendrobates. A pot\u00e9 se kolona 14 motocykl\u016f a 2 aut vydala na cestu do Trhovek.<br \/>\nV Trhovk\u00e1ch n\u00e1s p\u0159iv\u00edtali Navi, MartinS a Hammer s Terezkou. Po zav\u011b\u0161en\u00ed vlajky a zakoupen\u00ed ob\u010derstven\u00ed, zvl\u00e1\u0161t\u011b tekutin, za\u010dalo jedn\u00e1n\u00ed.<br \/>\nPr\u016fb\u011bh VH viz Zpr\u00e1va z Valn\u00e9 hromady.<br \/>\nPo jedn\u00e1n\u00ed a rozlou\u010den\u00ed jsme se dohodli se St\u0159edem, \u017ee se zastav\u00edme na ob\u011bd na Rozmarn\u00e9 ve \u0160t\u011bchovic\u00edch, ale bohu\u017eel m\u011bli zav\u0159eno a my jsme pokra\u010dovali k domovu.<\/p>\n<h3>6.9.2010 &#8211; Klubov\u00fd p\u00e1rty stan &#8211; zakoupen p\u00e1rtystan, prvn\u00ed majetek klubu<\/h3>\n<p>N\u00e1\u0161 klub SHOC Bohemia zakoupil klubov\u00fd p\u00e1rty stan. P\u00e1rty stan je velk\u00fd 5x10m a v\u00fd\u0161ka 2,78m, jeho celkov\u00e1 v\u00e1ha je pouh\u00fdch 110kg. Konstrukce je z 40mm siln\u00fdch trubek z galvanizovan\u00e9 oceli. Je vod\u011b odoln\u00fd, st\u0159echa 220g\/m2. M\u00e1 p\u0159elepen\u00e9 \u0161vy, p\u0159edn\u00ed a zadn\u00ed strana lze otev\u0159\u00edt, zap\u00edn\u00e1n\u00ed m\u00e1 na such\u00fd zip.<\/p>\n<h3>10. &#8211; 12.9.2010 &#8211; VIII.ofici\u00e1ln\u00ed sraz SHOC Bohemia &#8211; Zv\u016fle u Kun\u017eaku<\/h3>\n<p>Ve dnech 10.-12.9.2010 SHOC \u2013 kraj JIH po\u0159\u00e1dal VIII. Sraz SHOC BOHEMIA \u2013 tentokr\u00e1t ve Zv\u016fli u Kun\u017eaku.<br \/>\nV p\u00e1tek p\u0159ij\u00ed\u017ed\u011bly skupinky ze v\u0161ech kraj\u016f, dle \u010dasov\u00fdch mo\u017enost\u00ed. \u0158\u00e1dn\u011b jsme se p\u0159iv\u00edtali.<br \/>\nV sobotu dopoledne se vyjelo na vyj\u00ed\u017e\u010fku a dle hesla:<br \/>\n\u201eRum pil Ha\u0161ek, rum pil \u0160vejk,<br \/>\nrum m\u00e1 s\u00edlu jako bejk,<br \/>\nnajde\u0161-li doma korunu,<br \/>\nihned ji vra\u017e do rumu.\u201c<br \/>\njsme zastavili u benz\u00ednov\u00e9 pumpy v Jind\u0159ichov\u011b Hradci, kde mimo Naturalu a Dieslu \u010depovali tak\u00e9 RUM. Dal\u0161\u00ed zast\u00e1vka byla na n\u00e1dvo\u0159\u00ed st\u00e1tn\u00edho hradu a z\u00e1mku v Jind\u0159ichov\u011b Hradci, kde byla pauza na ob\u011bd a jin\u00e1 ob\u010derstven\u00ed. Po shrom\u00e1\u017ed\u011bn\u00ed na n\u00e1dvo\u0159\u00ed byla po\u0159\u00edzena spole\u010dn\u00e1 fotografie u z\u00e1meck\u00e9 studny.<br \/>\nPo n\u00e1vratu do kempu a po chvilce na ob\u010derstven\u00ed za\u010dali sout\u011b\u017ee. Ve\u010der po vyhl\u00e1\u0161en\u00ed v\u00edt\u011bz\u016f sout\u011b\u017e\u00ed n\u00e1sledovala bohat\u00e1 tombola.<br \/>\nPo ned\u011bln\u00ed sn\u00eddani jsme se rozlou\u010dili a vydali k domovu.<\/p>\n<h3>23.10.2010 &#8211; Vyj\u00ed\u017e\u010fka pro rum &#8211; zakl\u00e1d\u00e1 se tradice Rumov\u00fdch j\u00edzd<\/h3>\n<p>M\u00e1rty komentuje : &#8222;Velk\u00e1 chyba, \u017ee jste se nikdo nep\u0159ipojil Ud\u011blal jsem n\u00e1dhern\u00fdch 433 km. Po\u010das\u00ed vy\u0161lo a\u017e neskute\u010dn\u011b, jen u P\u00edsku p\u0159i n\u00e1vratu m\u00edrn\u011b mrholilo, ale ani to nenamo\u010dilo silnici. No prost\u011b, jak ji\u017e napsal klasik, jedna z &#8222;\u010dist\u00fdch radost\u00ed m\u00e9ho \u017eivota&#8220;<br \/>\nD\u00edky za \u00fa\u010dast Jospovi a Majorovi. A Majorovi je\u0161t\u011b zvl\u00e1\u0161tn\u00ed pod\u011bkov\u00e1n\u00ed za super proj\u00ed\u017e\u010fku po ji\u017en\u00edch \u010cech\u00e1ch. Tudy, co m\u011b vedl bych asi jen tak nejel.&#8220;<\/p>\n<h3>28.10.2010 &#8211; Je\u0161t\u011bd Tour 2010<\/h3>\n<p>Tentokr\u00e1t jsme toto &#8222;ukon\u010den\u00ed sez\u00f3ny&#8220; spojili s Akc\u00ed pro P\u00e1\u0165u<\/p>\n<h3>5.11.2010 &#8211; Zimn\u00ed posezeni SHOC Bohemia<\/h3>\n<p>Tak mysl\u00edm a douf\u00e1m,\u017ee i ostatn\u00ed \u00fa\u010dastn\u00edci zimn\u00edho posezen\u00ed St\u0159edu jsou se mnou zajedno,\u017ee se setk\u00e1n\u00ed vyda\u0159ilo a z\u00e1bava a \u00fa\u010dast byla v\u00edce ne\u017e slu\u0161n\u00e1.<br \/>\nPrezentace: M\u00edra&amp;Mon\u010da, Fanda&amp;Jana, M\u00e1rty&amp;Zuzka, Michal Novotn\u00fd&amp;Martina, Kl\u00e1rka&amp;M\u00edra, Sup&amp;Lenka, Makinka, Mako, Bosabomninn, Jast, John Deer, Jerry a L\u00e1la.Snad jsem na nikoho nezapomn\u011bl<\/p>\n<h3>3.12.2010 &#8211; Mikul\u00e1\u0161sk\u00e9 koulen\u00ed SHOC Bohemia<\/h3>\n<p>Tak op\u011bt poveden\u00e1 akci\u010dka,ti kte\u0159\u00ed nedorazili mohou pouze litovat.P\u0159esto byla \u00fa\u010dast docela hojn\u00e1,celkem se n\u00e1s se\u0161lo 19 kousk\u016f .Jmenovit\u011b J\u00e1 s Monikou,Fanda s Janou,M\u00e1rty a Zuzka,Sup se Supic\u00ed,Jerry s Thanou,Adamte se Sal\u00e1mkem,Jast,Gorky,Libor,Peters,John Deer,Bosabomnim a Makinka.Douf\u00e1m,\u017ee v\u0161ichni dorazili v pohod\u011b dom\u016f,t\u00edmto taky d\u00edky Jerrymu za odvoz k metru.No a po Nov\u00e9m roce 7.1.2011 pokra\u010dujeme.<\/p>\n","protected":false},"excerpt":{"rendered":"<p>8.1.2010 &#8211; Zimn\u00ed posezeni SHOC Bohemia N\u00e1lada v\u00fdborn\u00e1 a i p\u0159es nep\u0159\u00edze\u0148 po\u010das\u00ed dorazilo slu\u0161n\u00fdch 17 lidi\u010dek. Pilo se, bavilo se a nem\u011blo to chybu. Prezen\u010dn\u00ed listina: M\u00edra s Monikou, L\u00e1la s Monikou, Jast, Adamte s p\u0159\u00edtelkyn\u00ed, Fanda s Janou, Gorky, Peters s Maru\u0161kou, Thana, Jerry, Makinka, Bad a Jirka. 5.2.2010 &#8211; Zimn\u00ed posezeni SHOC Bohemia Tak m\u00e1me dal\u0161\u00ed posezen\u00ed za sebou a op\u011bt to nem\u011blo chybu. Pilo se, jedlo se a hlavn\u011b v\u0161ichni se bavili a se\u0161lo se celkem 16 p\u0159\u00edznivc\u016f SHOC-Bohemia. Prezen\u017en\u00ed listina: Sup, Jast, Fanda s Janou, Adamte, Jerry, Thana, L\u00e1la s Monikou, Gorky, M\u00edra s Monikou, \u2026 <a class=\"continue-reading-link\" href=\"https:\/\/www.shoc.cz\/?page_id=270\">\u010c\u00edst d\u00e1le&#8230; <span class=\"meta-nav\">&rarr; <\/span><\/a><\/p>\n","protected":false},"author":3,"featured_media":0,"parent":248,"menu_order":4,"comment_status":"closed","ping_status":"closed","template":"","meta":{"ngg_post_thumbnail":0,"jetpack_post_was_ever_published":false,"footnotes":""},"class_list":["post-270","page","type-page","status-publish","hentry"],"jetpack_shortlink":"https:\/\/wp.me\/P28ZiM-4m","jetpack_sharing_enabled":true,"_links":{"self":[{"href":"https:\/\/www.shoc.cz\/index.php?rest_route=\/wp\/v2\/pages\/270","targetHints":{"allow":["GET"]}}],"collection":[{"href":"https:\/\/www.shoc.cz\/index.php?rest_route=\/wp\/v2\/pages"}],"about":[{"href":"https:\/\/www.shoc.cz\/index.php?rest_route=\/wp\/v2\/types\/page"}],"author":[{"embeddable":true,"href":"https:\/\/www.shoc.cz\/index.php?rest_route=\/wp\/v2\/users\/3"}],"replies":[{"embeddable":true,"href":"https:\/\/www.shoc.cz\/index.php?rest_route=%2Fwp%2Fv2%2Fcomments&post=270"}],"version-history":[{"count":0,"href":"https:\/\/www.shoc.cz\/index.php?rest_route=\/wp\/v2\/pages\/270\/revisions"}],"up":[{"embeddable":true,"href":"https:\/\/www.shoc.cz\/index.php?rest_route=\/wp\/v2\/pages\/248"}],"wp:attachment":[{"href":"https:\/\/www.shoc.cz\/index.php?rest_route=%2Fwp%2Fv2%2Fmedia&parent=270"}],"curies":[{"name":"wp","href":"https:\/\/api.w.org\/{rel}","templated":true}]}}