{"id":274,"date":"2013-03-05T23:18:08","date_gmt":"2013-03-05T22:18:08","guid":{"rendered":"http:\/\/www.shoc.cz\/?page_id=274"},"modified":"2019-01-19T10:08:35","modified_gmt":"2019-01-19T09:08:35","slug":"2012-2","status":"publish","type":"page","link":"https:\/\/www.shoc.cz\/?page_id=274","title":{"rendered":"2012"},"content":{"rendered":"<h3>6. 1. 2012 &#8211; Zimn\u00ed posezen\u00ed SHOC Bohemia 2011\/2012<\/h3>\n<p>Tak jsme to op\u011bt \u0159\u00e1dn\u011b rozbalili ji\u017e v nov\u00e9m roce a z\u00e1bava nechyb\u011bla, taky u\u017e v\u00edme kdo r\u00e1d nos\u00ed r\u016f\u017eovou kabelku. U\u017e te\u010f se t\u011b\u0161\u00edm na dal\u0161\u00ed setk\u00e1n\u00ed.<br \/>\nJe\u0161t\u011b prezen\u010dka z\u00fa\u010dastn\u011bn\u00fdch: Fanda a Jani\u010dka, Jast, Bos\u00e1k a Ka\u010dka, J.Deer, Petr VF a V\u011brka, Marty a Zuzka, Pepe, Sally a Zlatka, Gorky, M\u00edla Pohl, M\u00edra a Mon\u010da.<br \/>\nngg_shortcode_0_placeholder<\/p>\n<h3>20. 1. 2012 &#8211; Pov\u00e1no\u010dn\u00ed posezen\u00ed Z\u00e1padu<\/h3>\n<p>Jak je ji\u017e tradic\u00ed, ani na z\u00e1pad\u011b nez\u016fstali pozadu a op\u011bt usedli ku d\u0159ev\u011bn\u00e9mu stolu. Jako podpora p\u0159ijela \u010d\u00e1st St\u0159edu s Honzou C, kter\u00fd zde ozn\u00e1mil sv\u016fj odchod z funkce kapit\u00e1na a z klubu SHOC, z d\u016fvodu zm\u011bny stroje. Z\u00e1bava pokra\u010dovala do doby n\u011b\u017e n\u00e1s vyst\u011bhovali z restaurace a ani po M\u00e1rtyho nal\u00e9h\u00e1n\u00ed tam nez\u016fstali d\u00e9le. D\u011bkuji v\u0161em za supr ve\u010der.<br \/>\n\u00da\u010dastn\u00edci: T\u00fd\u0161a s A\u0165kou, Petr s Lenkou, Franti\u0161ek s Luckou, Milan s V\u011brou, Vl\u00e1\u010fa, Honza C, \u010cu\u0148as s man\u017eelkou, M\u00e1rty se Zuzkou, Bos\u00e1k, Fanda a Jani\u010dka, Va\u0161ek a Gorky<br \/>\nngg_shortcode_1_placeholder<\/p>\n<h3>4. 2. 2012 &#8211; Zimn\u00ed posezen\u00ed SHOC Bohemia 2011\/2012<\/h3>\n<p>Z\u00e1bava byla op\u011bt v\u00fdborn\u00e1, pokecali jsme, n\u011bco popili a perfektn\u011b jsme se pobavili.<br \/>\nngg_shortcode_2_placeholder<\/p>\n<h3>25. 2. 2012 &#8211; Pivn\u00ed radov\u00e1nky SEVERu<\/h3>\n<p>Tradi\u010dn\u00ed posezen\u00ed severu. Krom\u011b sever\u00e1k\u016f se p\u0159ijeli pod\u00edvat st\u0159e\u010f\u00e1ci. Vl\u00e1dla prima z\u00e1bava, zapili jsme Hammerova mal\u00e9ho, probrali z\u00e1le\u017eitosti okolo klubu a skv\u011ble se pobavili.<br \/>\nPrezen\u010dka : Martin.S, Hammer, Johny, Fanda + Jani\u010dka, M\u00e1rty + Zuzka, Jerry + Hanka, Petr.VF + V\u011brka<br \/>\nngg_shortcode_3_placeholder<\/p>\n<h3>2. 3. 2012 &#8211; Zimn\u00ed posezen\u00ed SHOC Bohemia 2011\/2012<\/h3>\n<p>Prob\u011bhlo posledn\u00ed &#8222;skorojarn\u00ed&#8220; posezen\u00ed st\u0159edu. \u00da\u010dast byla hojn\u00e1, jeliko\u017e st\u0159ed m\u011bl &#8222;sch\u016fzi&#8220;. Probrali jsme v\u011bci okolo klubu, srazy v roce 2012 a dal\u0161\u00ed d\u016fle\u017eit\u00e9 v\u011bci&#8230;<br \/>\nPrezen\u010dka : Fanda + Jani\u010dka, \u010cu\u0148as + \u010cu\u0148aska, NX Petr + Lenka, Sup + Supice, Gorky, Jast, John Dear, Bos\u00e1k, Jerry + Hanka, Pepe, B\u00f3\u017ea, M\u00edla Pohl, M\u00edra, Petr.VF + V\u011brka, Milan + V\u011brka, M\u00e1rty, Peters&#8230;<br \/>\nngg_shortcode_4_placeholder<\/p>\n<h3>9. 3. 2012 &#8211; V\u00fdstava Motocykl, tetovac\u00ed sal\u00f3n a Modr\u00e1 vopice<\/h3>\n<p>Bylo to super.<br \/>\nBylo to sp\u00ed\u0161 o lidech, proto\u017ee v\u00fdstava byla zase o n\u011bco chud\u0161\u00ed. Vstupn\u00e9 bylo jen 100,- tak\u017ee to zas a\u017e tak nemrz\u00ed. Na v\u00fdstav\u011b s n\u00e1mi byli Fanda s Jani\u010dkou, Jerry, Martin_S, B\u00f3\u017ea, Gorky a Bos\u00e1k s &#8222;rodinkou&#8220;.<br \/>\nPak jsme to vzali p\u0159es tetovc\u00ed salon do Modr\u00e9 Vopice, kde jsme n\u011bco popili a zd\u00e1rn\u011b h\u00e1jili barvy klubu. Tam u\u017e s n\u00e1mi bohu\u017eel nebyl Gorky s B\u00f3\u017eou, ale p\u0159idala se Jani\u010dka, Thana a M\u00edra s Monikou.<br \/>\nAut\u00ed\u010dka byly super, jen se v na\u0161ich rukou (pravd\u011bpodobn\u011b vlivem po\u017eit\u00ed nadm\u011brn\u00e9ho mno\u017estv\u00ed alkoholu) b\u011bhem 5 minut prom\u011bnily v hrom\u00e1dku nepojizdneho \u0161rotu, t\u00edm v\u0161e skon\u010dilo \ud83d\ude42<br \/>\nngg_shortcode_5_placeholder<\/p>\n<h3>10. 3. 2012 &#8211; Motosalon 2012<\/h3>\n<p>Vzhledem k mal\u00e9 \u00fa\u010dasti Jerry autobus zru\u0161il, ale nakonec jsme jeli Transport\u00e9rem Martyho, za co\u017e mu VELMI D\u011aKUJEME.<br \/>\nV\u00fdstava se n\u00e1m l\u00edbila, jedin\u00e9 co bylo na nic, tak to bylo moc lid\u00ed na mal\u00e9m prostoru. Jako perli\u010dku mohu d\u00e1t, \u017ee cca 0,5 km od domova n\u00e1s zastavili doprav\u00e1ci a j\u00e1 musel foukat do trubi\u010dky od Dr\u00e4geru, samoz\u0159ejm\u011b s v\u00fdsledkem 0,00, i kdy\u017e jsem se divil, jak na m\u011b ostatn\u00ed d\u00fdchali. Na\u0161t\u011bst\u00ed se Jani\u010dka b\u00e1la fotit!!!!<br \/>\nngg_shortcode_6_placeholder<\/p>\n","protected":false},"excerpt":{"rendered":"<p>6. 1. 2012 &#8211; Zimn\u00ed posezen\u00ed SHOC Bohemia 2011\/2012 Tak jsme to op\u011bt \u0159\u00e1dn\u011b rozbalili ji\u017e v nov\u00e9m roce a z\u00e1bava nechyb\u011bla, taky u\u017e v\u00edme kdo r\u00e1d nos\u00ed r\u016f\u017eovou kabelku. U\u017e te\u010f se t\u011b\u0161\u00edm na dal\u0161\u00ed setk\u00e1n\u00ed. Je\u0161t\u011b prezen\u010dka z\u00fa\u010dastn\u011bn\u00fdch: Fanda a Jani\u010dka, Jast, Bos\u00e1k a Ka\u010dka, J.Deer, Petr VF a V\u011brka, Marty a Zuzka, Pepe, Sally a Zlatka, Gorky, M\u00edla Pohl, M\u00edra a Mon\u010da. 20. 1. 2012 &#8211; Pov\u00e1no\u010dn\u00ed posezen\u00ed Z\u00e1padu Jak je ji\u017e tradic\u00ed, ani na z\u00e1pad\u011b nez\u016fstali pozadu a op\u011bt usedli ku d\u0159ev\u011bn\u00e9mu stolu. Jako podpora p\u0159ijela \u010d\u00e1st St\u0159edu s Honzou C, kter\u00fd zde ozn\u00e1mil sv\u016fj odchod \u2026 <a class=\"continue-reading-link\" href=\"https:\/\/www.shoc.cz\/?page_id=274\">\u010c\u00edst d\u00e1le&#8230; <span class=\"meta-nav\">&rarr; <\/span><\/a><\/p>\n","protected":false},"author":3,"featured_media":0,"parent":248,"menu_order":6,"comment_status":"closed","ping_status":"closed","template":"","meta":{"ngg_post_thumbnail":0,"jetpack_post_was_ever_published":false,"footnotes":""},"class_list":["post-274","page","type-page","status-publish","hentry"],"jetpack_shortlink":"https:\/\/wp.me\/P28ZiM-4q","jetpack_sharing_enabled":true,"_links":{"self":[{"href":"https:\/\/www.shoc.cz\/index.php?rest_route=\/wp\/v2\/pages\/274","targetHints":{"allow":["GET"]}}],"collection":[{"href":"https:\/\/www.shoc.cz\/index.php?rest_route=\/wp\/v2\/pages"}],"about":[{"href":"https:\/\/www.shoc.cz\/index.php?rest_route=\/wp\/v2\/types\/page"}],"author":[{"embeddable":true,"href":"https:\/\/www.shoc.cz\/index.php?rest_route=\/wp\/v2\/users\/3"}],"replies":[{"embeddable":true,"href":"https:\/\/www.shoc.cz\/index.php?rest_route=%2Fwp%2Fv2%2Fcomments&post=274"}],"version-history":[{"count":0,"href":"https:\/\/www.shoc.cz\/index.php?rest_route=\/wp\/v2\/pages\/274\/revisions"}],"up":[{"embeddable":true,"href":"https:\/\/www.shoc.cz\/index.php?rest_route=\/wp\/v2\/pages\/248"}],"wp:attachment":[{"href":"https:\/\/www.shoc.cz\/index.php?rest_route=%2Fwp%2Fv2%2Fmedia&parent=274"}],"curies":[{"name":"wp","href":"https:\/\/api.w.org\/{rel}","templated":true}]}}