{"id":753,"date":"2014-02-08T22:25:23","date_gmt":"2014-02-08T21:25:23","guid":{"rendered":"http:\/\/www.shoc.cz\/?page_id=753"},"modified":"2019-01-19T10:08:18","modified_gmt":"2019-01-19T09:08:18","slug":"2014-2","status":"publish","type":"page","link":"https:\/\/www.shoc.cz\/?page_id=753","title":{"rendered":"2014"},"content":{"rendered":"<h3>Pod\u011bbrady 2014<\/h3>\n<p>Jako ka\u017ed\u00fd rok, konalo se Otv\u00edr\u00e1n\u00ed motork\u00e1\u0159sk\u00e9 sezony roku 2014. Tradi\u010dn\u00ed setk\u00e1n\u00ed motork\u00e1\u0159\u016f v \u00a0Pod\u011bbradech. Po\u010das\u00ed bohu\u017eel od r\u00e1na stra\u0161ilo, \u017ee bude pr\u0161et a tak to byla s\u00e1zka do loterie. Sraz SHOC byl u benz\u00ednky v\u00a0Horn\u00edch Po\u010dernic\u00edch. Tentokr\u00e1t se tam se\u0161lo n\u011bkolik motork\u00e1\u0159sk\u00fdch part, tak\u017ee na parkovi\u0161ti bylo dost narv\u00e1no. A bylo i dost vid\u011bt, nejen motorky, hlavn\u011b americk\u00e9 Victory, ale i \u201etrojkolka\u201c MORGAN 3 WHEELER, unik\u00e1tn\u00ed novodob\u00e1 replika s upraven\u00fdm motorem HD.\u00a0Na\u0161e kolona vyjela sm\u011brem na Ben\u00e1tky nad Jizerou, kde byla men\u0161\u00ed okru\u017en\u00ed j\u00edzda po n\u00e1m\u011bst\u00ed.<br \/>\nPak ji\u017e po okresk\u00e1ch sm\u011br Pod\u011bbrady. Cestou jsme ji\u017e potk\u00e1vali vracej\u00edc\u00ed se motorky a tak byla nad\u011bje, \u017ee n\u011bkde slu\u0161n\u011b zaparkujeme. Povedlo se, d\u00edky Jerrymu, kter\u00fd to nap\u00e1lil do parku, kde bylo na cesti\u010dce naprosto volno a tak jsme mohli v\u0161ichni pohodln\u011b zaparkovat.<br \/>\nNa promen\u00e1d\u011b bylo k\u00a0vid\u011bn\u00ed mnoho stroj\u016f HD a na n\u00e1m\u011bst\u00ed i jin\u00e9 zaj\u00edmav\u00e9 zna\u010dky, v\u010detn\u011b Homemade\u00a0(JAWA ala Chopper)<br \/>\nPo tradi\u010dn\u00ed klob\u00e1se se na\u0161e parta za\u010dala rozpadat, n\u011bkdo jel dom\u016f a n\u011bkdo na rovnou na dal\u0161\u00ed akci na\u0161eho klubu.<br \/>\nD\u011bkujeme\u00a0 tomu naho\u0159e za po\u010das\u00ed , nejen \u017ee jsme nezmokli, ale i v\u0161ichni dorazili do c\u00edle v\u00a0pohod\u011b a bez nehod.<br \/>\nOtev\u0159en\u00ed sezony se POVEDLO.<br \/>\n<a title=\"Pod\u011bbrady 2014\" href=\"http:\/\/www.shoc.cz\/?page_id=718&amp;album=podebrady2014&amp;gallery=podebrady-2014\">FOTO<\/a><\/p>\n","protected":false},"excerpt":{"rendered":"<p>Pod\u011bbrady 2014 Jako ka\u017ed\u00fd rok, konalo se Otv\u00edr\u00e1n\u00ed motork\u00e1\u0159sk\u00e9 sezony roku 2014. Tradi\u010dn\u00ed setk\u00e1n\u00ed motork\u00e1\u0159\u016f v \u00a0Pod\u011bbradech. Po\u010das\u00ed bohu\u017eel od r\u00e1na stra\u0161ilo, \u017ee bude pr\u0161et a tak to byla s\u00e1zka do loterie. Sraz SHOC byl u benz\u00ednky v\u00a0Horn\u00edch Po\u010dernic\u00edch. Tentokr\u00e1t se tam se\u0161lo n\u011bkolik motork\u00e1\u0159sk\u00fdch part, tak\u017ee na parkovi\u0161ti bylo dost narv\u00e1no. A bylo i dost vid\u011bt, nejen motorky, hlavn\u011b americk\u00e9 Victory, ale i \u201etrojkolka\u201c MORGAN 3 WHEELER, unik\u00e1tn\u00ed novodob\u00e1 replika s upraven\u00fdm motorem HD.\u00a0Na\u0161e kolona vyjela sm\u011brem na Ben\u00e1tky nad Jizerou, kde byla men\u0161\u00ed okru\u017en\u00ed j\u00edzda po n\u00e1m\u011bst\u00ed. Pak ji\u017e po okresk\u00e1ch sm\u011br Pod\u011bbrady. Cestou jsme ji\u017e potk\u00e1vali vracej\u00edc\u00ed \u2026 <a class=\"continue-reading-link\" href=\"https:\/\/www.shoc.cz\/?page_id=753\">\u010c\u00edst d\u00e1le&#8230; <span class=\"meta-nav\">&rarr; <\/span><\/a><\/p>\n","protected":false},"author":3,"featured_media":0,"parent":248,"menu_order":8,"comment_status":"closed","ping_status":"closed","template":"","meta":{"ngg_post_thumbnail":0,"jetpack_post_was_ever_published":false,"footnotes":""},"class_list":["post-753","page","type-page","status-publish","hentry"],"jetpack_shortlink":"https:\/\/wp.me\/P28ZiM-c9","jetpack_sharing_enabled":false,"_links":{"self":[{"href":"https:\/\/www.shoc.cz\/index.php?rest_route=\/wp\/v2\/pages\/753","targetHints":{"allow":["GET"]}}],"collection":[{"href":"https:\/\/www.shoc.cz\/index.php?rest_route=\/wp\/v2\/pages"}],"about":[{"href":"https:\/\/www.shoc.cz\/index.php?rest_route=\/wp\/v2\/types\/page"}],"author":[{"embeddable":true,"href":"https:\/\/www.shoc.cz\/index.php?rest_route=\/wp\/v2\/users\/3"}],"replies":[{"embeddable":true,"href":"https:\/\/www.shoc.cz\/index.php?rest_route=%2Fwp%2Fv2%2Fcomments&post=753"}],"version-history":[{"count":0,"href":"https:\/\/www.shoc.cz\/index.php?rest_route=\/wp\/v2\/pages\/753\/revisions"}],"up":[{"embeddable":true,"href":"https:\/\/www.shoc.cz\/index.php?rest_route=\/wp\/v2\/pages\/248"}],"wp:attachment":[{"href":"https:\/\/www.shoc.cz\/index.php?rest_route=%2Fwp%2Fv2%2Fmedia&parent=753"}],"curies":[{"name":"wp","href":"https:\/\/api.w.org\/{rel}","templated":true}]}}